{"id":230877,"date":"2025-03-22T14:18:20","date_gmt":"2025-03-22T14:18:20","guid":{"rendered":"https:\/\/aromasentia.com\/product\/box-for-6-10ml-essential-oil-bottles-black\/"},"modified":"2025-06-28T21:35:07","modified_gmt":"2025-06-28T21:35:07","slug":"schachtel-fuer-6-flaschen-mit-10ml-aetherischem-oel-schwarz","status":"publish","type":"product","link":"https:\/\/aromasentia.com\/de\/schachtel-fuer-6-flaschen-mit-10ml-aetherischem-oel-schwarz\/","title":{"rendered":"Schachtel f\u00fcr 6 Flaschen mit 10ml \u00e4therischem \u00d6l &#8211; Schwarz"},"content":{"rendered":"<p>Size of the box: Lenght 14.5cm, Width 2.5cm, Height: 6.5cm <\/p>\n","protected":false},"excerpt":{"rendered":"<p>Size of the box: Lenght 14.5cm, Width 2.5cm, Height: 6.5cm<\/p>\n","protected":false},"featured_media":353195,"comment_status":"closed","ping_status":"open","template":"","meta":[],"product_brand":[],"product_cat":[14142,18518],"product_tag":[],"class_list":{"0":"post-230877","1":"product","2":"type-product","3":"status-publish","4":"has-post-thumbnail","6":"product_cat-geschenkverpackung","7":"product_cat-papier-jute-und-baumwolltaschen","8":"pa_made-in-china","9":"pa_size-10ml","11":"first","12":"instock","13":"purchasable","14":"product-type-simple"},"supplier_id":null,"supplier_sku":"APBox-12","barcode":null,"atum_controlled":true,"out_stock_date":null,"out_stock_threshold":null,"inheritable":false,"inbound_stock":null,"stock_on_hold":0,"sold_today":0,"sales_last_days":0,"reserved_stock":null,"customer_returns":null,"warehouse_damage":null,"lost_in_post":null,"other_logs":null,"out_stock_days":0,"lost_sales":0,"has_location":null,"update_date":"2026-01-27T14:21:12","atum_locations":[],"atum_stock_status":"instock","restock_status":false,"low_stock_amount":"","sales_update_date":"2026-01-20T05:13:10","calc_backorders":null,"_links":{"self":[{"href":"https:\/\/aromasentia.com\/de\/wp-json\/wp\/v2\/product\/230877","targetHints":{"allow":["GET"]}}],"collection":[{"href":"https:\/\/aromasentia.com\/de\/wp-json\/wp\/v2\/product"}],"about":[{"href":"https:\/\/aromasentia.com\/de\/wp-json\/wp\/v2\/types\/product"}],"replies":[{"embeddable":true,"href":"https:\/\/aromasentia.com\/de\/wp-json\/wp\/v2\/comments?post=230877"}],"version-history":[{"count":0,"href":"https:\/\/aromasentia.com\/de\/wp-json\/wp\/v2\/product\/230877\/revisions"}],"wp:featuredmedia":[{"embeddable":true,"href":"https:\/\/aromasentia.com\/de\/wp-json\/wp\/v2\/media\/353195"}],"wp:attachment":[{"href":"https:\/\/aromasentia.com\/de\/wp-json\/wp\/v2\/media?parent=230877"}],"wp:term":[{"taxonomy":"product_brand","embeddable":true,"href":"https:\/\/aromasentia.com\/de\/wp-json\/wp\/v2\/product_brand?post=230877"},{"taxonomy":"product_cat","embeddable":true,"href":"https:\/\/aromasentia.com\/de\/wp-json\/wp\/v2\/product_cat?post=230877"},{"taxonomy":"product_tag","embeddable":true,"href":"https:\/\/aromasentia.com\/de\/wp-json\/wp\/v2\/product_tag?post=230877"}],"curies":[{"name":"wp","href":"https:\/\/api.w.org\/{rel}","templated":true}]}}