{"id":230817,"date":"2025-03-22T14:18:20","date_gmt":"2025-03-22T14:18:20","guid":{"rendered":"https:\/\/aromasentia.com\/product\/aluminium-bottle-260ml\/"},"modified":"2025-12-30T20:04:49","modified_gmt":"2025-12-30T20:04:49","slug":"aluminiumflasche-260ml","status":"publish","type":"product","link":"https:\/\/aromasentia.com\/de\/aluminiumflasche-260ml\/","title":{"rendered":"Aluminiumflasche 260ml"},"content":{"rendered":"<p><strong>Die Aroma Sentia-ping Aluminiumflasche 260 ml<\/strong> ist eine \u00e4u\u00dferst stilvolle Flasche, die sich f\u00fcr <strong>Kosmetika, L\u00f6sungsmittel, Bl\u00fctenwasser und \u00e4therische \u00d6le<\/strong><\/p>\n<p>Wenn Sie \u00e4therische \u00d6le aufbewahren m\u00f6chten, sind die Aluminiumflaschen die beste L\u00f6sung, da sie lichtundurchl\u00e4ssig sind und den \u00d6len den n\u00f6tigen Schutz vor vor\u00fcbergehenden Temperaturschwankungen sowie hervorragenden Schutz vor Besch\u00e4digungen, Leichtigkeit und eine auff\u00e4llige Pr\u00e4sentation bieten.<\/p>\n<p><strong>Diese Aluminiumflaschen werden mit einem St\u00f6psel-Ausziehring und wei\u00dfen Schraubverschl\u00fcssen geliefert.<\/strong> Um Ihrem Produkt das gewisse Extra zu verleihen, sind Aluminiumflaschen in drei Gr\u00f6\u00dfen erh\u00e4ltlich.<\/p>\n","protected":false},"excerpt":{"rendered":"<p>Die Aroma Sentia-ping Aluminiumflasche 260 ml ist eine \u00e4u\u00dferst stilvolle Flasche, die sich f\u00fcr Kosmetika, L\u00f6sungsmittel, Bl\u00fctenwasser und \u00e4therische \u00d6le Wenn Sie \u00e4therische \u00d6le aufbewahren m\u00f6chten, sind die Aluminiumflaschen die beste L\u00f6sung, da sie lichtundurchl\u00e4ssig sind und den \u00d6len den n\u00f6tigen Schutz vor vor\u00fcbergehenden Temperaturschwankungen sowie hervorragenden Schutz vor Besch\u00e4digungen, Leichtigkeit und eine auff\u00e4llige Pr\u00e4sentation [&hellip;]<\/p>\n","protected":false},"featured_media":352660,"comment_status":"closed","ping_status":"open","template":"","meta":{"_angie_page":false},"product_brand":[],"product_cat":[16543,16455,14142,18574],"product_tag":[],"class_list":{"0":"post-230817","1":"product","2":"type-product","3":"status-publish","4":"has-post-thumbnail","6":"product_cat-aromaflaschen-und-zubehor","7":"product_cat-aromatherapie-und-raumdufte","8":"product_cat-geschenkverpackung","9":"product_cat-produkte-ohne-etikett","10":"pa_collection-aluminum-bottles-de","11":"pa_made-in-china","13":"first","14":"instock","15":"purchasable","16":"product-type-simple"},"supplier_id":null,"supplier_sku":"ABot-01","barcode":null,"atum_controlled":true,"out_stock_date":null,"out_stock_threshold":null,"inheritable":false,"inbound_stock":null,"stock_on_hold":0,"sold_today":0,"sales_last_days":0,"reserved_stock":null,"customer_returns":null,"warehouse_damage":null,"lost_in_post":null,"other_logs":null,"out_stock_days":0,"lost_sales":0,"has_location":null,"update_date":"2026-04-27T06:48:53","atum_locations":[],"atum_stock_status":"instock","restock_status":false,"low_stock_amount":"","sales_update_date":"2026-01-30T01:25:22","calc_backorders":null,"_links":{"self":[{"href":"https:\/\/aromasentia.com\/de\/wp-json\/wp\/v2\/product\/230817","targetHints":{"allow":["GET"]}}],"collection":[{"href":"https:\/\/aromasentia.com\/de\/wp-json\/wp\/v2\/product"}],"about":[{"href":"https:\/\/aromasentia.com\/de\/wp-json\/wp\/v2\/types\/product"}],"replies":[{"embeddable":true,"href":"https:\/\/aromasentia.com\/de\/wp-json\/wp\/v2\/comments?post=230817"}],"version-history":[{"count":0,"href":"https:\/\/aromasentia.com\/de\/wp-json\/wp\/v2\/product\/230817\/revisions"}],"wp:featuredmedia":[{"embeddable":true,"href":"https:\/\/aromasentia.com\/de\/wp-json\/wp\/v2\/media\/352660"}],"wp:attachment":[{"href":"https:\/\/aromasentia.com\/de\/wp-json\/wp\/v2\/media?parent=230817"}],"wp:term":[{"taxonomy":"product_brand","embeddable":true,"href":"https:\/\/aromasentia.com\/de\/wp-json\/wp\/v2\/product_brand?post=230817"},{"taxonomy":"product_cat","embeddable":true,"href":"https:\/\/aromasentia.com\/de\/wp-json\/wp\/v2\/product_cat?post=230817"},{"taxonomy":"product_tag","embeddable":true,"href":"https:\/\/aromasentia.com\/de\/wp-json\/wp\/v2\/product_tag?post=230817"}],"curies":[{"name":"wp","href":"https:\/\/api.w.org\/{rel}","templated":true}]}}