{"id":230813,"date":"2025-03-22T14:18:27","date_gmt":"2025-03-22T14:18:27","guid":{"rendered":"https:\/\/aromasentia.com\/product\/100-natural-gift-bag-three-jars\/"},"modified":"2025-12-30T20:04:49","modified_gmt":"2025-12-30T20:04:49","slug":"100-natural-gift-bag-three-jars","status":"publish","type":"product","link":"https:\/\/aromasentia.com\/de\/100-natural-gift-bag-three-jars\/","title":{"rendered":"100% Natural Gift Bag &#8211; Three Jars"},"content":{"rendered":"<p>Verbessern Sie das Aussehen Ihrer Geschenke mit diesen <strong>Aroma Sentia-ping<\/strong><strong>100 % nat\u00fcrlichen Geschenkt\u00fcten &#8211; Drei Gl\u00e4ser<\/strong><\/p>\n<p>Mit runden Rohrgriffen, einem gr\u00fcnen Rand als Farbtupfer und zwei transparenten Fenstern vermitteln diese Taschen ein sch\u00f6nes, heimeliges Gef\u00fchl und bringen Ihre Geschenke zur Geltung.<\/p>\n<p>Diese schlichten und eleganten Geschenkt\u00fcten aus Jute sind umweltfreundlich, da sie wiederverwendbar und recycelbar sind. Sie eignen sich daher perfekt, wenn Sie Ihre Verpackung so umweltfreundlich wie m\u00f6glich gestalten und Ihren Kunden gleichzeitig eine beeindruckende und robuste Geschenkt\u00fcte bieten m\u00f6chten.<\/p>\n<p><strong>Sie eignen sich hervorragend zum Verpacken kleiner Gegenst\u00e4nde wie Badekugeln, Kerzen, Marmeladengl\u00e4ser usw. und k\u00f6nnen f\u00fcr fast jeden Anlass verwendet werden. Ob Geburtstag, Hochzeit oder Weihnachten, diese Jutetaschen erf\u00fcllen ihren Zweck.<\/strong><\/p>\n<p>Jutetaschen sehen nicht nur nat\u00fcrlich und elegant aus, sondern sind auch \u00e4u\u00dferst praktisch f\u00fcr Ihre Kunden. Es ist ein leichtes, aber robustes Material, das sich perfekt zum Tragen eignet. Schlie\u00dflich m\u00f6chte niemand, dass ihm beim Einkaufen eine Plastikt\u00fcte rei\u00dft.<\/p>\n<p>Au\u00dferdem ist es auch gut f\u00fcr die Umwelt.<\/p>\n<p><strong>Erweitern Sie noch heute Ihr Produktportfolio und holen Sie sich diese rundum tollen Geschenkt\u00fcten in Ihren Online-Shop.<\/strong><\/p>\n","protected":false},"excerpt":{"rendered":"<p>Verbessern Sie das Aussehen Ihrer Geschenke mit diesen Aroma Sentia-ping100 % nat\u00fcrlichen Geschenkt\u00fcten &#8211; Drei Gl\u00e4ser Mit runden Rohrgriffen, einem gr\u00fcnen Rand als Farbtupfer und zwei transparenten Fenstern vermitteln diese Taschen ein sch\u00f6nes, heimeliges Gef\u00fchl und bringen Ihre Geschenke zur Geltung. Diese schlichten und eleganten Geschenkt\u00fcten aus Jute sind umweltfreundlich, da sie wiederverwendbar und recycelbar [&hellip;]<\/p>\n","protected":false},"featured_media":354886,"comment_status":"closed","ping_status":"open","template":"","meta":{"_angie_page":false},"product_brand":[],"product_cat":[14142,18518],"product_tag":[],"class_list":{"0":"post-230813","1":"product","2":"type-product","3":"status-publish","4":"has-post-thumbnail","6":"product_cat-geschenkverpackung","7":"product_cat-papier-jute-und-baumwolltaschen","8":"pa_made-in-indien","10":"first","11":"instock","12":"purchasable","13":"product-type-simple"},"supplier_id":null,"supplier_sku":"JGBag-15","barcode":null,"atum_controlled":true,"out_stock_date":null,"out_stock_threshold":null,"inheritable":false,"inbound_stock":null,"stock_on_hold":0,"sold_today":0,"sales_last_days":0,"reserved_stock":null,"customer_returns":null,"warehouse_damage":null,"lost_in_post":null,"other_logs":null,"out_stock_days":0,"lost_sales":0,"has_location":null,"update_date":"2026-04-27T07:10:05","atum_locations":[],"atum_stock_status":"instock","restock_status":false,"low_stock_amount":"","sales_update_date":"2025-09-05T00:27:28","calc_backorders":null,"_links":{"self":[{"href":"https:\/\/aromasentia.com\/de\/wp-json\/wp\/v2\/product\/230813","targetHints":{"allow":["GET"]}}],"collection":[{"href":"https:\/\/aromasentia.com\/de\/wp-json\/wp\/v2\/product"}],"about":[{"href":"https:\/\/aromasentia.com\/de\/wp-json\/wp\/v2\/types\/product"}],"replies":[{"embeddable":true,"href":"https:\/\/aromasentia.com\/de\/wp-json\/wp\/v2\/comments?post=230813"}],"version-history":[{"count":0,"href":"https:\/\/aromasentia.com\/de\/wp-json\/wp\/v2\/product\/230813\/revisions"}],"wp:featuredmedia":[{"embeddable":true,"href":"https:\/\/aromasentia.com\/de\/wp-json\/wp\/v2\/media\/354886"}],"wp:attachment":[{"href":"https:\/\/aromasentia.com\/de\/wp-json\/wp\/v2\/media?parent=230813"}],"wp:term":[{"taxonomy":"product_brand","embeddable":true,"href":"https:\/\/aromasentia.com\/de\/wp-json\/wp\/v2\/product_brand?post=230813"},{"taxonomy":"product_cat","embeddable":true,"href":"https:\/\/aromasentia.com\/de\/wp-json\/wp\/v2\/product_cat?post=230813"},{"taxonomy":"product_tag","embeddable":true,"href":"https:\/\/aromasentia.com\/de\/wp-json\/wp\/v2\/product_tag?post=230813"}],"curies":[{"name":"wp","href":"https:\/\/api.w.org\/{rel}","templated":true}]}}