{"id":230801,"date":"2025-03-22T14:18:27","date_gmt":"2025-03-22T14:18:27","guid":{"rendered":"https:\/\/aromasentia.com\/product\/jam-jar-six-sides-lid\/"},"modified":"2025-12-30T20:04:49","modified_gmt":"2025-12-30T20:04:49","slug":"jam-jar-six-sides-lid","status":"publish","type":"product","link":"https:\/\/aromasentia.com\/de\/jam-jar-six-sides-lid\/","title":{"rendered":"Jam Jar &#8211; Six Sides &#038; Lid"},"content":{"rendered":"<p><span style=\"color: rgb(75, 80, 88);\">Diese <strong>Marmeladengl\u00e4ser \u2013 sechs Seiten und Deckel<\/strong> sind ein unverzichtbarer Artikel f\u00fcr Caf\u00e9s, Restaurants und Kunsthandwerksl\u00e4den.&nbsp;<\/span><\/p>\n<p><span style=\"color: rgb(75, 80, 88);\">Diese Gl\u00e4ser k\u00f6nnen auf viele verschiedene Arten verwendet werden, z. B. als Tischdekoration, als Verkaufsdisplay f\u00fcr den Verkauf von Sch\u00fcttg\u00fctern oder sogar zum Eingie\u00dfen von Milch beim Tee.<\/span><\/p>\n<p><span style=\"color: rgb(75, 80, 88);\">Jedes Glas wird mit einem silbernen Drehdeckel geliefert, um alle leckeren Aromen Ihrer Kunden einzuschlie\u00dfen. &nbsp;Sie haben die perfekte Gr\u00f6\u00dfe f\u00fcr Proben, zur Aufbewahrung in der K\u00fcche, als Hochzeitsgeschenk, f\u00fcr G\u00e4ste und Geschenke.&nbsp;<\/span><\/p>\n<p><span style=\"color: rgb(75, 80, 88);\">Sie k\u00f6nnen diesen Gl\u00e4sern mit AW-Etiketten auch Ihre pers\u00f6nliche Note verleihen. &nbsp;Vielleicht suchen Sie nach anderen Flaschen oder Verpackungen. In diesem Fall k\u00f6nnen Sie unsere <a href=\"https:\/\/aromasentia.com\/packing\"><strong>Geschenkverpackung und -pr\u00e4sentation<\/strong><\/a><strong>&nbsp;&nbsp;<\/strong><\/span><\/p>\n<ul style=\"padding: 0px; color: rgb(114, 114, 114); font-style: normal; font-variant-ligatures: normal; font-variant-caps: normal; font-weight: 400; letter-spacing: normal; orphans: 2; text-align: start; text-indent: 0px; text-transform: none; white-space: normal; widows: 2; word-spacing: 0px; -webkit-text-stroke-width: 0px; text-decoration-thickness: initial; text-decoration-style: initial; text-decoration-color: initial; font-size: 16px; background-color: rgb(255, 255, 255);\">\n<li><span style=\"color: rgb(75, 80, 88);\"><strong>150 ml Fassungsverm\u00f6gen<\/strong><\/span><\/li>\n<li><span style=\"color: rgb(75, 80, 88);\"><strong>Mit goldenen Twist-Off-Deckeln<\/strong><\/span><\/li>\n<li><span style=\"color: rgb(75, 80, 88);\"><strong>Nicht mikrowellengeeignet<\/strong><\/span><\/li>\n<li>\n<p><span style=\"color: rgb(75, 80, 88);\"><strong>H: 8 cm, B: 7 cm, Gewicht: 115 g &nbsp;<\/strong>&nbsp; &nbsp; &nbsp; &nbsp; &nbsp; &nbsp; &nbsp; &nbsp; &nbsp; &nbsp; &nbsp; &nbsp; &nbsp; &nbsp; &nbsp; &nbsp; &nbsp; &nbsp; &nbsp; &nbsp; &nbsp; &nbsp; &nbsp; &nbsp; &nbsp; &nbsp; &nbsp; &nbsp; &nbsp; &nbsp; &nbsp; &nbsp; &nbsp; &nbsp; &nbsp; &nbsp; &nbsp; &nbsp; &nbsp; &nbsp; &nbsp; &nbsp; &nbsp; &nbsp; &nbsp; &nbsp; &nbsp; &nbsp; &nbsp; &nbsp; &nbsp; &nbsp; &nbsp; &nbsp; &nbsp; &nbsp; &nbsp; &nbsp; &nbsp; &nbsp; &nbsp; &nbsp; &nbsp; &nbsp; &nbsp; &nbsp; &nbsp; &nbsp; &nbsp; &nbsp; &nbsp; &nbsp; &nbsp; &nbsp; &nbsp; &nbsp; &nbsp; &nbsp; &nbsp; &nbsp; &nbsp; &nbsp; &nbsp; &nbsp; &nbsp; &nbsp; &nbsp; &nbsp; &nbsp; &nbsp; &nbsp; &nbsp; &nbsp; NB: Nicht f\u00fcr sehr hohe oder sehr niedrige Temperaturen geeignet. Nicht zum Konservieren oder Sterilisieren geeignet. <strong>&nbsp; &nbsp; &nbsp; &#8230;<\/p>\n","protected":false},"excerpt":{"rendered":"<p>Diese Marmeladengl\u00e4ser \u2013 sechs Seiten und Deckel sind ein unverzichtbarer Artikel f\u00fcr Caf\u00e9s, Restaurants und Kunsthandwerksl\u00e4den.&nbsp; Diese Gl\u00e4ser k\u00f6nnen auf viele verschiedene Arten verwendet werden, z. B. als Tischdekoration, als Verkaufsdisplay f\u00fcr den Verkauf von Sch\u00fcttg\u00fctern oder sogar zum Eingie\u00dfen von Milch beim Tee. Jedes Glas wird mit einem silbernen Drehdeckel geliefert, um alle leckeren [&hellip;]<\/p>\n","protected":false},"featured_media":354843,"comment_status":"closed","ping_status":"open","template":"","meta":{"_angie_page":false},"product_brand":[],"product_cat":[14142,18574],"product_tag":[],"class_list":{"0":"post-230801","1":"product","2":"type-product","3":"status-publish","4":"has-post-thumbnail","6":"product_cat-geschenkverpackung","7":"product_cat-produkte-ohne-etikett","8":"pa_collection-glass-jars-de","9":"pa_made-in-china","11":"first","12":"instock","13":"purchasable","14":"product-type-simple"},"supplier_id":null,"supplier_sku":"Gjar-04","barcode":null,"atum_controlled":true,"out_stock_date":null,"out_stock_threshold":null,"inheritable":false,"inbound_stock":null,"stock_on_hold":0,"sold_today":0,"sales_last_days":0,"reserved_stock":null,"customer_returns":null,"warehouse_damage":null,"lost_in_post":null,"other_logs":null,"out_stock_days":0,"lost_sales":0,"has_location":null,"update_date":"2026-04-27T07:05:41","atum_locations":[],"atum_stock_status":"instock","restock_status":false,"low_stock_amount":"","sales_update_date":"2026-02-06T00:01:24","calc_backorders":null,"_links":{"self":[{"href":"https:\/\/aromasentia.com\/de\/wp-json\/wp\/v2\/product\/230801","targetHints":{"allow":["GET"]}}],"collection":[{"href":"https:\/\/aromasentia.com\/de\/wp-json\/wp\/v2\/product"}],"about":[{"href":"https:\/\/aromasentia.com\/de\/wp-json\/wp\/v2\/types\/product"}],"replies":[{"embeddable":true,"href":"https:\/\/aromasentia.com\/de\/wp-json\/wp\/v2\/comments?post=230801"}],"version-history":[{"count":0,"href":"https:\/\/aromasentia.com\/de\/wp-json\/wp\/v2\/product\/230801\/revisions"}],"wp:featuredmedia":[{"embeddable":true,"href":"https:\/\/aromasentia.com\/de\/wp-json\/wp\/v2\/media\/354843"}],"wp:attachment":[{"href":"https:\/\/aromasentia.com\/de\/wp-json\/wp\/v2\/media?parent=230801"}],"wp:term":[{"taxonomy":"product_brand","embeddable":true,"href":"https:\/\/aromasentia.com\/de\/wp-json\/wp\/v2\/product_brand?post=230801"},{"taxonomy":"product_cat","embeddable":true,"href":"https:\/\/aromasentia.com\/de\/wp-json\/wp\/v2\/product_cat?post=230801"},{"taxonomy":"product_tag","embeddable":true,"href":"https:\/\/aromasentia.com\/de\/wp-json\/wp\/v2\/product_tag?post=230801"}],"curies":[{"name":"wp","href":"https:\/\/api.w.org\/{rel}","templated":true}]}}