{"id":230781,"date":"2025-03-22T14:18:27","date_gmt":"2025-03-22T14:18:27","guid":{"rendered":"https:\/\/aromasentia.com\/product\/pipette-dropper-cap-for-30ml-bottle\/"},"modified":"2025-12-30T20:04:41","modified_gmt":"2025-12-30T20:04:41","slug":"pipette-dropper-cap-for-30ml-bottle","status":"publish","type":"product","link":"https:\/\/aromasentia.com\/de\/pipette-dropper-cap-for-30ml-bottle\/","title":{"rendered":"Pipette dropper cap for 30ml bottle"},"content":{"rendered":"<p><strong>Ancient Wisdom Black and glass straight tip <span style=\"color: rgb(243, 121, 52);\">Tamper Evident<\/span> pipette droppe<\/strong><strong>r.<\/strong> Kompatibel mit unserer 30ml Braunglasflasche ( <a href=\"https:\/\/aromasentia.com\/gbot-34\">GBot-34<\/a>)&ndash; Eine gro\u00dfartige M\u00f6glichkeit, Ihre Fl\u00fcssigkeiten sowohl sauber als auch genau zu dosieren.<\/p>\n","protected":false},"excerpt":{"rendered":"<p>Ancient Wisdom Black and glass straight tip Tamper Evident pipette dropper. Kompatibel mit unserer 30ml Braunglasflasche ( GBot-34)&ndash; Eine gro\u00dfartige M\u00f6glichkeit, Ihre Fl\u00fcssigkeiten sowohl sauber als auch genau zu dosieren.<\/p>\n","protected":false},"featured_media":354790,"comment_status":"closed","ping_status":"open","template":"","meta":{"_angie_page":false},"product_brand":[],"product_cat":[16543,16455,14142,18574],"product_tag":[],"class_list":{"0":"post-230781","1":"product","2":"type-product","3":"status-publish","4":"has-post-thumbnail","6":"product_cat-aromaflaschen-und-zubehor","7":"product_cat-aromatherapie-und-raumdufte","8":"product_cat-geschenkverpackung","9":"product_cat-produkte-ohne-etikett","10":"pa_collection-glass-bottles-accessories-de","11":"pa_made-in-china","12":"pa_size-30ml","14":"first","15":"instock","16":"purchasable","17":"product-type-simple"},"supplier_id":null,"supplier_sku":"GBotD-04","barcode":null,"atum_controlled":true,"out_stock_date":null,"out_stock_threshold":null,"inheritable":false,"inbound_stock":null,"stock_on_hold":0,"sold_today":0,"sales_last_days":0,"reserved_stock":null,"customer_returns":null,"warehouse_damage":null,"lost_in_post":null,"other_logs":null,"out_stock_days":0,"lost_sales":0,"has_location":null,"update_date":"2026-04-27T07:05:00","atum_locations":[],"atum_stock_status":"instock","restock_status":false,"low_stock_amount":"","sales_update_date":"2025-09-05T00:27:22","calc_backorders":null,"_links":{"self":[{"href":"https:\/\/aromasentia.com\/de\/wp-json\/wp\/v2\/product\/230781","targetHints":{"allow":["GET"]}}],"collection":[{"href":"https:\/\/aromasentia.com\/de\/wp-json\/wp\/v2\/product"}],"about":[{"href":"https:\/\/aromasentia.com\/de\/wp-json\/wp\/v2\/types\/product"}],"replies":[{"embeddable":true,"href":"https:\/\/aromasentia.com\/de\/wp-json\/wp\/v2\/comments?post=230781"}],"version-history":[{"count":0,"href":"https:\/\/aromasentia.com\/de\/wp-json\/wp\/v2\/product\/230781\/revisions"}],"wp:featuredmedia":[{"embeddable":true,"href":"https:\/\/aromasentia.com\/de\/wp-json\/wp\/v2\/media\/354790"}],"wp:attachment":[{"href":"https:\/\/aromasentia.com\/de\/wp-json\/wp\/v2\/media?parent=230781"}],"wp:term":[{"taxonomy":"product_brand","embeddable":true,"href":"https:\/\/aromasentia.com\/de\/wp-json\/wp\/v2\/product_brand?post=230781"},{"taxonomy":"product_cat","embeddable":true,"href":"https:\/\/aromasentia.com\/de\/wp-json\/wp\/v2\/product_cat?post=230781"},{"taxonomy":"product_tag","embeddable":true,"href":"https:\/\/aromasentia.com\/de\/wp-json\/wp\/v2\/product_tag?post=230781"}],"curies":[{"name":"wp","href":"https:\/\/api.w.org\/{rel}","templated":true}]}}