{"id":230769,"date":"2025-03-22T14:18:27","date_gmt":"2025-03-22T14:18:27","guid":{"rendered":"https:\/\/aromasentia.com\/product\/250ml-amber-bottle-with-pump\/"},"modified":"2025-06-28T21:35:01","modified_gmt":"2025-06-28T21:35:01","slug":"250ml-amber-bottle-with-pump","status":"publish","type":"product","link":"https:\/\/aromasentia.com\/de\/250ml-amber-bottle-with-pump\/","title":{"rendered":"250ml Amber Bottle with Pump"},"content":{"rendered":"<p>Mit dieser 250-ml-Bernsteinflasche mit Pumpe k\u00f6nnen Sie m\u00fchelos gr\u00f6\u00dfere Mengen abf\u00fcllen. Diese massive Braunglasflasche bietet einen ausgezeichneten UV-Schutz f\u00fcr lichtempfindliche Fl\u00fcssigkeiten, w\u00e4hrend der mitgelieferte Pumpverschluss eine einfache und hygienische Dosierung von Lotionen, Fl\u00fcssigseifen, Shampoos, Conditionern oder Massage\u00f6len erm\u00f6glicht. Sie eignet sich perfekt f\u00fcr Badezimmer, K\u00fcchen oder Therapier\u00e4ume und kombiniert praktische, kontrollierte Abgabe mit sch\u00fctzender Aufbewahrung f\u00fcr Ihre hausgemachten oder kommerziellen Produkte und gew\u00e4hrleistet Langlebigkeit.<\/p>\n","protected":false},"excerpt":{"rendered":"<p>Mit dieser 250-ml-Bernsteinflasche mit Pumpe k\u00f6nnen Sie m\u00fchelos gr\u00f6\u00dfere Mengen abf\u00fcllen. Diese massive Braunglasflasche bietet einen ausgezeichneten UV-Schutz f\u00fcr lichtempfindliche Fl\u00fcssigkeiten, w\u00e4hrend der mitgelieferte Pumpverschluss eine einfache und hygienische Dosierung von Lotionen, Fl\u00fcssigseifen, Shampoos, Conditionern oder Massage\u00f6len erm\u00f6glicht. Sie eignet sich perfekt f\u00fcr Badezimmer, K\u00fcchen oder Therapier\u00e4ume und kombiniert praktische, kontrollierte Abgabe mit sch\u00fctzender Aufbewahrung [&hellip;]<\/p>\n","protected":false},"featured_media":354731,"comment_status":"closed","ping_status":"open","template":"","meta":{"_angie_page":false},"product_brand":[],"product_cat":[16543,16455,14142,18574],"product_tag":[],"class_list":{"0":"post-230769","1":"product","2":"type-product","3":"status-publish","4":"has-post-thumbnail","6":"product_cat-aromaflaschen-und-zubehor","7":"product_cat-aromatherapie-und-raumdufte","8":"product_cat-geschenkverpackung","9":"product_cat-produkte-ohne-etikett","10":"pa_collection-glass-bottles-accessories-de","11":"pa_made-in-china","12":"pa_size-250ml","14":"first","15":"instock","16":"purchasable","17":"product-type-simple"},"supplier_id":null,"supplier_sku":"GBot-31","barcode":null,"atum_controlled":true,"out_stock_date":null,"out_stock_threshold":null,"inheritable":false,"inbound_stock":null,"stock_on_hold":0,"sold_today":0,"sales_last_days":0,"reserved_stock":null,"customer_returns":null,"warehouse_damage":null,"lost_in_post":null,"other_logs":null,"out_stock_days":0,"lost_sales":0,"has_location":null,"update_date":"2026-04-27T07:05:00","atum_locations":[],"atum_stock_status":"instock","restock_status":false,"low_stock_amount":"","sales_update_date":"2026-01-20T05:14:20","calc_backorders":null,"_links":{"self":[{"href":"https:\/\/aromasentia.com\/de\/wp-json\/wp\/v2\/product\/230769","targetHints":{"allow":["GET"]}}],"collection":[{"href":"https:\/\/aromasentia.com\/de\/wp-json\/wp\/v2\/product"}],"about":[{"href":"https:\/\/aromasentia.com\/de\/wp-json\/wp\/v2\/types\/product"}],"replies":[{"embeddable":true,"href":"https:\/\/aromasentia.com\/de\/wp-json\/wp\/v2\/comments?post=230769"}],"version-history":[{"count":0,"href":"https:\/\/aromasentia.com\/de\/wp-json\/wp\/v2\/product\/230769\/revisions"}],"wp:featuredmedia":[{"embeddable":true,"href":"https:\/\/aromasentia.com\/de\/wp-json\/wp\/v2\/media\/354731"}],"wp:attachment":[{"href":"https:\/\/aromasentia.com\/de\/wp-json\/wp\/v2\/media?parent=230769"}],"wp:term":[{"taxonomy":"product_brand","embeddable":true,"href":"https:\/\/aromasentia.com\/de\/wp-json\/wp\/v2\/product_brand?post=230769"},{"taxonomy":"product_cat","embeddable":true,"href":"https:\/\/aromasentia.com\/de\/wp-json\/wp\/v2\/product_cat?post=230769"},{"taxonomy":"product_tag","embeddable":true,"href":"https:\/\/aromasentia.com\/de\/wp-json\/wp\/v2\/product_tag?post=230769"}],"curies":[{"name":"wp","href":"https:\/\/api.w.org\/{rel}","templated":true}]}}