{"id":230761,"date":"2025-03-22T14:18:27","date_gmt":"2025-03-22T14:18:27","guid":{"rendered":"https:\/\/aromasentia.com\/product\/lotion-pump-for-100ml-bottle\/"},"modified":"2025-12-30T20:04:41","modified_gmt":"2025-12-30T20:04:41","slug":"lotion-pump-for-100ml-bottle","status":"publish","type":"product","link":"https:\/\/aromasentia.com\/de\/lotion-pump-for-100ml-bottle\/","title":{"rendered":"Lotion Pump for 100ml Bottle"},"content":{"rendered":"<p>Werten Sie Ihre 100-ml-Flaschen mit dieser praktischen Lotion-Pumpe auf. Dieser Pumpaufsatz ist f\u00fcr Standard-100ml-Flaschen (mit gepr\u00fcftem Flaschenhals) konzipiert und erm\u00f6glicht eine einfache und saubere Dosierung von Lotionen, Cremes, Fl\u00fcssigseifen oder gr\u00f6\u00dferen Mengen von Massage\u00f6len. Er bietet einen hygienischen Zugang zu Ihren Produkten, gibt mit jeder Pumpe eine gleichm\u00e4\u00dfige Menge ab und minimiert den Abfall. Perfekt sowohl f\u00fcr selbstgemachte Kreationen als auch f\u00fcr kommerzielle Produkte, die Funktionalit\u00e4t und Benutzerfreundlichkeit Ihrer gr\u00f6\u00dferen Flaschen erh\u00f6hen.<\/p>\n","protected":false},"excerpt":{"rendered":"<p>Werten Sie Ihre 100-ml-Flaschen mit dieser praktischen Lotion-Pumpe auf. Dieser Pumpaufsatz ist f\u00fcr Standard-100ml-Flaschen (mit gepr\u00fcftem Flaschenhals) konzipiert und erm\u00f6glicht eine einfache und saubere Dosierung von Lotionen, Cremes, Fl\u00fcssigseifen oder gr\u00f6\u00dferen Mengen von Massage\u00f6len. Er bietet einen hygienischen Zugang zu Ihren Produkten, gibt mit jeder Pumpe eine gleichm\u00e4\u00dfige Menge ab und minimiert den Abfall. Perfekt [&hellip;]<\/p>\n","protected":false},"featured_media":354697,"comment_status":"closed","ping_status":"open","template":"","meta":{"_angie_page":false},"product_brand":[],"product_cat":[16543,16455,14142,18574],"product_tag":[],"class_list":{"0":"post-230761","1":"product","2":"type-product","3":"status-publish","4":"has-post-thumbnail","6":"product_cat-aromaflaschen-und-zubehor","7":"product_cat-aromatherapie-und-raumdufte","8":"product_cat-geschenkverpackung","9":"product_cat-produkte-ohne-etikett","10":"pa_collection-glass-bottles-accessories-de","11":"pa_made-in-china","12":"pa_size-100ml","14":"first","15":"instock","16":"purchasable","17":"product-type-simple"},"supplier_id":null,"supplier_sku":"Gbot-30","barcode":null,"atum_controlled":true,"out_stock_date":null,"out_stock_threshold":null,"inheritable":false,"inbound_stock":null,"stock_on_hold":0,"sold_today":0,"sales_last_days":0,"reserved_stock":null,"customer_returns":null,"warehouse_damage":null,"lost_in_post":null,"other_logs":null,"out_stock_days":0,"lost_sales":0,"has_location":null,"update_date":"2026-05-04T00:03:55","atum_locations":[],"atum_stock_status":"instock","restock_status":false,"low_stock_amount":"","sales_update_date":"2026-01-30T01:24:55","calc_backorders":null,"_links":{"self":[{"href":"https:\/\/aromasentia.com\/de\/wp-json\/wp\/v2\/product\/230761","targetHints":{"allow":["GET"]}}],"collection":[{"href":"https:\/\/aromasentia.com\/de\/wp-json\/wp\/v2\/product"}],"about":[{"href":"https:\/\/aromasentia.com\/de\/wp-json\/wp\/v2\/types\/product"}],"replies":[{"embeddable":true,"href":"https:\/\/aromasentia.com\/de\/wp-json\/wp\/v2\/comments?post=230761"}],"version-history":[{"count":0,"href":"https:\/\/aromasentia.com\/de\/wp-json\/wp\/v2\/product\/230761\/revisions"}],"wp:featuredmedia":[{"embeddable":true,"href":"https:\/\/aromasentia.com\/de\/wp-json\/wp\/v2\/media\/354697"}],"wp:attachment":[{"href":"https:\/\/aromasentia.com\/de\/wp-json\/wp\/v2\/media?parent=230761"}],"wp:term":[{"taxonomy":"product_brand","embeddable":true,"href":"https:\/\/aromasentia.com\/de\/wp-json\/wp\/v2\/product_brand?post=230761"},{"taxonomy":"product_cat","embeddable":true,"href":"https:\/\/aromasentia.com\/de\/wp-json\/wp\/v2\/product_cat?post=230761"},{"taxonomy":"product_tag","embeddable":true,"href":"https:\/\/aromasentia.com\/de\/wp-json\/wp\/v2\/product_tag?post=230761"}],"curies":[{"name":"wp","href":"https:\/\/api.w.org\/{rel}","templated":true}]}}