{"id":230757,"date":"2025-03-22T14:18:27","date_gmt":"2025-03-22T14:18:27","guid":{"rendered":"https:\/\/aromasentia.com\/product\/lotion-pump-for-50ml-bottle\/"},"modified":"2025-12-30T20:04:41","modified_gmt":"2025-12-30T20:04:41","slug":"lotion-pump-for-50ml-bottle","status":"publish","type":"product","link":"https:\/\/aromasentia.com\/de\/lotion-pump-for-50ml-bottle\/","title":{"rendered":"Lotion Pump for 50ml Bottle"},"content":{"rendered":"<p>Mit dieser Lotion-Pumpe f\u00fcr 50-ml-Flaschen k\u00f6nnen Sie Ihre Lotionen und Cremes ganz einfach dosieren. Dieser Pumpaufsatz passt auf eine 50-ml-Standardflasche (\u00fcberpr\u00fcfen Sie die Kompatibilit\u00e4t des Flaschenhalses) und erm\u00f6glicht eine bequeme, hygienische und kontrollierte Dosierung von Lotionen, Cremes, Fl\u00fcssigseifen oder Massage\u00f6len. Er hilft, Verunreinigungen und Produktverschwendung zu vermeiden, und liefert mit jeder Pumpe eine gleichm\u00e4\u00dfige, abgemessene Menge. Ein praktisches Accessoire, mit dem Sie Ihre bevorzugten 50-ml-Flaschenprodukte in einfach zu verwendende Spender verwandeln k\u00f6nnen.<\/p>\n","protected":false},"excerpt":{"rendered":"<p>Mit dieser Lotion-Pumpe f\u00fcr 50-ml-Flaschen k\u00f6nnen Sie Ihre Lotionen und Cremes ganz einfach dosieren. Dieser Pumpaufsatz passt auf eine 50-ml-Standardflasche (\u00fcberpr\u00fcfen Sie die Kompatibilit\u00e4t des Flaschenhalses) und erm\u00f6glicht eine bequeme, hygienische und kontrollierte Dosierung von Lotionen, Cremes, Fl\u00fcssigseifen oder Massage\u00f6len. Er hilft, Verunreinigungen und Produktverschwendung zu vermeiden, und liefert mit jeder Pumpe eine gleichm\u00e4\u00dfige, abgemessene [&hellip;]<\/p>\n","protected":false},"featured_media":354672,"comment_status":"closed","ping_status":"open","template":"","meta":{"_angie_page":false},"product_brand":[],"product_cat":[16543,16455,14142,18574],"product_tag":[],"class_list":{"0":"post-230757","1":"product","2":"type-product","3":"status-publish","4":"has-post-thumbnail","6":"product_cat-aromaflaschen-und-zubehor","7":"product_cat-aromatherapie-und-raumdufte","8":"product_cat-geschenkverpackung","9":"product_cat-produkte-ohne-etikett","10":"pa_collection-glass-bottles-accessories-de","11":"pa_made-in-china","12":"pa_size-50ml","14":"first","15":"instock","16":"purchasable","17":"product-type-simple"},"supplier_id":null,"supplier_sku":"Gbot-29","barcode":null,"atum_controlled":true,"out_stock_date":null,"out_stock_threshold":null,"inheritable":false,"inbound_stock":null,"stock_on_hold":0,"sold_today":0,"sales_last_days":0,"reserved_stock":null,"customer_returns":null,"warehouse_damage":null,"lost_in_post":null,"other_logs":null,"out_stock_days":0,"lost_sales":0,"has_location":null,"update_date":"2026-04-27T07:05:00","atum_locations":[],"atum_stock_status":"instock","restock_status":false,"low_stock_amount":"","sales_update_date":"2026-01-30T01:24:33","calc_backorders":null,"_links":{"self":[{"href":"https:\/\/aromasentia.com\/de\/wp-json\/wp\/v2\/product\/230757","targetHints":{"allow":["GET"]}}],"collection":[{"href":"https:\/\/aromasentia.com\/de\/wp-json\/wp\/v2\/product"}],"about":[{"href":"https:\/\/aromasentia.com\/de\/wp-json\/wp\/v2\/types\/product"}],"replies":[{"embeddable":true,"href":"https:\/\/aromasentia.com\/de\/wp-json\/wp\/v2\/comments?post=230757"}],"version-history":[{"count":0,"href":"https:\/\/aromasentia.com\/de\/wp-json\/wp\/v2\/product\/230757\/revisions"}],"wp:featuredmedia":[{"embeddable":true,"href":"https:\/\/aromasentia.com\/de\/wp-json\/wp\/v2\/media\/354672"}],"wp:attachment":[{"href":"https:\/\/aromasentia.com\/de\/wp-json\/wp\/v2\/media?parent=230757"}],"wp:term":[{"taxonomy":"product_brand","embeddable":true,"href":"https:\/\/aromasentia.com\/de\/wp-json\/wp\/v2\/product_brand?post=230757"},{"taxonomy":"product_cat","embeddable":true,"href":"https:\/\/aromasentia.com\/de\/wp-json\/wp\/v2\/product_cat?post=230757"},{"taxonomy":"product_tag","embeddable":true,"href":"https:\/\/aromasentia.com\/de\/wp-json\/wp\/v2\/product_tag?post=230757"}],"curies":[{"name":"wp","href":"https:\/\/api.w.org\/{rel}","templated":true}]}}