{"id":230749,"date":"2025-03-22T14:18:27","date_gmt":"2025-03-22T14:18:27","guid":{"rendered":"https:\/\/aromasentia.com\/product\/tamper-evident-and-child-resistant-closure\/"},"modified":"2025-12-30T20:04:33","modified_gmt":"2025-12-30T20:04:33","slug":"tropfverschluss-fuer-10ml-flaschen-mit-kindersicherung","status":"publish","type":"product","link":"https:\/\/aromasentia.com\/de\/tropfverschluss-fuer-10ml-flaschen-mit-kindersicherung\/","title":{"rendered":"Tropfverschluss f\u00fcr 10ml Flaschen &#8211; mit Kindersicherung"},"content":{"rendered":"<p>Kindersicherer Stopfer mit Tropfenabgabe f\u00fcr Flaschen von 10ml, 50ml und 100ml. Hier bei <strong>Ancient Wisdom&nbsp;<\/strong>haben wir eine gro\u00dfe Auswahl an Flaschen und Zubeh\u00f6r zu Gro\u00dfhandelspreisen. Ideal f\u00fcr eine breite Palette von Abf\u00fcllanforderungen, einschlie\u00dflich <strong>Essentielle \u00d6le<\/strong> und <strong>Duft\u00f6le<\/strong>, die es Ihnen erm\u00f6glichen, Ihre eigenen Flaschen abzuf\u00fcllen oder vielleicht sogar Ihre eigene Mischung von <strong>Massage\u00f6len<\/strong><\/p>\n","protected":false},"excerpt":{"rendered":"<p>Kindersicherer Stopfer mit Tropfenabgabe f\u00fcr Flaschen von 10ml, 50ml und 100ml. Hier bei Ancient Wisdom&nbsp;haben wir eine gro\u00dfe Auswahl an Flaschen und Zubeh\u00f6r zu Gro\u00dfhandelspreisen. Ideal f\u00fcr eine breite Palette von Abf\u00fcllanforderungen, einschlie\u00dflich Essentielle \u00d6le und Duft\u00f6le, die es Ihnen erm\u00f6glichen, Ihre eigenen Flaschen abzuf\u00fcllen oder vielleicht sogar Ihre eigene Mischung von Massage\u00f6len<\/p>\n","protected":false},"featured_media":354646,"comment_status":"closed","ping_status":"open","template":"","meta":{"_angie_page":false},"product_brand":[],"product_cat":[16543,16455,14142,18574],"product_tag":[],"class_list":{"0":"post-230749","1":"product","2":"type-product","3":"status-publish","4":"has-post-thumbnail","6":"product_cat-aromaflaschen-und-zubehor","7":"product_cat-aromatherapie-und-raumdufte","8":"product_cat-geschenkverpackung","9":"product_cat-produkte-ohne-etikett","10":"pa_collection-glass-bottles-accessories-de","11":"pa_made-in-vereinigtes-koenigreich","13":"first","14":"instock","15":"purchasable","16":"product-type-simple"},"supplier_id":null,"supplier_sku":"GBot-24","barcode":null,"atum_controlled":true,"out_stock_date":null,"out_stock_threshold":null,"inheritable":false,"inbound_stock":null,"stock_on_hold":0,"sold_today":0,"sales_last_days":0,"reserved_stock":null,"customer_returns":null,"warehouse_damage":null,"lost_in_post":null,"other_logs":null,"out_stock_days":0,"lost_sales":0,"has_location":null,"update_date":"2026-05-04T00:03:55","atum_locations":[],"atum_stock_status":"instock","restock_status":false,"low_stock_amount":"","sales_update_date":"2025-09-05T00:27:20","calc_backorders":null,"_links":{"self":[{"href":"https:\/\/aromasentia.com\/de\/wp-json\/wp\/v2\/product\/230749","targetHints":{"allow":["GET"]}}],"collection":[{"href":"https:\/\/aromasentia.com\/de\/wp-json\/wp\/v2\/product"}],"about":[{"href":"https:\/\/aromasentia.com\/de\/wp-json\/wp\/v2\/types\/product"}],"replies":[{"embeddable":true,"href":"https:\/\/aromasentia.com\/de\/wp-json\/wp\/v2\/comments?post=230749"}],"version-history":[{"count":0,"href":"https:\/\/aromasentia.com\/de\/wp-json\/wp\/v2\/product\/230749\/revisions"}],"wp:featuredmedia":[{"embeddable":true,"href":"https:\/\/aromasentia.com\/de\/wp-json\/wp\/v2\/media\/354646"}],"wp:attachment":[{"href":"https:\/\/aromasentia.com\/de\/wp-json\/wp\/v2\/media?parent=230749"}],"wp:term":[{"taxonomy":"product_brand","embeddable":true,"href":"https:\/\/aromasentia.com\/de\/wp-json\/wp\/v2\/product_brand?post=230749"},{"taxonomy":"product_cat","embeddable":true,"href":"https:\/\/aromasentia.com\/de\/wp-json\/wp\/v2\/product_cat?post=230749"},{"taxonomy":"product_tag","embeddable":true,"href":"https:\/\/aromasentia.com\/de\/wp-json\/wp\/v2\/product_tag?post=230749"}],"curies":[{"name":"wp","href":"https:\/\/api.w.org\/{rel}","templated":true}]}}