{"id":230733,"date":"2025-03-22T14:18:27","date_gmt":"2025-03-22T14:18:27","guid":{"rendered":"https:\/\/aromasentia.com\/product\/50ml-amber-bottles\/"},"modified":"2025-12-30T20:04:33","modified_gmt":"2025-12-30T20:04:33","slug":"50ml-amber-bottles","status":"publish","type":"product","link":"https:\/\/aromasentia.com\/de\/50ml-amber-bottles\/","title":{"rendered":"50ml Amber Bottles"},"content":{"rendered":"<p>Ideal f\u00fcr eine breite Palette von Abf\u00fcllungsanforderungen, einschlie\u00dflich \u00e4therischer \u00d6le und Duft\u00f6le, die es Ihnen erm\u00f6glichen, Ihre eigenen Flaschen abzuf\u00fcllen oder vielleicht sogar Ihre eigene Mischung von Massage\u00f6len herzustellen.<\/p>\n<p>Bitte vergessen Sie nicht, auch einen Deckel Ihrer Wahl zu bestellen. Jede Bestellung von Flaschen auf dieser Seite wird NICHT mit einem Deckel geliefert.<\/p>\n<p><strong>Passende Deckel Code: Gbot-24 Gbot-09 Gbot-05<\/strong><\/p>\n","protected":false},"excerpt":{"rendered":"<p>Ideal f\u00fcr eine breite Palette von Abf\u00fcllungsanforderungen, einschlie\u00dflich \u00e4therischer \u00d6le und Duft\u00f6le, die es Ihnen erm\u00f6glichen, Ihre eigenen Flaschen abzuf\u00fcllen oder vielleicht sogar Ihre eigene Mischung von Massage\u00f6len herzustellen. Bitte vergessen Sie nicht, auch einen Deckel Ihrer Wahl zu bestellen. Jede Bestellung von Flaschen auf dieser Seite wird NICHT mit einem Deckel geliefert. Passende Deckel [&hellip;]<\/p>\n","protected":false},"featured_media":354594,"comment_status":"closed","ping_status":"open","template":"","meta":{"_angie_page":false},"product_brand":[],"product_cat":[16543,16455,14142,18574],"product_tag":[],"class_list":{"0":"post-230733","1":"product","2":"type-product","3":"status-publish","4":"has-post-thumbnail","6":"product_cat-aromaflaschen-und-zubehor","7":"product_cat-aromatherapie-und-raumdufte","8":"product_cat-geschenkverpackung","9":"product_cat-produkte-ohne-etikett","10":"pa_collection-glass-bottles-accessories-de","11":"pa_made-in-china","12":"pa_size-50ml","14":"first","15":"instock","16":"purchasable","17":"product-type-simple"},"supplier_id":null,"supplier_sku":"GBot-22","barcode":null,"atum_controlled":true,"out_stock_date":null,"out_stock_threshold":null,"inheritable":false,"inbound_stock":null,"stock_on_hold":0,"sold_today":0,"sales_last_days":0,"reserved_stock":null,"customer_returns":null,"warehouse_damage":null,"lost_in_post":null,"other_logs":null,"out_stock_days":0,"lost_sales":0,"has_location":null,"update_date":"2026-04-27T07:05:00","atum_locations":[],"atum_stock_status":"instock","restock_status":false,"low_stock_amount":"","sales_update_date":"2025-09-05T00:27:19","calc_backorders":null,"_links":{"self":[{"href":"https:\/\/aromasentia.com\/de\/wp-json\/wp\/v2\/product\/230733","targetHints":{"allow":["GET"]}}],"collection":[{"href":"https:\/\/aromasentia.com\/de\/wp-json\/wp\/v2\/product"}],"about":[{"href":"https:\/\/aromasentia.com\/de\/wp-json\/wp\/v2\/types\/product"}],"replies":[{"embeddable":true,"href":"https:\/\/aromasentia.com\/de\/wp-json\/wp\/v2\/comments?post=230733"}],"version-history":[{"count":0,"href":"https:\/\/aromasentia.com\/de\/wp-json\/wp\/v2\/product\/230733\/revisions"}],"wp:featuredmedia":[{"embeddable":true,"href":"https:\/\/aromasentia.com\/de\/wp-json\/wp\/v2\/media\/354594"}],"wp:attachment":[{"href":"https:\/\/aromasentia.com\/de\/wp-json\/wp\/v2\/media?parent=230733"}],"wp:term":[{"taxonomy":"product_brand","embeddable":true,"href":"https:\/\/aromasentia.com\/de\/wp-json\/wp\/v2\/product_brand?post=230733"},{"taxonomy":"product_cat","embeddable":true,"href":"https:\/\/aromasentia.com\/de\/wp-json\/wp\/v2\/product_cat?post=230733"},{"taxonomy":"product_tag","embeddable":true,"href":"https:\/\/aromasentia.com\/de\/wp-json\/wp\/v2\/product_tag?post=230733"}],"curies":[{"name":"wp","href":"https:\/\/api.w.org\/{rel}","templated":true}]}}