{"id":230673,"date":"2025-03-22T14:18:27","date_gmt":"2025-03-22T14:18:27","guid":{"rendered":"https:\/\/aromasentia.com\/product\/long-tea-chest-teal\/"},"modified":"2025-12-30T20:04:17","modified_gmt":"2025-12-30T20:04:17","slug":"lange-teetruhe-blaugruen","status":"publish","type":"product","link":"https:\/\/aromasentia.com\/de\/lange-teetruhe-blaugruen\/","title":{"rendered":"Lange Teetruhe \u2013 Blaugr\u00fcn"},"content":{"rendered":"<p><span style=\"color: rgb(75, 80, 88);\">Diese Boxen haben einen ausgepr\u00e4gten kolonialen Charme, aber erwarten Sie keine Perfektion. Design, Gr\u00f6\u00dfe und Ausf\u00fchrung k\u00f6nnen variieren. Hergestellt aus Sperrholz und verschiedenen&nbsp;<\/span><\/p>\n<p><span style=\"color: rgb(75, 80, 88);\">Die Teal Long Tea Chest ist eine auff\u00e4llige Erg\u00e4nzung f\u00fcr die Sammlung jedes Teeliebhabers. Ihr Design verstr\u00f6mt Vintage-Charme und macht sie zu einem Statement in Ihrer K\u00fcche.<\/span><\/p>\n<p><span style=\"color: rgb(75, 80, 88);\"><strong>Ideal zum Umpacken von Geschenken, als Schmuckk\u00e4stchen oder als Schmuckk\u00e4stchen im Vintage-Stil.<\/strong><\/span><\/p>\n","protected":false},"excerpt":{"rendered":"<p>Diese Boxen haben einen ausgepr\u00e4gten kolonialen Charme, aber erwarten Sie keine Perfektion. Design, Gr\u00f6\u00dfe und Ausf\u00fchrung k\u00f6nnen variieren. Hergestellt aus Sperrholz und verschiedenen&nbsp; Die Teal Long Tea Chest ist eine auff\u00e4llige Erg\u00e4nzung f\u00fcr die Sammlung jedes Teeliebhabers. Ihr Design verstr\u00f6mt Vintage-Charme und macht sie zu einem Statement in Ihrer K\u00fcche. Ideal zum Umpacken von Geschenken, [&hellip;]<\/p>\n","protected":false},"featured_media":354251,"comment_status":"closed","ping_status":"open","template":"","meta":{"_angie_page":false},"product_brand":[],"product_cat":[14143,14142,25041],"product_tag":[],"class_list":{"0":"post-230673","1":"product","2":"type-product","3":"status-publish","4":"has-post-thumbnail","6":"product_cat-aufbewahrung-geschenke-und-geschenkboxen","7":"product_cat-geschenkverpackung","8":"product_cat-tee-und-teezubehor","9":"pa_collection-vintage-style-boxes-de","10":"pa_made-in-china","12":"first","13":"instock","14":"purchasable","15":"product-type-simple"},"supplier_id":null,"supplier_sku":"ColB-35","barcode":null,"atum_controlled":true,"out_stock_date":null,"out_stock_threshold":null,"inheritable":false,"inbound_stock":null,"stock_on_hold":0,"sold_today":0,"sales_last_days":0,"reserved_stock":null,"customer_returns":null,"warehouse_damage":null,"lost_in_post":null,"other_logs":null,"out_stock_days":0,"lost_sales":0,"has_location":null,"update_date":"2026-04-27T06:58:06","atum_locations":[],"atum_stock_status":"instock","restock_status":false,"low_stock_amount":"","sales_update_date":"2026-01-30T01:26:12","calc_backorders":null,"_links":{"self":[{"href":"https:\/\/aromasentia.com\/de\/wp-json\/wp\/v2\/product\/230673","targetHints":{"allow":["GET"]}}],"collection":[{"href":"https:\/\/aromasentia.com\/de\/wp-json\/wp\/v2\/product"}],"about":[{"href":"https:\/\/aromasentia.com\/de\/wp-json\/wp\/v2\/types\/product"}],"replies":[{"embeddable":true,"href":"https:\/\/aromasentia.com\/de\/wp-json\/wp\/v2\/comments?post=230673"}],"version-history":[{"count":0,"href":"https:\/\/aromasentia.com\/de\/wp-json\/wp\/v2\/product\/230673\/revisions"}],"wp:featuredmedia":[{"embeddable":true,"href":"https:\/\/aromasentia.com\/de\/wp-json\/wp\/v2\/media\/354251"}],"wp:attachment":[{"href":"https:\/\/aromasentia.com\/de\/wp-json\/wp\/v2\/media?parent=230673"}],"wp:term":[{"taxonomy":"product_brand","embeddable":true,"href":"https:\/\/aromasentia.com\/de\/wp-json\/wp\/v2\/product_brand?post=230673"},{"taxonomy":"product_cat","embeddable":true,"href":"https:\/\/aromasentia.com\/de\/wp-json\/wp\/v2\/product_cat?post=230673"},{"taxonomy":"product_tag","embeddable":true,"href":"https:\/\/aromasentia.com\/de\/wp-json\/wp\/v2\/product_tag?post=230673"}],"curies":[{"name":"wp","href":"https:\/\/api.w.org\/{rel}","templated":true}]}}