{"id":230657,"date":"2025-03-22T14:18:27","date_gmt":"2025-03-22T14:18:27","guid":{"rendered":"https:\/\/aromasentia.com\/product\/tea-gift-hamper-box-tan\/"},"modified":"2025-12-30T20:04:17","modified_gmt":"2025-12-30T20:04:17","slug":"tee-geschenk-korbbox-hellbraun","status":"publish","type":"product","link":"https:\/\/aromasentia.com\/de\/tee-geschenk-korbbox-hellbraun\/","title":{"rendered":"Tee-\/Geschenk-\/Korbbox \u2013 Hellbraun"},"content":{"rendered":"<p><span style=\"color: rgb(75, 80, 88);\">Diese Boxen haben einen ausgepr\u00e4gten kolonialen Charme, aber erwarten Sie keine Perfektion, denn Design, Gr\u00f6\u00dfe und Ausf\u00fchrung k\u00f6nnen variieren. Hergestellt aus Sperrholz und verschiedenen&nbsp;<\/span><\/p>\n<p><span style=\"color: rgb(75, 80, 88);\">Die hellbraune Tee-\/Geschenk-\/Korbbox vereint Funktionalit\u00e4t mit Vintage-\u00c4sthetik und ist somit eine wunderbare Wahl f\u00fcr verschiedene Anwendungen.<\/span><\/p>\n<p><span style=\"color: rgb(75, 80, 88);\"><strong>Ideal zum Umpacken von Geschenken, als Schmuckk\u00e4stchen oder als Schmuckk\u00e4stchen im altmodischen Stil.<\/strong><\/span><\/p>\n","protected":false},"excerpt":{"rendered":"<p>Diese Boxen haben einen ausgepr\u00e4gten kolonialen Charme, aber erwarten Sie keine Perfektion, denn Design, Gr\u00f6\u00dfe und Ausf\u00fchrung k\u00f6nnen variieren. Hergestellt aus Sperrholz und verschiedenen&nbsp; Die hellbraune Tee-\/Geschenk-\/Korbbox vereint Funktionalit\u00e4t mit Vintage-\u00c4sthetik und ist somit eine wunderbare Wahl f\u00fcr verschiedene Anwendungen. Ideal zum Umpacken von Geschenken, als Schmuckk\u00e4stchen oder als Schmuckk\u00e4stchen im altmodischen Stil.<\/p>\n","protected":false},"featured_media":354183,"comment_status":"closed","ping_status":"open","template":"","meta":{"_angie_page":false},"product_brand":[],"product_cat":[14143,14142,25041],"product_tag":[],"class_list":{"0":"post-230657","1":"product","2":"type-product","3":"status-publish","4":"has-post-thumbnail","6":"product_cat-aufbewahrung-geschenke-und-geschenkboxen","7":"product_cat-geschenkverpackung","8":"product_cat-tee-und-teezubehor","9":"pa_collection-vintage-style-boxes-de","10":"pa_made-in-china","12":"first","13":"instock","14":"purchasable","15":"product-type-simple"},"supplier_id":null,"supplier_sku":"ColB-31","barcode":null,"atum_controlled":true,"out_stock_date":null,"out_stock_threshold":null,"inheritable":false,"inbound_stock":null,"stock_on_hold":0,"sold_today":0,"sales_last_days":0,"reserved_stock":null,"customer_returns":null,"warehouse_damage":null,"lost_in_post":null,"other_logs":null,"out_stock_days":0,"lost_sales":0,"has_location":null,"update_date":"2026-04-30T05:06:26","atum_locations":[],"atum_stock_status":"instock","restock_status":false,"low_stock_amount":"","sales_update_date":"2026-01-30T01:26:11","calc_backorders":null,"_links":{"self":[{"href":"https:\/\/aromasentia.com\/de\/wp-json\/wp\/v2\/product\/230657","targetHints":{"allow":["GET"]}}],"collection":[{"href":"https:\/\/aromasentia.com\/de\/wp-json\/wp\/v2\/product"}],"about":[{"href":"https:\/\/aromasentia.com\/de\/wp-json\/wp\/v2\/types\/product"}],"replies":[{"embeddable":true,"href":"https:\/\/aromasentia.com\/de\/wp-json\/wp\/v2\/comments?post=230657"}],"version-history":[{"count":0,"href":"https:\/\/aromasentia.com\/de\/wp-json\/wp\/v2\/product\/230657\/revisions"}],"wp:featuredmedia":[{"embeddable":true,"href":"https:\/\/aromasentia.com\/de\/wp-json\/wp\/v2\/media\/354183"}],"wp:attachment":[{"href":"https:\/\/aromasentia.com\/de\/wp-json\/wp\/v2\/media?parent=230657"}],"wp:term":[{"taxonomy":"product_brand","embeddable":true,"href":"https:\/\/aromasentia.com\/de\/wp-json\/wp\/v2\/product_brand?post=230657"},{"taxonomy":"product_cat","embeddable":true,"href":"https:\/\/aromasentia.com\/de\/wp-json\/wp\/v2\/product_cat?post=230657"},{"taxonomy":"product_tag","embeddable":true,"href":"https:\/\/aromasentia.com\/de\/wp-json\/wp\/v2\/product_tag?post=230657"}],"curies":[{"name":"wp","href":"https:\/\/api.w.org\/{rel}","templated":true}]}}