{"id":230613,"date":"2025-03-22T14:18:33","date_gmt":"2025-03-22T14:18:33","guid":{"rendered":"https:\/\/aromasentia.com\/product\/10x-kraft-window-bag-16-x24-cm\/"},"modified":"2025-12-30T20:04:09","modified_gmt":"2025-12-30T20:04:09","slug":"kraftpapiertuete-mit-fenster-16x24cm","status":"publish","type":"product","link":"https:\/\/aromasentia.com\/de\/kraftpapiertuete-mit-fenster-16x24cm\/","title":{"rendered":"Kraftpapiert\u00fcte mit Fenster 16x24cm"},"content":{"rendered":"<p>Diese Kraft-Fensterbeutel eignen sich f\u00fcr feuchte und trockene Produkte, die eine Verpackung mit hoher Barrierewirkung erfordern. Hergestellt f\u00fcr den Lebensmittelbereich von <strong>Aroma Sentia<\/strong>, sind sie ideal f\u00fcr viele Geschenkartikel.<\/p>\n<p>Machen Sie sie besonders cool, indem Sie Ihre eigenen Etiketten drucken (die Kraft-Etiketten liefern wir, siehe unten).<\/p>\n<p>Kraft-Fensterbeutel vermitteln ein nat\u00fcrliches Gef\u00fchl, und mit etwas Fantasie und Gesp\u00fcr k\u00f6nnen Sie ein Geschenk kreieren, das alle begeistert.<\/p>\n<p>Sie haben einen Griffverschluss, der sich beliebig oft \u00f6ffnen und schlie\u00dfen l\u00e4sst. Der selbsttragende, runde Bodenfalten sorgt daf\u00fcr, dass die Beutel frei stehen k\u00f6nnen. Das mittige Fenster sorgt daf\u00fcr, dass Ihre Geschenke gut sichtbar sind.<\/p>\n","protected":false},"excerpt":{"rendered":"<p>Diese Kraft-Fensterbeutel eignen sich f\u00fcr feuchte und trockene Produkte, die eine Verpackung mit hoher Barrierewirkung erfordern. Hergestellt f\u00fcr den Lebensmittelbereich von Aroma Sentia, sind sie ideal f\u00fcr viele Geschenkartikel. Machen Sie sie besonders cool, indem Sie Ihre eigenen Etiketten drucken (die Kraft-Etiketten liefern wir, siehe unten). Kraft-Fensterbeutel vermitteln ein nat\u00fcrliches Gef\u00fchl, und mit etwas Fantasie [&hellip;]<\/p>\n","protected":false},"featured_media":355159,"comment_status":"closed","ping_status":"open","template":"","meta":{"_angie_page":false},"product_brand":[],"product_cat":[14142,18518],"product_tag":[],"class_list":{"0":"post-230613","1":"product","2":"type-product","3":"status-publish","4":"has-post-thumbnail","6":"product_cat-geschenkverpackung","7":"product_cat-papier-jute-und-baumwolltaschen","8":"pa_collection-kraft-window-bags-de","9":"pa_made-in-china","11":"first","12":"instock","13":"purchasable","14":"product-type-simple"},"supplier_id":null,"supplier_sku":"KWB-03","barcode":null,"atum_controlled":true,"out_stock_date":null,"out_stock_threshold":null,"inheritable":false,"inbound_stock":null,"stock_on_hold":0,"sold_today":0,"sales_last_days":0,"reserved_stock":null,"customer_returns":null,"warehouse_damage":null,"lost_in_post":null,"other_logs":null,"out_stock_days":0,"lost_sales":0,"has_location":null,"update_date":"2026-04-27T07:10:28","atum_locations":[],"atum_stock_status":"instock","restock_status":false,"low_stock_amount":"","sales_update_date":"2025-09-05T00:27:27","calc_backorders":null,"_links":{"self":[{"href":"https:\/\/aromasentia.com\/de\/wp-json\/wp\/v2\/product\/230613","targetHints":{"allow":["GET"]}}],"collection":[{"href":"https:\/\/aromasentia.com\/de\/wp-json\/wp\/v2\/product"}],"about":[{"href":"https:\/\/aromasentia.com\/de\/wp-json\/wp\/v2\/types\/product"}],"replies":[{"embeddable":true,"href":"https:\/\/aromasentia.com\/de\/wp-json\/wp\/v2\/comments?post=230613"}],"version-history":[{"count":0,"href":"https:\/\/aromasentia.com\/de\/wp-json\/wp\/v2\/product\/230613\/revisions"}],"wp:featuredmedia":[{"embeddable":true,"href":"https:\/\/aromasentia.com\/de\/wp-json\/wp\/v2\/media\/355159"}],"wp:attachment":[{"href":"https:\/\/aromasentia.com\/de\/wp-json\/wp\/v2\/media?parent=230613"}],"wp:term":[{"taxonomy":"product_brand","embeddable":true,"href":"https:\/\/aromasentia.com\/de\/wp-json\/wp\/v2\/product_brand?post=230613"},{"taxonomy":"product_cat","embeddable":true,"href":"https:\/\/aromasentia.com\/de\/wp-json\/wp\/v2\/product_cat?post=230613"},{"taxonomy":"product_tag","embeddable":true,"href":"https:\/\/aromasentia.com\/de\/wp-json\/wp\/v2\/product_tag?post=230613"}],"curies":[{"name":"wp","href":"https:\/\/api.w.org\/{rel}","templated":true}]}}