{"id":230601,"date":"2025-03-22T14:18:33","date_gmt":"2025-03-22T14:18:33","guid":{"rendered":"https:\/\/aromasentia.com\/product\/medium-jute-sack-240x300mm\/"},"modified":"2025-12-30T20:04:09","modified_gmt":"2025-12-30T20:04:09","slug":"jutesack-mit-zugband-mittelgross-240x300mm","status":"publish","type":"product","link":"https:\/\/aromasentia.com\/de\/jutesack-mit-zugband-mittelgross-240x300mm\/","title":{"rendered":"Jutesack mit Zugband &#8211; mittelgro\u00df &#8211; 240x300mm"},"content":{"rendered":"<p>Dieser nat\u00fcrliche Jutebeutel aus mittelschwerer, gleichm\u00e4\u00dfig gewebter Jute ist gen\u00e4ht und ges\u00e4umt.<\/p>\n<p>Anh\u00e4nger, Etiketten, B\u00e4nder und andere Dekorationen lassen sich leicht anbringen und machen aus etwas Schlichtem etwas ganz Besonderes. Die Kordel ist griffbereit.<\/p>\n<p>Ideal f\u00fcr Geschenke und andere \u00dcberraschungen.<\/p>\n","protected":false},"excerpt":{"rendered":"<p>Dieser nat\u00fcrliche Jutebeutel aus mittelschwerer, gleichm\u00e4\u00dfig gewebter Jute ist gen\u00e4ht und ges\u00e4umt. Anh\u00e4nger, Etiketten, B\u00e4nder und andere Dekorationen lassen sich leicht anbringen und machen aus etwas Schlichtem etwas ganz Besonderes. Die Kordel ist griffbereit. Ideal f\u00fcr Geschenke und andere \u00dcberraschungen.<\/p>\n","protected":false},"featured_media":355068,"comment_status":"closed","ping_status":"open","template":"","meta":{"_angie_page":false},"product_brand":[],"product_cat":[14142,18518],"product_tag":[],"class_list":{"0":"post-230601","1":"product","2":"type-product","3":"status-publish","4":"has-post-thumbnail","6":"product_cat-geschenkverpackung","7":"product_cat-papier-jute-und-baumwolltaschen","8":"pa_collection-jute-drawstring-sacks-de","9":"pa_made-in-indien","11":"first","12":"instock","13":"purchasable","14":"product-type-simple"},"supplier_id":null,"supplier_sku":"JSack-02","barcode":null,"atum_controlled":true,"out_stock_date":null,"out_stock_threshold":null,"inheritable":false,"inbound_stock":null,"stock_on_hold":0,"sold_today":0,"sales_last_days":0,"reserved_stock":null,"customer_returns":null,"warehouse_damage":null,"lost_in_post":null,"other_logs":null,"out_stock_days":73,"lost_sales":0,"has_location":null,"update_date":"2026-04-30T13:08:10","atum_locations":[],"atum_stock_status":"instock","restock_status":false,"low_stock_amount":"","sales_update_date":"2026-02-06T00:00:52","calc_backorders":null,"_links":{"self":[{"href":"https:\/\/aromasentia.com\/de\/wp-json\/wp\/v2\/product\/230601","targetHints":{"allow":["GET"]}}],"collection":[{"href":"https:\/\/aromasentia.com\/de\/wp-json\/wp\/v2\/product"}],"about":[{"href":"https:\/\/aromasentia.com\/de\/wp-json\/wp\/v2\/types\/product"}],"replies":[{"embeddable":true,"href":"https:\/\/aromasentia.com\/de\/wp-json\/wp\/v2\/comments?post=230601"}],"version-history":[{"count":0,"href":"https:\/\/aromasentia.com\/de\/wp-json\/wp\/v2\/product\/230601\/revisions"}],"wp:featuredmedia":[{"embeddable":true,"href":"https:\/\/aromasentia.com\/de\/wp-json\/wp\/v2\/media\/355068"}],"wp:attachment":[{"href":"https:\/\/aromasentia.com\/de\/wp-json\/wp\/v2\/media?parent=230601"}],"wp:term":[{"taxonomy":"product_brand","embeddable":true,"href":"https:\/\/aromasentia.com\/de\/wp-json\/wp\/v2\/product_brand?post=230601"},{"taxonomy":"product_cat","embeddable":true,"href":"https:\/\/aromasentia.com\/de\/wp-json\/wp\/v2\/product_cat?post=230601"},{"taxonomy":"product_tag","embeddable":true,"href":"https:\/\/aromasentia.com\/de\/wp-json\/wp\/v2\/product_tag?post=230601"}],"curies":[{"name":"wp","href":"https:\/\/api.w.org\/{rel}","templated":true}]}}