{"id":230589,"date":"2025-03-22T14:18:33","date_gmt":"2025-03-22T14:18:33","guid":{"rendered":"https:\/\/aromasentia.com\/product\/jute-window-bag-25x16cm\/"},"modified":"2025-12-30T20:04:01","modified_gmt":"2025-12-30T20:04:01","slug":"jute-window-bag-25x16cm","status":"publish","type":"product","link":"https:\/\/aromasentia.com\/de\/jute-window-bag-25x16cm\/","title":{"rendered":"Jute Window Bag 25x16cm"},"content":{"rendered":"<p>Werfen Sie einen Blick auf diese Jute-Sichtfenstertaschen.<\/p>\n<p>Diese unverzichtbaren Verpackungsmaterialien eignen sich perfekt zur Aufbewahrung von Kleinigkeiten wie Schmuck, Badekugeln, Seifen usw. und praktisch allem, was hineinpasst. Sie verf\u00fcgen au\u00dferdem \u00fcber ein Sichtfenster an der Vorderseite, sodass Sie Ihre Produkte optimal pr\u00e4sentieren k\u00f6nnen.<\/p>\n<p>Sie k\u00f6nnen damit Produkte aufwerten oder ein attraktives Geschenkset zusammenstellen. Sie sind aus Jute gefertigt, einem umweltfreundlichen und robusten Material, das ein hervorragendes Verkaufsargument darstellt.<\/p>\n<p>Bestellen Sie noch heute diese umweltfreundlichen und stylischen Sichtfenstertaschen!<\/p>\n","protected":false},"excerpt":{"rendered":"<p>Werfen Sie einen Blick auf diese Jute-Sichtfenstertaschen. Diese unverzichtbaren Verpackungsmaterialien eignen sich perfekt zur Aufbewahrung von Kleinigkeiten wie Schmuck, Badekugeln, Seifen usw. und praktisch allem, was hineinpasst. Sie verf\u00fcgen au\u00dferdem \u00fcber ein Sichtfenster an der Vorderseite, sodass Sie Ihre Produkte optimal pr\u00e4sentieren k\u00f6nnen. Sie k\u00f6nnen damit Produkte aufwerten oder ein attraktives Geschenkset zusammenstellen. Sie sind [&hellip;]<\/p>\n","protected":false},"featured_media":354961,"comment_status":"closed","ping_status":"open","template":"","meta":[],"product_brand":[],"product_cat":[14142,18518],"product_tag":[],"class_list":{"0":"post-230589","1":"product","2":"type-product","3":"status-publish","4":"has-post-thumbnail","6":"product_cat-geschenkverpackung","7":"product_cat-papier-jute-und-baumwolltaschen","8":"pa_collection-jute-window-bags-de","9":"pa_made-in-indien","11":"first","12":"outofstock","13":"purchasable","14":"product-type-simple"},"supplier_id":null,"supplier_sku":"JGP-01","barcode":null,"atum_controlled":true,"out_stock_date":"2026-02-05 22:39:54","out_stock_threshold":null,"inheritable":false,"inbound_stock":null,"stock_on_hold":0,"sold_today":0,"sales_last_days":0,"reserved_stock":null,"customer_returns":null,"warehouse_damage":null,"lost_in_post":null,"other_logs":null,"out_stock_days":0,"lost_sales":0,"has_location":null,"update_date":"2026-02-05T22:39:57","atum_locations":[],"atum_stock_status":"outofstock","restock_status":false,"low_stock_amount":"","sales_update_date":"2026-01-30T01:26:21","calc_backorders":null,"_links":{"self":[{"href":"https:\/\/aromasentia.com\/de\/wp-json\/wp\/v2\/product\/230589","targetHints":{"allow":["GET"]}}],"collection":[{"href":"https:\/\/aromasentia.com\/de\/wp-json\/wp\/v2\/product"}],"about":[{"href":"https:\/\/aromasentia.com\/de\/wp-json\/wp\/v2\/types\/product"}],"replies":[{"embeddable":true,"href":"https:\/\/aromasentia.com\/de\/wp-json\/wp\/v2\/comments?post=230589"}],"version-history":[{"count":0,"href":"https:\/\/aromasentia.com\/de\/wp-json\/wp\/v2\/product\/230589\/revisions"}],"wp:featuredmedia":[{"embeddable":true,"href":"https:\/\/aromasentia.com\/de\/wp-json\/wp\/v2\/media\/354961"}],"wp:attachment":[{"href":"https:\/\/aromasentia.com\/de\/wp-json\/wp\/v2\/media?parent=230589"}],"wp:term":[{"taxonomy":"product_brand","embeddable":true,"href":"https:\/\/aromasentia.com\/de\/wp-json\/wp\/v2\/product_brand?post=230589"},{"taxonomy":"product_cat","embeddable":true,"href":"https:\/\/aromasentia.com\/de\/wp-json\/wp\/v2\/product_cat?post=230589"},{"taxonomy":"product_tag","embeddable":true,"href":"https:\/\/aromasentia.com\/de\/wp-json\/wp\/v2\/product_tag?post=230589"}],"curies":[{"name":"wp","href":"https:\/\/api.w.org\/{rel}","templated":true}]}}