{"id":230401,"date":"2025-03-22T14:18:40","date_gmt":"2025-03-22T14:18:40","guid":{"rendered":"https:\/\/aromasentia.com\/product\/santa-sack-do-not-open-before\/"},"modified":"2025-12-30T20:03:28","modified_gmt":"2025-12-30T20:03:28","slug":"jute-weihnachtssack-do-not-open-before","status":"publish","type":"product","link":"https:\/\/aromasentia.com\/de\/jute-weihnachtssack-do-not-open-before\/","title":{"rendered":"Jute-Weihnachtssack-Do not open before"},"content":{"rendered":"<p>Verstecken Sie die Weihnachtsgeschenke f\u00fcr Ihre Lieben mit dem Do Not Open Before Christmas Day Jute Sack.<\/p>\n<p>Dieser wunderbar festliche Jutesack ist stark und robust, so dass Sie ihn mit Geschenken f\u00fcr Ihre Freunde und Familie f\u00fcllen und auch im n\u00e4chsten Jahr wiederverwenden k\u00f6nnen, damit Sie ihn noch lange nutzen k\u00f6nnen. Ganz zu schweigen von dem sch\u00f6nen Weihnachtsdesign. Die schwarz-rote Aufschrift &#8222;Do Not Open Before Christmas Day&#8220; sorgt daf\u00fcr, dass die Leute wissen, dass man sie nicht vor Weihnachten \u00f6ffnen darf.<\/p>\n<p>Diese Boxen werden sich \u00fcber Weihnachten hervorragend verkaufen, da jeder seine Geschenke gerne kompakt aufbewahrt, damit sie nicht verloren gehen.&nbsp;<\/p>\n<p>Bestelle einige dieser erstaunlichen Jutes\u00e4cke gerade noch rechtzeitig f\u00fcr Weihnachten.<\/p>\n<p>Gr\u00f6\u00dfe: H: 76 cm; B: 55 cm<\/p>\n","protected":false},"excerpt":{"rendered":"<p>Verstecken Sie die Weihnachtsgeschenke f\u00fcr Ihre Lieben mit dem Do Not Open Before Christmas Day Jute Sack. Dieser wunderbar festliche Jutesack ist stark und robust, so dass Sie ihn mit Geschenken f\u00fcr Ihre Freunde und Familie f\u00fcllen und auch im n\u00e4chsten Jahr wiederverwenden k\u00f6nnen, damit Sie ihn noch lange nutzen k\u00f6nnen. Ganz zu schweigen von [&hellip;]<\/p>\n","protected":false},"featured_media":356898,"comment_status":"closed","ping_status":"open","template":"","meta":{"_angie_page":false},"product_brand":[],"product_cat":[14142,18518],"product_tag":[],"class_list":{"0":"post-230401","1":"product","2":"type-product","3":"status-publish","4":"has-post-thumbnail","6":"product_cat-geschenkverpackung","7":"product_cat-papier-jute-und-baumwolltaschen","8":"pa_collection-jute-santa-sacks-de","9":"pa_made-in-indien","11":"first","12":"outofstock","13":"purchasable","14":"product-type-simple"},"supplier_id":null,"supplier_sku":"SANTA-01","barcode":null,"atum_controlled":true,"out_stock_date":"2025-09-05 14:11:12","out_stock_threshold":null,"inheritable":false,"inbound_stock":null,"stock_on_hold":0,"sold_today":0,"sales_last_days":0,"reserved_stock":null,"customer_returns":null,"warehouse_damage":null,"lost_in_post":null,"other_logs":null,"out_stock_days":0,"lost_sales":0,"has_location":null,"update_date":"2026-04-27T07:20:24","atum_locations":[],"atum_stock_status":"outofstock","restock_status":false,"low_stock_amount":"","sales_update_date":"2025-09-05T00:28:00","calc_backorders":null,"_links":{"self":[{"href":"https:\/\/aromasentia.com\/de\/wp-json\/wp\/v2\/product\/230401","targetHints":{"allow":["GET"]}}],"collection":[{"href":"https:\/\/aromasentia.com\/de\/wp-json\/wp\/v2\/product"}],"about":[{"href":"https:\/\/aromasentia.com\/de\/wp-json\/wp\/v2\/types\/product"}],"replies":[{"embeddable":true,"href":"https:\/\/aromasentia.com\/de\/wp-json\/wp\/v2\/comments?post=230401"}],"version-history":[{"count":0,"href":"https:\/\/aromasentia.com\/de\/wp-json\/wp\/v2\/product\/230401\/revisions"}],"wp:featuredmedia":[{"embeddable":true,"href":"https:\/\/aromasentia.com\/de\/wp-json\/wp\/v2\/media\/356898"}],"wp:attachment":[{"href":"https:\/\/aromasentia.com\/de\/wp-json\/wp\/v2\/media?parent=230401"}],"wp:term":[{"taxonomy":"product_brand","embeddable":true,"href":"https:\/\/aromasentia.com\/de\/wp-json\/wp\/v2\/product_brand?post=230401"},{"taxonomy":"product_cat","embeddable":true,"href":"https:\/\/aromasentia.com\/de\/wp-json\/wp\/v2\/product_cat?post=230401"},{"taxonomy":"product_tag","embeddable":true,"href":"https:\/\/aromasentia.com\/de\/wp-json\/wp\/v2\/product_tag?post=230401"}],"curies":[{"name":"wp","href":"https:\/\/api.w.org\/{rel}","templated":true}]}}