{"id":230393,"date":"2025-03-22T14:18:40","date_gmt":"2025-03-22T14:18:40","guid":{"rendered":"https:\/\/aromasentia.com\/product\/reusable-foam-dispenser-bottle-450ml\/"},"modified":"2025-12-30T20:03:28","modified_gmt":"2025-12-30T20:03:28","slug":"wiederverwendbare-schaumspenderflasche-450-ml","status":"publish","type":"product","link":"https:\/\/aromasentia.com\/de\/wiederverwendbare-schaumspenderflasche-450-ml\/","title":{"rendered":"Wiederverwendbare Schaumspenderflasche \u2013 450 ml"},"content":{"rendered":"<p><span style=\"color: rgb(75, 80, 88);\">Erweitern Sie Ihr Produktangebot mit unseren brandneuen <strong>wiederverwendbaren Spenderflaschen<\/strong>. Wir wurden entwickelt, um den wachsenden Anforderungen von Unternehmen und umweltbewussten Verbrauchern gerecht zu werden. Diese eleganten, gr\u00fcn get\u00f6nten Flaschen sind aus langlebigem und widerstandsf\u00e4higem Kunststoff gefertigt, wodurch sie lange halten und gleichzeitig einen positiven Einfluss auf die Umwelt haben.<\/span><\/p>\n<p><span style=\"color: rgb(75, 80, 88);\">Wir pr\u00e4sentieren unsere wiederverwendbare Schaumspenderflasche mit einem gro\u00dfz\u00fcgigen Fassungsverm\u00f6gen von 450 ml. Diese Flasche aus langlebigem Kunststoff ist speziell f\u00fcr Schaumprodukte konzipiert. Ihr Pumpmechanismus erzeugt reichhaltigen Schaum f\u00fcr Handseifen, Schaumreiniger oder andere schaumhaltige Produkte. Der innovative Kunststoffverschluss sorgt f\u00fcr zus\u00e4tzliche Sicherheit beim Transport oder bei der Lagerung. Wenn Sie Schaumstoffprodukte verkaufen, bietet diese Flasche eine hochwertige und nachhaltige Verpackungsl\u00f6sung.<\/span><\/p>\n<p><span style=\"color: rgb(75, 80, 88);\"><strong>Abmessungen der Flasche:<\/strong><\/span><\/p>\n<p>6,5 x 18,5 x 6,5 cm<\/p>\n<p><span style=\"color: rgb(75, 80, 88);\"><strong>Abmessungen des Beh\u00e4lters:<\/strong><\/span><\/p>\n<p>6,5 x 11,5 x 6,5 cm <\/p>\n","protected":false},"excerpt":{"rendered":"<p>Erweitern Sie Ihr Produktangebot mit unseren brandneuen wiederverwendbaren Spenderflaschen. Wir wurden entwickelt, um den wachsenden Anforderungen von Unternehmen und umweltbewussten Verbrauchern gerecht zu werden. Diese eleganten, gr\u00fcn get\u00f6nten Flaschen sind aus langlebigem und widerstandsf\u00e4higem Kunststoff gefertigt, wodurch sie lange halten und gleichzeitig einen positiven Einfluss auf die Umwelt haben. Wir pr\u00e4sentieren unsere wiederverwendbare Schaumspenderflasche mit [&hellip;]<\/p>\n","protected":false},"featured_media":356808,"comment_status":"closed","ping_status":"open","template":"","meta":{"_angie_page":false},"product_brand":[],"product_cat":[14142,18574],"product_tag":[],"class_list":{"0":"post-230393","1":"product","2":"type-product","3":"status-publish","4":"has-post-thumbnail","6":"product_cat-geschenkverpackung","7":"product_cat-produkte-ohne-etikett","8":"pa_collection-reusable-dispenser-bottles-de","9":"pa_made-in-china","10":"pa_size-450ml","12":"first","13":"instock","14":"purchasable","15":"product-type-simple"},"supplier_id":null,"supplier_sku":"RPD-04","barcode":null,"atum_controlled":true,"out_stock_date":null,"out_stock_threshold":null,"inheritable":false,"inbound_stock":null,"stock_on_hold":0,"sold_today":0,"sales_last_days":0,"reserved_stock":null,"customer_returns":null,"warehouse_damage":null,"lost_in_post":null,"other_logs":null,"out_stock_days":0,"lost_sales":0,"has_location":null,"update_date":"2026-04-27T07:19:52","atum_locations":[],"atum_stock_status":"instock","restock_status":false,"low_stock_amount":"","sales_update_date":"2026-01-30T01:25:33","calc_backorders":null,"_links":{"self":[{"href":"https:\/\/aromasentia.com\/de\/wp-json\/wp\/v2\/product\/230393","targetHints":{"allow":["GET"]}}],"collection":[{"href":"https:\/\/aromasentia.com\/de\/wp-json\/wp\/v2\/product"}],"about":[{"href":"https:\/\/aromasentia.com\/de\/wp-json\/wp\/v2\/types\/product"}],"replies":[{"embeddable":true,"href":"https:\/\/aromasentia.com\/de\/wp-json\/wp\/v2\/comments?post=230393"}],"version-history":[{"count":0,"href":"https:\/\/aromasentia.com\/de\/wp-json\/wp\/v2\/product\/230393\/revisions"}],"wp:featuredmedia":[{"embeddable":true,"href":"https:\/\/aromasentia.com\/de\/wp-json\/wp\/v2\/media\/356808"}],"wp:attachment":[{"href":"https:\/\/aromasentia.com\/de\/wp-json\/wp\/v2\/media?parent=230393"}],"wp:term":[{"taxonomy":"product_brand","embeddable":true,"href":"https:\/\/aromasentia.com\/de\/wp-json\/wp\/v2\/product_brand?post=230393"},{"taxonomy":"product_cat","embeddable":true,"href":"https:\/\/aromasentia.com\/de\/wp-json\/wp\/v2\/product_cat?post=230393"},{"taxonomy":"product_tag","embeddable":true,"href":"https:\/\/aromasentia.com\/de\/wp-json\/wp\/v2\/product_tag?post=230393"}],"curies":[{"name":"wp","href":"https:\/\/api.w.org\/{rel}","templated":true}]}}