{"id":230389,"date":"2025-03-22T14:18:40","date_gmt":"2025-03-22T14:18:40","guid":{"rendered":"https:\/\/aromasentia.com\/product\/squat-reusable-dispenser-bottle-250ml\/"},"modified":"2025-06-28T21:34:59","modified_gmt":"2025-06-28T21:34:59","slug":"wiederverwendbare-squat-spenderflasche-250ml","status":"publish","type":"product","link":"https:\/\/aromasentia.com\/de\/wiederverwendbare-squat-spenderflasche-250ml\/","title":{"rendered":"Wiederverwendbare Squat-Spenderflasche \u2013 250ml"},"content":{"rendered":"<p><span style=\"color: rgb(75, 80, 88);\">Erweitern Sie Ihr Produktangebot mit unseren brandneuen <strong>Mehrweg-Spenderflaschen<\/strong>, die speziell f\u00fcr die wachsenden Bed\u00fcrfnisse von Unternehmen und umweltbewussten Verbrauchern entwickelt wurden. Diese eleganten, gr\u00fcn get\u00f6nten Flaschen sind aus langlebigem und widerstandsf\u00e4higem Kunststoff gefertigt, wodurch sie lange halten und gleichzeitig einen positiven Einfluss auf die Umwelt haben.<\/span><\/p>\n<p><span style=\"color: rgb(75, 80, 88);\"><strong>250 ml Mehrweg-Spenderflasche<\/strong> vereint Umweltbewusstsein mit Funktionalit\u00e4t. Hergestellt aus robustem Kunststoff und mit einem praktischen Pumpmechanismus eignet sich diese Flasche perfekt f\u00fcr verschiedene fl\u00fcssige Produkte. Die innovative Schraubpumpe sorgt f\u00fcr zus\u00e4tzliche Sicherheit beim Transport oder bei der Lagerung. Egal, ob Sie Ihren Kunden vielseitige Verpackungsm\u00f6glichkeiten bieten oder Ihren eigenen Raum nachhaltig organisieren m\u00f6chten, diese Flasche ist eine zuverl\u00e4ssige Wahl.<\/span><\/p>\n<p><span style=\"color: rgb(75, 80, 88);\"><strong>Ma\u00dfe der Flasche:<\/strong><\/span><\/p>\n<p>6,5 x 10 x 6,5 cm<\/p>\n<p><span style=\"color: rgb(75, 80, 88);\"><strong>Ma\u00dfe des Beh\u00e4lters:<\/strong><\/span><\/p>\n<p>6,5 x 6,5 x 6,5 cm <\/p>\n","protected":false},"excerpt":{"rendered":"<p>Erweitern Sie Ihr Produktangebot mit unseren brandneuen Mehrweg-Spenderflaschen, die speziell f\u00fcr die wachsenden Bed\u00fcrfnisse von Unternehmen und umweltbewussten Verbrauchern entwickelt wurden. Diese eleganten, gr\u00fcn get\u00f6nten Flaschen sind aus langlebigem und widerstandsf\u00e4higem Kunststoff gefertigt, wodurch sie lange halten und gleichzeitig einen positiven Einfluss auf die Umwelt haben. 250 ml Mehrweg-Spenderflasche vereint Umweltbewusstsein mit Funktionalit\u00e4t. Hergestellt aus [&hellip;]<\/p>\n","protected":false},"featured_media":356775,"comment_status":"closed","ping_status":"open","template":"","meta":{"_angie_page":false},"product_brand":[],"product_cat":[14142,18574],"product_tag":[],"class_list":{"0":"post-230389","1":"product","2":"type-product","3":"status-publish","4":"has-post-thumbnail","6":"product_cat-geschenkverpackung","7":"product_cat-produkte-ohne-etikett","8":"pa_collection-reusable-dispenser-bottles-de","9":"pa_made-in-china","10":"pa_size-250ml","12":"first","13":"instock","14":"purchasable","15":"product-type-simple"},"supplier_id":null,"supplier_sku":"RPD-03","barcode":null,"atum_controlled":true,"out_stock_date":null,"out_stock_threshold":null,"inheritable":false,"inbound_stock":null,"stock_on_hold":0,"sold_today":0,"sales_last_days":0,"reserved_stock":null,"customer_returns":null,"warehouse_damage":null,"lost_in_post":null,"other_logs":null,"out_stock_days":0,"lost_sales":0,"has_location":null,"update_date":"2026-04-27T07:19:52","atum_locations":[],"atum_stock_status":"instock","restock_status":false,"low_stock_amount":"","sales_update_date":"2026-01-30T01:26:01","calc_backorders":null,"_links":{"self":[{"href":"https:\/\/aromasentia.com\/de\/wp-json\/wp\/v2\/product\/230389","targetHints":{"allow":["GET"]}}],"collection":[{"href":"https:\/\/aromasentia.com\/de\/wp-json\/wp\/v2\/product"}],"about":[{"href":"https:\/\/aromasentia.com\/de\/wp-json\/wp\/v2\/types\/product"}],"replies":[{"embeddable":true,"href":"https:\/\/aromasentia.com\/de\/wp-json\/wp\/v2\/comments?post=230389"}],"version-history":[{"count":0,"href":"https:\/\/aromasentia.com\/de\/wp-json\/wp\/v2\/product\/230389\/revisions"}],"wp:featuredmedia":[{"embeddable":true,"href":"https:\/\/aromasentia.com\/de\/wp-json\/wp\/v2\/media\/356775"}],"wp:attachment":[{"href":"https:\/\/aromasentia.com\/de\/wp-json\/wp\/v2\/media?parent=230389"}],"wp:term":[{"taxonomy":"product_brand","embeddable":true,"href":"https:\/\/aromasentia.com\/de\/wp-json\/wp\/v2\/product_brand?post=230389"},{"taxonomy":"product_cat","embeddable":true,"href":"https:\/\/aromasentia.com\/de\/wp-json\/wp\/v2\/product_cat?post=230389"},{"taxonomy":"product_tag","embeddable":true,"href":"https:\/\/aromasentia.com\/de\/wp-json\/wp\/v2\/product_tag?post=230389"}],"curies":[{"name":"wp","href":"https:\/\/api.w.org\/{rel}","templated":true}]}}