{"id":230357,"date":"2025-03-22T14:18:40","date_gmt":"2025-03-22T14:18:40","guid":{"rendered":"https:\/\/aromasentia.com\/product\/set-of-3-storage-display-boxes-greenwash\/"},"modified":"2025-12-30T20:03:20","modified_gmt":"2025-12-30T20:03:20","slug":"3er-holzbox-set-gruen","status":"publish","type":"product","link":"https:\/\/aromasentia.com\/de\/3er-holzbox-set-gruen\/","title":{"rendered":"3er Holzbox Set &#8211; Gr\u00fcn"},"content":{"rendered":"<p>Set von drei Obstkiste Kiste aus Albesia Holz ethisch in Indonesien beschafft. Diese fabelhaften Greenwash Obstkisten aus Holz sind perfekt f\u00fcr alle Arten von Lagerung, von Recycling zu Obst &amp; Gem\u00fcse zu Anz\u00fcndholz zu Zeitschriften. So oder so gibt es zahlreiche M\u00f6glichkeiten, wie Ihre Kunden diese Kisten \u00fcber ihren eigentlichen Verwendungszweck hinaus umgestalten k\u00f6nnen.<\/p>\n<p>Holzkisten k\u00f6nnen sogar ein sehr industrielles Aussehen annehmen. Ganz gleich, wie Ihr Designgeschmack ist. Bestellen Sie jetzt und sichern Sie sich Gewinne.<\/p>\n<p>Abmessungen der Kisten: Gro\u00df:H:25cm B:45cm T:30 Gewicht: 1.926g Mittel:H:24cm B:35cm T:25 Gewicht: 1.540g Klein:H:20cm B:25cm T:20 Gewicht: 140g<\/p>\n<p>><\/p>\n","protected":false},"excerpt":{"rendered":"<p>Set von drei Obstkiste Kiste aus Albesia Holz ethisch in Indonesien beschafft. Diese fabelhaften Greenwash Obstkisten aus Holz sind perfekt f\u00fcr alle Arten von Lagerung, von Recycling zu Obst &amp; Gem\u00fcse zu Anz\u00fcndholz zu Zeitschriften. So oder so gibt es zahlreiche M\u00f6glichkeiten, wie Ihre Kunden diese Kisten \u00fcber ihren eigentlichen Verwendungszweck hinaus umgestalten k\u00f6nnen. Holzkisten [&hellip;]<\/p>\n","protected":false},"featured_media":356463,"comment_status":"closed","ping_status":"open","template":"","meta":{"_angie_page":false},"product_brand":[],"product_cat":[18532,14142],"product_tag":[],"class_list":{"0":"post-230357","1":"product","2":"type-product","3":"status-publish","4":"has-post-thumbnail","6":"product_cat-displaystander-und-regale","7":"product_cat-geschenkverpackung","8":"pa_collection-retail-display-stands-de","9":"pa_made-in-indonesien","11":"first","12":"instock","13":"purchasable","14":"product-type-simple"},"supplier_id":null,"supplier_sku":"RDS-154","barcode":null,"atum_controlled":true,"out_stock_date":null,"out_stock_threshold":null,"inheritable":false,"inbound_stock":null,"stock_on_hold":0,"sold_today":0,"sales_last_days":0,"reserved_stock":null,"customer_returns":null,"warehouse_damage":null,"lost_in_post":null,"other_logs":null,"out_stock_days":112,"lost_sales":0,"has_location":null,"update_date":"2026-04-27T07:27:41","atum_locations":[],"atum_stock_status":"instock","restock_status":false,"low_stock_amount":"","sales_update_date":"2026-01-30T01:24:21","calc_backorders":null,"_links":{"self":[{"href":"https:\/\/aromasentia.com\/de\/wp-json\/wp\/v2\/product\/230357","targetHints":{"allow":["GET"]}}],"collection":[{"href":"https:\/\/aromasentia.com\/de\/wp-json\/wp\/v2\/product"}],"about":[{"href":"https:\/\/aromasentia.com\/de\/wp-json\/wp\/v2\/types\/product"}],"replies":[{"embeddable":true,"href":"https:\/\/aromasentia.com\/de\/wp-json\/wp\/v2\/comments?post=230357"}],"version-history":[{"count":0,"href":"https:\/\/aromasentia.com\/de\/wp-json\/wp\/v2\/product\/230357\/revisions"}],"wp:featuredmedia":[{"embeddable":true,"href":"https:\/\/aromasentia.com\/de\/wp-json\/wp\/v2\/media\/356463"}],"wp:attachment":[{"href":"https:\/\/aromasentia.com\/de\/wp-json\/wp\/v2\/media?parent=230357"}],"wp:term":[{"taxonomy":"product_brand","embeddable":true,"href":"https:\/\/aromasentia.com\/de\/wp-json\/wp\/v2\/product_brand?post=230357"},{"taxonomy":"product_cat","embeddable":true,"href":"https:\/\/aromasentia.com\/de\/wp-json\/wp\/v2\/product_cat?post=230357"},{"taxonomy":"product_tag","embeddable":true,"href":"https:\/\/aromasentia.com\/de\/wp-json\/wp\/v2\/product_tag?post=230357"}],"curies":[{"name":"wp","href":"https:\/\/api.w.org\/{rel}","templated":true}]}}