{"id":230337,"date":"2025-03-22T14:18:40","date_gmt":"2025-03-22T14:18:40","guid":{"rendered":"https:\/\/aromasentia.com\/product\/room-perfume-display-stand-mango-wood\/"},"modified":"2025-12-30T20:03:20","modified_gmt":"2025-12-30T20:03:20","slug":"mangoholzstaender-fuer-raumduftoel","status":"publish","type":"product","link":"https:\/\/aromasentia.com\/de\/mangoholzstaender-fuer-raumduftoel\/","title":{"rendered":"Mangoholzst\u00e4nder f\u00fcr RaumDuft\u00f6l"},"content":{"rendered":"<p>Gr\u00f6\u00dfe des Holzst\u00e4nders Parf\u00fcm-Display<\/p>\n<p>Breite: 32cm, L\u00e4nge: 22.5cm, H\u00f6he: 31cm&nbsp;<\/p>\n<p>(H\u00f6he ohne den Kopf 21cm)<\/p>\n<p>Gr\u00f6\u00dfe des Regals: 27cm x 9.5cm<\/p>\n<p>Gewicht: 2kg<\/p>\n<p>Der St\u00e4nder wird leer verkauft, die Produkte dienen nur zur Veranschaulichung.<\/p>\n<p>Ein Parf\u00fcmst\u00e4nder mit zwei Regalen aus Holz fasst 24 Flaschen 50 ml.<\/p>\n","protected":false},"excerpt":{"rendered":"<p>Gr\u00f6\u00dfe des Holzst\u00e4nders Parf\u00fcm-Display Breite: 32cm, L\u00e4nge: 22.5cm, H\u00f6he: 31cm&nbsp; (H\u00f6he ohne den Kopf 21cm) Gr\u00f6\u00dfe des Regals: 27cm x 9.5cm Gewicht: 2kg Der St\u00e4nder wird leer verkauft, die Produkte dienen nur zur Veranschaulichung. Ein Parf\u00fcmst\u00e4nder mit zwei Regalen aus Holz fasst 24 Flaschen 50 ml.<\/p>\n","protected":false},"featured_media":356306,"comment_status":"closed","ping_status":"open","template":"","meta":{"_angie_page":false},"product_brand":[],"product_cat":[18532,14142],"product_tag":[],"class_list":{"0":"post-230337","1":"product","2":"type-product","3":"status-publish","4":"has-post-thumbnail","6":"product_cat-displaystander-und-regale","7":"product_cat-geschenkverpackung","8":"pa_collection-retail-display-stands-de","9":"pa_made-in-indien","11":"first","12":"outofstock","13":"purchasable","14":"product-type-simple"},"supplier_id":null,"supplier_sku":"RDS-122M","barcode":null,"atum_controlled":true,"out_stock_date":"2026-01-26 06:54:45","out_stock_threshold":null,"inheritable":false,"inbound_stock":null,"stock_on_hold":0,"sold_today":0,"sales_last_days":0,"reserved_stock":null,"customer_returns":null,"warehouse_damage":null,"lost_in_post":null,"other_logs":null,"out_stock_days":0,"lost_sales":0,"has_location":null,"update_date":"2026-04-27T07:19:28","atum_locations":[],"atum_stock_status":"outofstock","restock_status":false,"low_stock_amount":"","sales_update_date":"2025-09-05T00:27:53","calc_backorders":null,"_links":{"self":[{"href":"https:\/\/aromasentia.com\/de\/wp-json\/wp\/v2\/product\/230337","targetHints":{"allow":["GET"]}}],"collection":[{"href":"https:\/\/aromasentia.com\/de\/wp-json\/wp\/v2\/product"}],"about":[{"href":"https:\/\/aromasentia.com\/de\/wp-json\/wp\/v2\/types\/product"}],"replies":[{"embeddable":true,"href":"https:\/\/aromasentia.com\/de\/wp-json\/wp\/v2\/comments?post=230337"}],"version-history":[{"count":0,"href":"https:\/\/aromasentia.com\/de\/wp-json\/wp\/v2\/product\/230337\/revisions"}],"wp:featuredmedia":[{"embeddable":true,"href":"https:\/\/aromasentia.com\/de\/wp-json\/wp\/v2\/media\/356306"}],"wp:attachment":[{"href":"https:\/\/aromasentia.com\/de\/wp-json\/wp\/v2\/media?parent=230337"}],"wp:term":[{"taxonomy":"product_brand","embeddable":true,"href":"https:\/\/aromasentia.com\/de\/wp-json\/wp\/v2\/product_brand?post=230337"},{"taxonomy":"product_cat","embeddable":true,"href":"https:\/\/aromasentia.com\/de\/wp-json\/wp\/v2\/product_cat?post=230337"},{"taxonomy":"product_tag","embeddable":true,"href":"https:\/\/aromasentia.com\/de\/wp-json\/wp\/v2\/product_tag?post=230337"}],"curies":[{"name":"wp","href":"https:\/\/api.w.org\/{rel}","templated":true}]}}