{"id":230333,"date":"2025-03-22T14:18:40","date_gmt":"2025-03-22T14:18:40","guid":{"rendered":"https:\/\/aromasentia.com\/product\/essential-fragrance-oil-mango-wood-stand\/"},"modified":"2025-12-30T20:03:12","modified_gmt":"2025-12-30T20:03:12","slug":"mangoholzstaender-fuer-aetherische-oele-duftoele","status":"publish","type":"product","link":"https:\/\/aromasentia.com\/de\/mangoholzstaender-fuer-aetherische-oele-duftoele\/","title":{"rendered":"Mangoholzst\u00e4nder f\u00fcr \u00e4therische \u00d6le\/Duft\u00f6le"},"content":{"rendered":"<p>Gr\u00f6\u00dfe des Holzdisplays<\/p>\n<p>Breite: 36cm, L\u00e4nge: 33.5cm, H\u00f6he: 34cm&nbsp;<\/p>\n<p>(H\u00f6he ohne Kopfteil 24cm)<\/p>\n<p>Gr\u00f6\u00dfe des Regals: 30cm x 9cm<\/p>\n<p>Gewicht: 2.6kg<\/p>\n<p>Der St\u00e4nder wird leer verkauft, die Produkte dienen nur der Illustration.<\/p>\n<p>St\u00e4nder fasst: 90 Flaschen mit 25mm Durchmesser<\/p>\n","protected":false},"excerpt":{"rendered":"<p>Gr\u00f6\u00dfe des Holzdisplays Breite: 36cm, L\u00e4nge: 33.5cm, H\u00f6he: 34cm&nbsp; (H\u00f6he ohne Kopfteil 24cm) Gr\u00f6\u00dfe des Regals: 30cm x 9cm Gewicht: 2.6kg Der St\u00e4nder wird leer verkauft, die Produkte dienen nur der Illustration. St\u00e4nder fasst: 90 Flaschen mit 25mm Durchmesser<\/p>\n","protected":false},"featured_media":356265,"comment_status":"closed","ping_status":"open","template":"","meta":{"_angie_page":false},"product_brand":[],"product_cat":[18532,14142],"product_tag":[],"class_list":{"0":"post-230333","1":"product","2":"type-product","3":"status-publish","4":"has-post-thumbnail","6":"product_cat-displaystander-und-regale","7":"product_cat-geschenkverpackung","8":"pa_collection-retail-display-stands-de","9":"pa_made-in-indien","11":"first","12":"outofstock","13":"purchasable","14":"product-type-simple"},"supplier_id":null,"supplier_sku":"RDS-118M","barcode":null,"atum_controlled":true,"out_stock_date":"2026-01-25 15:06:48","out_stock_threshold":null,"inheritable":false,"inbound_stock":null,"stock_on_hold":0,"sold_today":0,"sales_last_days":0,"reserved_stock":null,"customer_returns":null,"warehouse_damage":null,"lost_in_post":null,"other_logs":null,"out_stock_days":0,"lost_sales":0,"has_location":null,"update_date":"2026-04-27T07:19:28","atum_locations":[],"atum_stock_status":"outofstock","restock_status":false,"low_stock_amount":"","sales_update_date":"2025-09-05T00:27:52","calc_backorders":null,"_links":{"self":[{"href":"https:\/\/aromasentia.com\/de\/wp-json\/wp\/v2\/product\/230333","targetHints":{"allow":["GET"]}}],"collection":[{"href":"https:\/\/aromasentia.com\/de\/wp-json\/wp\/v2\/product"}],"about":[{"href":"https:\/\/aromasentia.com\/de\/wp-json\/wp\/v2\/types\/product"}],"replies":[{"embeddable":true,"href":"https:\/\/aromasentia.com\/de\/wp-json\/wp\/v2\/comments?post=230333"}],"version-history":[{"count":0,"href":"https:\/\/aromasentia.com\/de\/wp-json\/wp\/v2\/product\/230333\/revisions"}],"wp:featuredmedia":[{"embeddable":true,"href":"https:\/\/aromasentia.com\/de\/wp-json\/wp\/v2\/media\/356265"}],"wp:attachment":[{"href":"https:\/\/aromasentia.com\/de\/wp-json\/wp\/v2\/media?parent=230333"}],"wp:term":[{"taxonomy":"product_brand","embeddable":true,"href":"https:\/\/aromasentia.com\/de\/wp-json\/wp\/v2\/product_brand?post=230333"},{"taxonomy":"product_cat","embeddable":true,"href":"https:\/\/aromasentia.com\/de\/wp-json\/wp\/v2\/product_cat?post=230333"},{"taxonomy":"product_tag","embeddable":true,"href":"https:\/\/aromasentia.com\/de\/wp-json\/wp\/v2\/product_tag?post=230333"}],"curies":[{"name":"wp","href":"https:\/\/api.w.org\/{rel}","templated":true}]}}