{"id":230329,"date":"2025-03-22T14:18:40","date_gmt":"2025-03-22T14:18:40","guid":{"rendered":"https:\/\/aromasentia.com\/product\/bath-bomb-5-shelf-display-brownwash\/"},"modified":"2025-12-30T20:03:12","modified_gmt":"2025-12-30T20:03:12","slug":"badebomben-displaystaender-braun","status":"publish","type":"product","link":"https:\/\/aromasentia.com\/de\/badebomben-displaystaender-braun\/","title":{"rendered":"Badebomben Displayst\u00e4nder &#8211; Braun"},"content":{"rendered":"<p><strong>F\u00fcnf Regale f\u00fcr Badebomben mit Tafel<\/strong>, dieses Regal ist ein sofortiger Platzsparer, der ebenso praktisch f\u00fcr die Pr\u00e4sentation Ihrer Badebomben ist.<\/p>\n<p>Liebevoll handgefertigt aus nachhaltigem Albesia Holz im Herzen der Bali D\u00f6rfer. Auch f\u00fcr B\u00fccher, Blument\u00f6pfe und Handt\u00fccher geeignet.<\/p>\n<p><strong>Gro\u00dfhandels-Badebombenst\u00e4nder<\/strong> sind so konzipiert, dass sie das Herzst\u00fcck eines modernen Geschenkeladens bilden: gut durchdacht, gut gemacht und \u00fcberraschend g\u00fcnstig. Der Look ist modern und \u00fcbersichtlich.<\/p>\n<p>Der St\u00e4nder besteht aus zwei Teilen, die mit Schrauben versehen sind, um die untere und obere Ablage zu befestigen. Der St\u00e4nder hat auch einen Haken auf der R\u00fcckseite, um ihn an der Wand zu befestigen.<\/p>\n<p><a href=\"https:\/\/aromasentia.com\/starter\"><strong><span style=\"color: rgb(184, 49, 47);\">Sehen Sie sich hier unser Badebomben-Starterpaket an.&nbsp;<\/span><\/strong><\/a><\/p>\n<p><strong><span style=\"color: rgb(0, 0, 0);\">Kaufen Sie jetzt und schaffen Sie den ultimativen Badehimmel in Ihrem Gesch\u00e4ft.&nbsp;<\/span><\/strong><strong><span style=\"color: rgb(0, 0, 0);\"><span class=\"fr-emoticon fr-deletable fr-emoticon-img\" style=\"background: url(https:\/\/cdnjs.cloudflare.com\/ajax\/libs\/emojione\/2.0.1\/assets\/svg\/1f600.svg);\">&nbsp;<\/span>&nbsp;<\/span><\/strong><\/p>\n<p><strong>Bitte beachten Sie: Bei Bestellungen au\u00dferhalb von UK MAINLAND &nbsp;wird der Versand des St\u00e4nders separat berechnet. &nbsp;Wir werden einen Kostenvoranschlag erstellen. &nbsp;&nbsp;<\/strong><\/p>\n<p><em>Bitte beachten Sie: Die St\u00e4nder werden leer verkauft.<\/em><\/p>\n<p><em><strong>Regalgr\u00f6\u00dfen: T:40cm B:56cm H:180cm<\/strong><\/em><\/p>\n","protected":false},"excerpt":{"rendered":"<p>F\u00fcnf Regale f\u00fcr Badebomben mit Tafel, dieses Regal ist ein sofortiger Platzsparer, der ebenso praktisch f\u00fcr die Pr\u00e4sentation Ihrer Badebomben ist. Liebevoll handgefertigt aus nachhaltigem Albesia Holz im Herzen der Bali D\u00f6rfer. Auch f\u00fcr B\u00fccher, Blument\u00f6pfe und Handt\u00fccher geeignet. Gro\u00dfhandels-Badebombenst\u00e4nder sind so konzipiert, dass sie das Herzst\u00fcck eines modernen Geschenkeladens bilden: gut durchdacht, gut gemacht [&hellip;]<\/p>\n","protected":false},"featured_media":356232,"comment_status":"closed","ping_status":"open","template":"","meta":{"_angie_page":false},"product_brand":[],"product_cat":[18532,14142],"product_tag":[],"class_list":{"0":"post-230329","1":"product","2":"type-product","3":"status-publish","4":"has-post-thumbnail","6":"product_cat-displaystander-und-regale","7":"product_cat-geschenkverpackung","8":"pa_collection-retail-display-stands-de","9":"pa_made-in-indonesien","11":"first","12":"outofstock","13":"purchasable","14":"product-type-simple"},"supplier_id":null,"supplier_sku":"RDS-127","barcode":null,"atum_controlled":true,"out_stock_date":"2026-01-23 13:06:33","out_stock_threshold":null,"inheritable":false,"inbound_stock":null,"stock_on_hold":0,"sold_today":0,"sales_last_days":0,"reserved_stock":null,"customer_returns":null,"warehouse_damage":null,"lost_in_post":null,"other_logs":null,"out_stock_days":0,"lost_sales":0,"has_location":null,"update_date":"2026-04-27T07:19:28","atum_locations":[],"atum_stock_status":"outofstock","restock_status":false,"low_stock_amount":"","sales_update_date":"2025-09-05T00:27:52","calc_backorders":null,"_links":{"self":[{"href":"https:\/\/aromasentia.com\/de\/wp-json\/wp\/v2\/product\/230329","targetHints":{"allow":["GET"]}}],"collection":[{"href":"https:\/\/aromasentia.com\/de\/wp-json\/wp\/v2\/product"}],"about":[{"href":"https:\/\/aromasentia.com\/de\/wp-json\/wp\/v2\/types\/product"}],"replies":[{"embeddable":true,"href":"https:\/\/aromasentia.com\/de\/wp-json\/wp\/v2\/comments?post=230329"}],"version-history":[{"count":0,"href":"https:\/\/aromasentia.com\/de\/wp-json\/wp\/v2\/product\/230329\/revisions"}],"wp:featuredmedia":[{"embeddable":true,"href":"https:\/\/aromasentia.com\/de\/wp-json\/wp\/v2\/media\/356232"}],"wp:attachment":[{"href":"https:\/\/aromasentia.com\/de\/wp-json\/wp\/v2\/media?parent=230329"}],"wp:term":[{"taxonomy":"product_brand","embeddable":true,"href":"https:\/\/aromasentia.com\/de\/wp-json\/wp\/v2\/product_brand?post=230329"},{"taxonomy":"product_cat","embeddable":true,"href":"https:\/\/aromasentia.com\/de\/wp-json\/wp\/v2\/product_cat?post=230329"},{"taxonomy":"product_tag","embeddable":true,"href":"https:\/\/aromasentia.com\/de\/wp-json\/wp\/v2\/product_tag?post=230329"}],"curies":[{"name":"wp","href":"https:\/\/api.w.org\/{rel}","templated":true}]}}