{"id":230321,"date":"2025-03-22T14:18:40","date_gmt":"2025-03-22T14:18:40","guid":{"rendered":"https:\/\/aromasentia.com\/product\/twentyfive-box-tray-display\/"},"modified":"2025-12-30T20:03:12","modified_gmt":"2025-12-30T20:03:12","slug":"25-box-tray-display","status":"publish","type":"product","link":"https:\/\/aromasentia.com\/de\/25-box-tray-display\/","title":{"rendered":"25-Box-Tray-Display"},"content":{"rendered":"<p><strong><span style=\"color: rgb(184, 49, 47);\">Der f\u00fcnfundzwanzig Boxen umfassende Holzst\u00e4nder<\/span><\/strong> ist so konzipiert, dass er das Herzst\u00fcck Ihres modernen Geschenkeladens bildet. Er ist gut durchdacht, gut gemacht und \u00fcberraschend g\u00fcnstig. Die Haptik ist modern und \u00fcbersichtlich.<\/p>\n<p><strong><span style=\"color: rgb(184, 49, 47);\">Gro\u00dfhandelsst\u00e4nder aus Holz<\/span>,&nbsp;<\/strong>die 25 F\u00e4cher sind komplett aus wei\u00df gekalktem Albesia-Holz, einem leichten und langlebigen Holz, gefertigt. Perfekt, um mit fertigen Produkten zu tragen, laden Sie Ihr Auto und direkt auf den Markt. Dieses praktische Display-Tablett ist au\u00dferdem mit einem faltbaren Kopfteil aus Kreide versehen. Stellen Sie sich das Tablett voller farbenfroher <strong><a class=\"fr-green\" href=\"https:\/\/aromasentia.com\/fgsoap\">Blumenf\u00f6rmiger G\u00e4steseifen<\/a>,&nbsp;<\/strong>sie w\u00fcrden die Aufmerksamkeit Ihrer Kunden auf sich ziehen.&nbsp;<strong><\/strong><\/p>\n<p>Jede Dose misst Tiefe: 7cm, Lenth: 6cm, Breite: 9cm<\/p>\n<p>Die Dose misst: Lenth:52cm, Tiefe:38cm, H\u00f6he:9.5cm Gewicht:1.930g<\/p>\n<p><strong><span style=\"color: rgb(184, 49, 47);\">Bestellen Sie noch heute dieses Display in Ihrem Gesch\u00e4ft. &nbsp;&nbsp;<\/span><\/strong><\/p>\n","protected":false},"excerpt":{"rendered":"<p>Der f\u00fcnfundzwanzig Boxen umfassende Holzst\u00e4nder ist so konzipiert, dass er das Herzst\u00fcck Ihres modernen Geschenkeladens bildet. Er ist gut durchdacht, gut gemacht und \u00fcberraschend g\u00fcnstig. Die Haptik ist modern und \u00fcbersichtlich. Gro\u00dfhandelsst\u00e4nder aus Holz,&nbsp;die 25 F\u00e4cher sind komplett aus wei\u00df gekalktem Albesia-Holz, einem leichten und langlebigen Holz, gefertigt. Perfekt, um mit fertigen Produkten zu tragen, [&hellip;]<\/p>\n","protected":false},"featured_media":356142,"comment_status":"closed","ping_status":"open","template":"","meta":{"_angie_page":false},"product_brand":[],"product_cat":[18532,14142],"product_tag":[],"class_list":{"0":"post-230321","1":"product","2":"type-product","3":"status-publish","4":"has-post-thumbnail","6":"product_cat-displaystander-und-regale","7":"product_cat-geschenkverpackung","8":"pa_collection-retail-display-stands-de","9":"pa_made-in-indonesien","11":"first","12":"instock","13":"purchasable","14":"product-type-simple"},"supplier_id":null,"supplier_sku":"RDS-57","barcode":null,"atum_controlled":true,"out_stock_date":null,"out_stock_threshold":null,"inheritable":false,"inbound_stock":null,"stock_on_hold":0,"sold_today":0,"sales_last_days":0,"reserved_stock":null,"customer_returns":null,"warehouse_damage":null,"lost_in_post":null,"other_logs":null,"out_stock_days":0,"lost_sales":0,"has_location":null,"update_date":"2026-05-08T05:17:59","atum_locations":[],"atum_stock_status":"instock","restock_status":false,"low_stock_amount":"","sales_update_date":"2026-01-30T01:24:30","calc_backorders":null,"_links":{"self":[{"href":"https:\/\/aromasentia.com\/de\/wp-json\/wp\/v2\/product\/230321","targetHints":{"allow":["GET"]}}],"collection":[{"href":"https:\/\/aromasentia.com\/de\/wp-json\/wp\/v2\/product"}],"about":[{"href":"https:\/\/aromasentia.com\/de\/wp-json\/wp\/v2\/types\/product"}],"replies":[{"embeddable":true,"href":"https:\/\/aromasentia.com\/de\/wp-json\/wp\/v2\/comments?post=230321"}],"version-history":[{"count":0,"href":"https:\/\/aromasentia.com\/de\/wp-json\/wp\/v2\/product\/230321\/revisions"}],"wp:featuredmedia":[{"embeddable":true,"href":"https:\/\/aromasentia.com\/de\/wp-json\/wp\/v2\/media\/356142"}],"wp:attachment":[{"href":"https:\/\/aromasentia.com\/de\/wp-json\/wp\/v2\/media?parent=230321"}],"wp:term":[{"taxonomy":"product_brand","embeddable":true,"href":"https:\/\/aromasentia.com\/de\/wp-json\/wp\/v2\/product_brand?post=230321"},{"taxonomy":"product_cat","embeddable":true,"href":"https:\/\/aromasentia.com\/de\/wp-json\/wp\/v2\/product_cat?post=230321"},{"taxonomy":"product_tag","embeddable":true,"href":"https:\/\/aromasentia.com\/de\/wp-json\/wp\/v2\/product_tag?post=230321"}],"curies":[{"name":"wp","href":"https:\/\/api.w.org\/{rel}","templated":true}]}}