{"id":230297,"date":"2025-03-22T16:04:38","date_gmt":"2025-03-22T16:04:38","guid":{"rendered":"https:\/\/aromasentia.com\/product\/bamboo-windchime-natural-finish-4-big-tubes\/"},"modified":"2025-12-30T20:03:12","modified_gmt":"2025-12-30T20:03:12","slug":"bambuswindspiel-4-grosse-roehren","status":"publish","type":"product","link":"https:\/\/aromasentia.com\/de\/bambuswindspiel-4-grosse-roehren\/","title":{"rendered":"Bambuswindspiel &#8211; 4 gro\u00dfe R\u00f6hren"},"content":{"rendered":"<p>Genie\u00dfen Sie tiefe, resonante T\u00f6ne mit diesem Windspiel aus Bambus &#8211; naturbelassen &#8211; 4 gro\u00dfe R\u00f6hren. Dieses beeindruckende Windspiel besteht aus vier gro\u00dfen Bambusrohren, die so konstruiert sind, dass sie tiefere, sonore und resonante T\u00f6ne erzeugen, wenn die Brise hindurchweht. Sein nat\u00fcrliches Bambus-Finish bietet ein authentisches, erdiges Aussehen, ideal f\u00fcr die Schaffung einer erdenden und friedlichen Atmosph\u00e4re in Ihrem Garten, auf Ihrer Veranda oder in Ihrem Meditationsraum. Ein bedeutendes St\u00fcck f\u00fcr alle, die reiche, nat\u00fcrliche Harmonien und rustikales Design sch\u00e4tzen.<\/p>\n","protected":false},"excerpt":{"rendered":"<p>Genie\u00dfen Sie tiefe, resonante T\u00f6ne mit diesem Windspiel aus Bambus &#8211; naturbelassen &#8211; 4 gro\u00dfe R\u00f6hren. Dieses beeindruckende Windspiel besteht aus vier gro\u00dfen Bambusrohren, die so konstruiert sind, dass sie tiefere, sonore und resonante T\u00f6ne erzeugen, wenn die Brise hindurchweht. Sein nat\u00fcrliches Bambus-Finish bietet ein authentisches, erdiges Aussehen, ideal f\u00fcr die Schaffung einer erdenden und [&hellip;]<\/p>\n","protected":false},"featured_media":642561,"comment_status":"closed","ping_status":"open","template":"","meta":{"_angie_page":false},"product_brand":[],"product_cat":[14451,17981],"product_tag":[],"class_list":{"0":"post-230297","1":"product","2":"type-product","3":"status-publish","4":"has-post-thumbnail","6":"product_cat-haus-und-gartendeko","7":"product_cat-windspiele","8":"pa_collection-bamboo-mountain-wind-chimes-de","9":"pa_made-in-indonesien","11":"first","12":"instock","13":"purchasable","14":"product-type-simple"},"supplier_id":null,"supplier_sku":"BBamC-08","barcode":null,"atum_controlled":true,"out_stock_date":null,"out_stock_threshold":null,"inheritable":false,"inbound_stock":null,"stock_on_hold":0,"sold_today":0,"sales_last_days":0,"reserved_stock":null,"customer_returns":null,"warehouse_damage":null,"lost_in_post":null,"other_logs":null,"out_stock_days":0,"lost_sales":0,"has_location":null,"update_date":"2026-04-27T06:54:15","atum_locations":[],"atum_stock_status":"instock","restock_status":false,"low_stock_amount":"","sales_update_date":"2026-02-06T00:01:27","calc_backorders":null,"_links":{"self":[{"href":"https:\/\/aromasentia.com\/de\/wp-json\/wp\/v2\/product\/230297","targetHints":{"allow":["GET"]}}],"collection":[{"href":"https:\/\/aromasentia.com\/de\/wp-json\/wp\/v2\/product"}],"about":[{"href":"https:\/\/aromasentia.com\/de\/wp-json\/wp\/v2\/types\/product"}],"replies":[{"embeddable":true,"href":"https:\/\/aromasentia.com\/de\/wp-json\/wp\/v2\/comments?post=230297"}],"version-history":[{"count":0,"href":"https:\/\/aromasentia.com\/de\/wp-json\/wp\/v2\/product\/230297\/revisions"}],"wp:featuredmedia":[{"embeddable":true,"href":"https:\/\/aromasentia.com\/de\/wp-json\/wp\/v2\/media\/642561"}],"wp:attachment":[{"href":"https:\/\/aromasentia.com\/de\/wp-json\/wp\/v2\/media?parent=230297"}],"wp:term":[{"taxonomy":"product_brand","embeddable":true,"href":"https:\/\/aromasentia.com\/de\/wp-json\/wp\/v2\/product_brand?post=230297"},{"taxonomy":"product_cat","embeddable":true,"href":"https:\/\/aromasentia.com\/de\/wp-json\/wp\/v2\/product_cat?post=230297"},{"taxonomy":"product_tag","embeddable":true,"href":"https:\/\/aromasentia.com\/de\/wp-json\/wp\/v2\/product_tag?post=230297"}],"curies":[{"name":"wp","href":"https:\/\/api.w.org\/{rel}","templated":true}]}}