{"id":230293,"date":"2025-03-22T16:04:38","date_gmt":"2025-03-22T16:04:38","guid":{"rendered":"https:\/\/aromasentia.com\/product\/bamboo-windchime-natural-finish-6-medium-tubes\/"},"modified":"2025-12-30T20:03:12","modified_gmt":"2025-12-30T20:03:12","slug":"bambuswindspiel-6-roehren","status":"publish","type":"product","link":"https:\/\/aromasentia.com\/de\/bambuswindspiel-6-roehren\/","title":{"rendered":"Bambuswindspiel &#8211; 6 R\u00f6hren"},"content":{"rendered":"<p>Schaffen Sie eine ruhige Atmosph\u00e4re mit diesem Windspiel aus Bambus &#8211; naturbelassen &#8211; 6 mittelgro\u00dfe R\u00f6hren. Dieses klassische Windspiel besteht aus sechs mittelgro\u00dfen Bambusrohren, die harmonische, sanfte T\u00f6ne erzeugen, wenn sie vom Wind bewegt werden. Die nat\u00fcrliche Oberfl\u00e4che des Bambus verleiht ihm eine organische, erdige \u00c4sthetik, die sich perfekt f\u00fcr G\u00e4rten, Terrassen oder jeden Raum eignet, in dem Sie Ruhe und Gelassenheit ausstrahlen m\u00f6chten. Eine einfache, aber elegante M\u00f6glichkeit, Ihrer Umgebung beruhigende, nat\u00fcrliche Kl\u00e4nge und einen Hauch von rustikaler Sch\u00f6nheit zu verleihen.<\/p>\n","protected":false},"excerpt":{"rendered":"<p>Schaffen Sie eine ruhige Atmosph\u00e4re mit diesem Windspiel aus Bambus &#8211; naturbelassen &#8211; 6 mittelgro\u00dfe R\u00f6hren. Dieses klassische Windspiel besteht aus sechs mittelgro\u00dfen Bambusrohren, die harmonische, sanfte T\u00f6ne erzeugen, wenn sie vom Wind bewegt werden. Die nat\u00fcrliche Oberfl\u00e4che des Bambus verleiht ihm eine organische, erdige \u00c4sthetik, die sich perfekt f\u00fcr G\u00e4rten, Terrassen oder jeden Raum [&hellip;]<\/p>\n","protected":false},"featured_media":358421,"comment_status":"closed","ping_status":"open","template":"","meta":{"_angie_page":false},"product_brand":[],"product_cat":[14451,17981],"product_tag":[],"class_list":{"0":"post-230293","1":"product","2":"type-product","3":"status-publish","4":"has-post-thumbnail","6":"product_cat-haus-und-gartendeko","7":"product_cat-windspiele","8":"pa_collection-bamboo-mountain-wind-chimes-de","9":"pa_made-in-indonesien","11":"first","12":"outofstock","13":"purchasable","14":"product-type-simple"},"supplier_id":null,"supplier_sku":"BBamC-10","barcode":null,"atum_controlled":true,"out_stock_date":"2026-04-25 15:20:09","out_stock_threshold":null,"inheritable":false,"inbound_stock":null,"stock_on_hold":0,"sold_today":0,"sales_last_days":0,"reserved_stock":null,"customer_returns":null,"warehouse_damage":null,"lost_in_post":null,"other_logs":null,"out_stock_days":0,"lost_sales":0,"has_location":null,"update_date":"2026-04-27T06:54:19","atum_locations":[],"atum_stock_status":"outofstock","restock_status":false,"low_stock_amount":"","sales_update_date":"2026-02-06T00:02:46","calc_backorders":null,"_links":{"self":[{"href":"https:\/\/aromasentia.com\/de\/wp-json\/wp\/v2\/product\/230293","targetHints":{"allow":["GET"]}}],"collection":[{"href":"https:\/\/aromasentia.com\/de\/wp-json\/wp\/v2\/product"}],"about":[{"href":"https:\/\/aromasentia.com\/de\/wp-json\/wp\/v2\/types\/product"}],"replies":[{"embeddable":true,"href":"https:\/\/aromasentia.com\/de\/wp-json\/wp\/v2\/comments?post=230293"}],"version-history":[{"count":0,"href":"https:\/\/aromasentia.com\/de\/wp-json\/wp\/v2\/product\/230293\/revisions"}],"wp:featuredmedia":[{"embeddable":true,"href":"https:\/\/aromasentia.com\/de\/wp-json\/wp\/v2\/media\/358421"}],"wp:attachment":[{"href":"https:\/\/aromasentia.com\/de\/wp-json\/wp\/v2\/media?parent=230293"}],"wp:term":[{"taxonomy":"product_brand","embeddable":true,"href":"https:\/\/aromasentia.com\/de\/wp-json\/wp\/v2\/product_brand?post=230293"},{"taxonomy":"product_cat","embeddable":true,"href":"https:\/\/aromasentia.com\/de\/wp-json\/wp\/v2\/product_cat?post=230293"},{"taxonomy":"product_tag","embeddable":true,"href":"https:\/\/aromasentia.com\/de\/wp-json\/wp\/v2\/product_tag?post=230293"}],"curies":[{"name":"wp","href":"https:\/\/api.w.org\/{rel}","templated":true}]}}