{"id":230237,"date":"2025-03-22T16:04:38","date_gmt":"2025-03-22T16:04:38","guid":{"rendered":"https:\/\/aromasentia.com\/product\/buddah-painting-gold-sand-finish\/"},"modified":"2025-12-30T20:03:05","modified_gmt":"2025-12-30T20:03:05","slug":"buddha-gemaelde-gold-sand-finish","status":"publish","type":"product","link":"https:\/\/aromasentia.com\/de\/buddha-gemaelde-gold-sand-finish\/","title":{"rendered":"Buddha Gem\u00e4lde &#8211; Gold &#8211; Sand-Finish"},"content":{"rendered":"<p><span style=\"color: rgb(75, 80, 88);\">Verleihen Sie Ihrem Gesch\u00e4ft mit unserer Auswahl an <strong>Buddha-Gem\u00e4lden<\/strong> Eleganz und Kultur. Mit Leidenschaft und Liebe von balinesischen Kunsthandwerkern auf feinster Leinwand und in Naturholzrahmen gefertigt, ist jedes Gem\u00e4lde ein Unikat und vom Maler signiert.<\/span><\/p>\n<p><span style=\"color: rgb(75, 80, 88);\">Ihre Buddha-Gem\u00e4lde werden montagefertig geliefert und versch\u00f6nern die W\u00e4nde im Zuhause Ihrer Kunden, in Yogastudios oder Souvenirl\u00e4den. Die spektakul\u00e4re Liebe zum Detail verleiht dem Gem\u00e4lde Realismus und Sch\u00f6nheit.<\/span><\/p>\n<p><span style=\"color: rgb(75, 80, 88);\">Dieses Buddha-Gem\u00e4lde verleiht jedem Raum eine entspannende und beruhigende Note. Sie sind in 14 verschiedenen Designs und Gr\u00f6\u00dfen erh\u00e4ltlich. Eine tolle Geschenkidee f\u00fcr Verwandte und Freunde. Jedes Paneel hat einen bereits am Holzrahmen montierten Haken auf der R\u00fcckseite und kann sofort nach dem Auspacken aufgeh\u00e4ngt werden.&nbsp;<\/span><\/p>\n<p><span style=\"color: rgb(75, 80, 88);\">Bestellen Sie Ihr Buddha-Gem\u00e4lde jetzt, begrenzter Vorrat.<\/span><\/p>\n<p><span style=\"color: rgb(75, 80, 88);\"><strong>Gr\u00f6\u00dfen: H: 80 B: 60 T: 3 cm<\/strong><\/span><\/p>\n","protected":false},"excerpt":{"rendered":"<p>Verleihen Sie Ihrem Gesch\u00e4ft mit unserer Auswahl an Buddha-Gem\u00e4lden Eleganz und Kultur. Mit Leidenschaft und Liebe von balinesischen Kunsthandwerkern auf feinster Leinwand und in Naturholzrahmen gefertigt, ist jedes Gem\u00e4lde ein Unikat und vom Maler signiert. Ihre Buddha-Gem\u00e4lde werden montagefertig geliefert und versch\u00f6nern die W\u00e4nde im Zuhause Ihrer Kunden, in Yogastudios oder Souvenirl\u00e4den. Die spektakul\u00e4re Liebe [&hellip;]<\/p>\n","protected":false},"featured_media":357911,"comment_status":"closed","ping_status":"open","template":"","meta":{"_angie_page":false},"product_brand":[],"product_cat":[16895,14451],"product_tag":[],"class_list":{"0":"post-230237","1":"product","2":"type-product","3":"status-publish","4":"has-post-thumbnail","6":"product_cat-dekoration","7":"product_cat-haus-und-gartendeko","8":"pa_collection-buddha-painting-de","9":"pa_made-in-indonesien","11":"first","12":"instock","13":"purchasable","14":"product-type-simple"},"supplier_id":null,"supplier_sku":"BAP-01","barcode":null,"atum_controlled":true,"out_stock_date":null,"out_stock_threshold":null,"inheritable":false,"inbound_stock":null,"stock_on_hold":0,"sold_today":0,"sales_last_days":0,"reserved_stock":null,"customer_returns":null,"warehouse_damage":null,"lost_in_post":null,"other_logs":null,"out_stock_days":0,"lost_sales":0,"has_location":null,"update_date":"2026-04-27T06:53:47","atum_locations":[],"atum_stock_status":"instock","restock_status":false,"low_stock_amount":"","sales_update_date":"2026-01-30T01:26:11","calc_backorders":null,"_links":{"self":[{"href":"https:\/\/aromasentia.com\/de\/wp-json\/wp\/v2\/product\/230237","targetHints":{"allow":["GET"]}}],"collection":[{"href":"https:\/\/aromasentia.com\/de\/wp-json\/wp\/v2\/product"}],"about":[{"href":"https:\/\/aromasentia.com\/de\/wp-json\/wp\/v2\/types\/product"}],"replies":[{"embeddable":true,"href":"https:\/\/aromasentia.com\/de\/wp-json\/wp\/v2\/comments?post=230237"}],"version-history":[{"count":0,"href":"https:\/\/aromasentia.com\/de\/wp-json\/wp\/v2\/product\/230237\/revisions"}],"wp:featuredmedia":[{"embeddable":true,"href":"https:\/\/aromasentia.com\/de\/wp-json\/wp\/v2\/media\/357911"}],"wp:attachment":[{"href":"https:\/\/aromasentia.com\/de\/wp-json\/wp\/v2\/media?parent=230237"}],"wp:term":[{"taxonomy":"product_brand","embeddable":true,"href":"https:\/\/aromasentia.com\/de\/wp-json\/wp\/v2\/product_brand?post=230237"},{"taxonomy":"product_cat","embeddable":true,"href":"https:\/\/aromasentia.com\/de\/wp-json\/wp\/v2\/product_cat?post=230237"},{"taxonomy":"product_tag","embeddable":true,"href":"https:\/\/aromasentia.com\/de\/wp-json\/wp\/v2\/product_tag?post=230237"}],"curies":[{"name":"wp","href":"https:\/\/api.w.org\/{rel}","templated":true}]}}