{"id":230225,"date":"2025-03-22T16:04:38","date_gmt":"2025-03-22T16:04:38","guid":{"rendered":"https:\/\/aromasentia.com\/product\/aluminium-mobile-hearts\/"},"modified":"2025-12-30T20:02:57","modified_gmt":"2025-12-30T20:02:57","slug":"aluminium-mobile-herzen","status":"publish","type":"product","link":"https:\/\/aromasentia.com\/de\/aluminium-mobile-herzen\/","title":{"rendered":"Aluminium-Mobile &#8211; Herzen"},"content":{"rendered":"<p>Wanddekorationen im Bali-Stil in modischen Pastellfarben und trendigen Formen verleihen jedem Zuhause einen Hauch von Bali-Magie. Geh\u00e4mmertes und handbemaltes Aluminium wird seit Generationen zur Herstellung von Opferk\u00e4sten f\u00fcr Tempel verwendet. Mit derselben Technik werden nun auch diese bezaubernden Aluminium-Mobiles gefertigt. Die handgefertigten Designs eines Mutter-Tochter-Unternehmens mit Perlen- und Quastendetails sind eine frische und wundersch\u00f6ne Wohndekoration.<\/p>\n","protected":false},"excerpt":{"rendered":"<p>Wanddekorationen im Bali-Stil in modischen Pastellfarben und trendigen Formen verleihen jedem Zuhause einen Hauch von Bali-Magie. Geh\u00e4mmertes und handbemaltes Aluminium wird seit Generationen zur Herstellung von Opferk\u00e4sten f\u00fcr Tempel verwendet. Mit derselben Technik werden nun auch diese bezaubernden Aluminium-Mobiles gefertigt. Die handgefertigten Designs eines Mutter-Tochter-Unternehmens mit Perlen- und Quastendetails sind eine frische und wundersch\u00f6ne Wohndekoration.<\/p>\n","protected":false},"featured_media":357732,"comment_status":"closed","ping_status":"open","template":"","meta":[],"product_brand":[],"product_cat":[14451,14452,14060],"product_tag":[],"class_list":{"0":"post-230225","1":"product","2":"type-product","3":"status-publish","4":"has-post-thumbnail","6":"product_cat-haus-und-gartendeko","7":"product_cat-makramees-und-traumfanger","8":"product_cat-vintage-geschenke-und-souvenirs","9":"pa_collection-bali-style-wall-decor-de","10":"pa_made-in-indonesien","12":"first","13":"instock","14":"purchasable","15":"product-type-simple"},"supplier_id":null,"supplier_sku":"BAM-02","barcode":null,"atum_controlled":true,"out_stock_date":null,"out_stock_threshold":null,"inheritable":false,"inbound_stock":null,"stock_on_hold":0,"sold_today":0,"sales_last_days":0,"reserved_stock":null,"customer_returns":null,"warehouse_damage":null,"lost_in_post":null,"other_logs":null,"out_stock_days":0,"lost_sales":0,"has_location":null,"update_date":"2026-01-30T01:26:32","atum_locations":[],"atum_stock_status":"instock","restock_status":false,"low_stock_amount":"","sales_update_date":"2026-01-30T01:26:32","calc_backorders":null,"_links":{"self":[{"href":"https:\/\/aromasentia.com\/de\/wp-json\/wp\/v2\/product\/230225","targetHints":{"allow":["GET"]}}],"collection":[{"href":"https:\/\/aromasentia.com\/de\/wp-json\/wp\/v2\/product"}],"about":[{"href":"https:\/\/aromasentia.com\/de\/wp-json\/wp\/v2\/types\/product"}],"replies":[{"embeddable":true,"href":"https:\/\/aromasentia.com\/de\/wp-json\/wp\/v2\/comments?post=230225"}],"version-history":[{"count":0,"href":"https:\/\/aromasentia.com\/de\/wp-json\/wp\/v2\/product\/230225\/revisions"}],"wp:featuredmedia":[{"embeddable":true,"href":"https:\/\/aromasentia.com\/de\/wp-json\/wp\/v2\/media\/357732"}],"wp:attachment":[{"href":"https:\/\/aromasentia.com\/de\/wp-json\/wp\/v2\/media?parent=230225"}],"wp:term":[{"taxonomy":"product_brand","embeddable":true,"href":"https:\/\/aromasentia.com\/de\/wp-json\/wp\/v2\/product_brand?post=230225"},{"taxonomy":"product_cat","embeddable":true,"href":"https:\/\/aromasentia.com\/de\/wp-json\/wp\/v2\/product_cat?post=230225"},{"taxonomy":"product_tag","embeddable":true,"href":"https:\/\/aromasentia.com\/de\/wp-json\/wp\/v2\/product_tag?post=230225"}],"curies":[{"name":"wp","href":"https:\/\/api.w.org\/{rel}","templated":true}]}}