{"id":230181,"date":"2025-03-22T16:04:38","date_gmt":"2025-03-22T16:04:38","guid":{"rendered":"https:\/\/aromasentia.com\/product\/salt-lamp-fittings-uk\/"},"modified":"2025-12-30T20:02:49","modified_gmt":"2025-12-30T20:02:49","slug":"salzlampenanschlusskabel-uk","status":"publish","type":"product","link":"https:\/\/aromasentia.com\/de\/salzlampenanschlusskabel-uk\/","title":{"rendered":"Salzlampenanschlusskabel &#8211; UK"},"content":{"rendered":"<p>UK Kabel f\u00fcr Salzlampe. F\u00fcr weitere Informationen \u00fcber Salzlampen, laden Sie bitte die Datei herunter, indem Sie auf den untenstehenden Link klicken.<\/p>\n<p><strong>Bitte beachten Sie, dass Sie das Passwort<\/strong> awuser ben\u00f6tigen, um die Informationen herunterzuladen.<\/p>\n<p><strong>Bitte beachten Sie<\/strong> Aufgrund der Natur dieser Lampen, k\u00f6nnen Gr\u00f6\u00dfe und Formen variieren. Die Bilder dienen nur zur Veranschaulichung.<\/p>\n<p><strong><span style=\"color: rgb(184, 49, 47);\">Diese Kabel passen nicht zu den Selenite Tower Lamps&nbsp;<\/span><\/strong><\/p>\n<p><strong>Kabell\u00e4nge: 1.5M&nbsp;<\/strong><\/p>\n","protected":false},"excerpt":{"rendered":"<p>UK Kabel f\u00fcr Salzlampe. F\u00fcr weitere Informationen \u00fcber Salzlampen, laden Sie bitte die Datei herunter, indem Sie auf den untenstehenden Link klicken. Bitte beachten Sie, dass Sie das Passwort awuser ben\u00f6tigen, um die Informationen herunterzuladen. Bitte beachten Sie Aufgrund der Natur dieser Lampen, k\u00f6nnen Gr\u00f6\u00dfe und Formen variieren. Die Bilder dienen nur zur Veranschaulichung. Diese [&hellip;]<\/p>\n","protected":false},"featured_media":357377,"comment_status":"closed","ping_status":"open","template":"","meta":{"_angie_page":false},"product_brand":[],"product_cat":[14451],"product_tag":[],"class_list":{"0":"post-230181","1":"product","2":"type-product","3":"status-publish","4":"has-post-thumbnail","6":"product_cat-haus-und-gartendeko","7":"pa_collection-plug-adaptors-usb-stations-de","8":"pa_made-in-china","10":"first","11":"instock","12":"purchasable","13":"product-type-simple"},"supplier_id":null,"supplier_sku":"Salt-54","barcode":null,"atum_controlled":true,"out_stock_date":null,"out_stock_threshold":null,"inheritable":false,"inbound_stock":null,"stock_on_hold":0,"sold_today":0,"sales_last_days":0,"reserved_stock":null,"customer_returns":null,"warehouse_damage":null,"lost_in_post":null,"other_logs":null,"out_stock_days":0,"lost_sales":0,"has_location":null,"update_date":"2026-05-08T05:18:01","atum_locations":[],"atum_stock_status":"instock","restock_status":false,"low_stock_amount":"","sales_update_date":"2025-09-05T00:28:05","calc_backorders":null,"_links":{"self":[{"href":"https:\/\/aromasentia.com\/de\/wp-json\/wp\/v2\/product\/230181","targetHints":{"allow":["GET"]}}],"collection":[{"href":"https:\/\/aromasentia.com\/de\/wp-json\/wp\/v2\/product"}],"about":[{"href":"https:\/\/aromasentia.com\/de\/wp-json\/wp\/v2\/types\/product"}],"replies":[{"embeddable":true,"href":"https:\/\/aromasentia.com\/de\/wp-json\/wp\/v2\/comments?post=230181"}],"version-history":[{"count":0,"href":"https:\/\/aromasentia.com\/de\/wp-json\/wp\/v2\/product\/230181\/revisions"}],"wp:featuredmedia":[{"embeddable":true,"href":"https:\/\/aromasentia.com\/de\/wp-json\/wp\/v2\/media\/357377"}],"wp:attachment":[{"href":"https:\/\/aromasentia.com\/de\/wp-json\/wp\/v2\/media?parent=230181"}],"wp:term":[{"taxonomy":"product_brand","embeddable":true,"href":"https:\/\/aromasentia.com\/de\/wp-json\/wp\/v2\/product_brand?post=230181"},{"taxonomy":"product_cat","embeddable":true,"href":"https:\/\/aromasentia.com\/de\/wp-json\/wp\/v2\/product_cat?post=230181"},{"taxonomy":"product_tag","embeddable":true,"href":"https:\/\/aromasentia.com\/de\/wp-json\/wp\/v2\/product_tag?post=230181"}],"curies":[{"name":"wp","href":"https:\/\/api.w.org\/{rel}","templated":true}]}}