{"id":230161,"date":"2025-03-22T16:04:38","date_gmt":"2025-03-22T16:04:38","guid":{"rendered":"https:\/\/aromasentia.com\/product\/mr-triangle-decoration-storage-3-draws\/"},"modified":"2025-12-30T20:02:49","modified_gmt":"2025-12-30T20:02:49","slug":"dreieck-kommode-mit-3-schubladen","status":"publish","type":"product","link":"https:\/\/aromasentia.com\/de\/dreieck-kommode-mit-3-schubladen\/","title":{"rendered":"Dreieck-Kommode mit 3 Schubladen"},"content":{"rendered":"<p><span style=\"color: rgb(75, 80, 88);\">BITTE BEACHTEN: Es fallen zus\u00e4tzliche Versandkosten an.<\/span><\/p>\n<p><span style=\"color: rgb(75, 80, 88);\">Bitte haben Sie Verst\u00e4ndnis daf\u00fcr, dass alle M\u00f6bel handgefertigt sind.<\/span><\/p>\n<p><span style=\"color: rgb(75, 80, 88);\">Jedes M\u00f6belst\u00fcck weist unterschiedliche Markierungen und Unvollkommenheiten auf.<\/span><\/p>\n<p><span style=\"color: rgb(75, 80, 88);\">Die M\u00f6bel sind Unikate.<\/span><\/p>\n","protected":false},"excerpt":{"rendered":"<p>BITTE BEACHTEN: Es fallen zus\u00e4tzliche Versandkosten an. Bitte haben Sie Verst\u00e4ndnis daf\u00fcr, dass alle M\u00f6bel handgefertigt sind. Jedes M\u00f6belst\u00fcck weist unterschiedliche Markierungen und Unvollkommenheiten auf. Die M\u00f6bel sind Unikate.<\/p>\n","protected":false},"featured_media":357332,"comment_status":"closed","ping_status":"open","template":"","meta":{"_angie_page":false},"product_brand":[27086],"product_cat":[14451,16883],"product_tag":[],"class_list":{"0":"post-230161","1":"product","2":"type-product","3":"status-publish","4":"has-post-thumbnail","6":"product_brand-agnes-and-cat","7":"product_cat-haus-und-gartendeko","8":"product_cat-mobel","9":"pa_collection-recycled-home-furniture-from-bali-de","10":"pa_made-in-indonesien","12":"first","13":"instock","14":"purchasable","15":"product-type-simple"},"supplier_id":null,"supplier_sku":"ACShop-15","barcode":null,"atum_controlled":true,"out_stock_date":null,"out_stock_threshold":null,"inheritable":false,"inbound_stock":null,"stock_on_hold":0,"sold_today":0,"sales_last_days":0,"reserved_stock":null,"customer_returns":null,"warehouse_damage":null,"lost_in_post":null,"other_logs":null,"out_stock_days":0,"lost_sales":0,"has_location":null,"update_date":"2026-04-29T18:50:32","atum_locations":[],"atum_stock_status":"instock","restock_status":false,"low_stock_amount":"","sales_update_date":"2025-10-09T03:23:09","calc_backorders":null,"_links":{"self":[{"href":"https:\/\/aromasentia.com\/de\/wp-json\/wp\/v2\/product\/230161","targetHints":{"allow":["GET"]}}],"collection":[{"href":"https:\/\/aromasentia.com\/de\/wp-json\/wp\/v2\/product"}],"about":[{"href":"https:\/\/aromasentia.com\/de\/wp-json\/wp\/v2\/types\/product"}],"replies":[{"embeddable":true,"href":"https:\/\/aromasentia.com\/de\/wp-json\/wp\/v2\/comments?post=230161"}],"version-history":[{"count":0,"href":"https:\/\/aromasentia.com\/de\/wp-json\/wp\/v2\/product\/230161\/revisions"}],"wp:featuredmedia":[{"embeddable":true,"href":"https:\/\/aromasentia.com\/de\/wp-json\/wp\/v2\/media\/357332"}],"wp:attachment":[{"href":"https:\/\/aromasentia.com\/de\/wp-json\/wp\/v2\/media?parent=230161"}],"wp:term":[{"taxonomy":"product_brand","embeddable":true,"href":"https:\/\/aromasentia.com\/de\/wp-json\/wp\/v2\/product_brand?post=230161"},{"taxonomy":"product_cat","embeddable":true,"href":"https:\/\/aromasentia.com\/de\/wp-json\/wp\/v2\/product_cat?post=230161"},{"taxonomy":"product_tag","embeddable":true,"href":"https:\/\/aromasentia.com\/de\/wp-json\/wp\/v2\/product_tag?post=230161"}],"curies":[{"name":"wp","href":"https:\/\/api.w.org\/{rel}","templated":true}]}}