{"id":230145,"date":"2025-03-22T16:04:38","date_gmt":"2025-03-22T16:04:38","guid":{"rendered":"https:\/\/aromasentia.com\/product\/small-round-coffee-table\/"},"modified":"2025-12-30T20:02:41","modified_gmt":"2025-12-30T20:02:41","slug":"kleiner-runder-kaffetisch","status":"publish","type":"product","link":"https:\/\/aromasentia.com\/de\/kleiner-runder-kaffetisch\/","title":{"rendered":"Kleiner runder Kaffetisch"},"content":{"rendered":"<p>Bitte haben Sie Verst\u00e4ndnis daf\u00fcr, dass alle M\u00f6bel handgefertigt sind.<\/p>\n<p>Jedes M\u00f6belst\u00fcck weist unterschiedliche Markierungen und Unvollkommenheiten auf.<\/p>\n<p>M\u00f6bel sind Unikate.<\/p>\n","protected":false},"excerpt":{"rendered":"<p>Bitte haben Sie Verst\u00e4ndnis daf\u00fcr, dass alle M\u00f6bel handgefertigt sind. Jedes M\u00f6belst\u00fcck weist unterschiedliche Markierungen und Unvollkommenheiten auf. M\u00f6bel sind Unikate.<\/p>\n","protected":false},"featured_media":357296,"comment_status":"closed","ping_status":"open","template":"","meta":{"_angie_page":false},"product_brand":[27086],"product_cat":[14451,16883],"product_tag":[],"class_list":{"0":"post-230145","1":"product","2":"type-product","3":"status-publish","4":"has-post-thumbnail","6":"product_brand-agnes-and-cat","7":"product_cat-haus-und-gartendeko","8":"product_cat-mobel","9":"pa_collection-recycled-home-furniture-from-bali-de","10":"pa_made-in-indonesien","12":"first","13":"instock","14":"purchasable","15":"product-type-simple"},"supplier_id":null,"supplier_sku":"ACShop-11","barcode":null,"atum_controlled":true,"out_stock_date":null,"out_stock_threshold":null,"inheritable":false,"inbound_stock":null,"stock_on_hold":0,"sold_today":0,"sales_last_days":0,"reserved_stock":null,"customer_returns":null,"warehouse_damage":null,"lost_in_post":null,"other_logs":null,"out_stock_days":0,"lost_sales":0,"has_location":null,"update_date":"2026-04-27T06:50:12","atum_locations":[],"atum_stock_status":"instock","restock_status":false,"low_stock_amount":"","sales_update_date":"2025-10-09T03:23:08","calc_backorders":null,"_links":{"self":[{"href":"https:\/\/aromasentia.com\/de\/wp-json\/wp\/v2\/product\/230145","targetHints":{"allow":["GET"]}}],"collection":[{"href":"https:\/\/aromasentia.com\/de\/wp-json\/wp\/v2\/product"}],"about":[{"href":"https:\/\/aromasentia.com\/de\/wp-json\/wp\/v2\/types\/product"}],"replies":[{"embeddable":true,"href":"https:\/\/aromasentia.com\/de\/wp-json\/wp\/v2\/comments?post=230145"}],"version-history":[{"count":0,"href":"https:\/\/aromasentia.com\/de\/wp-json\/wp\/v2\/product\/230145\/revisions"}],"wp:featuredmedia":[{"embeddable":true,"href":"https:\/\/aromasentia.com\/de\/wp-json\/wp\/v2\/media\/357296"}],"wp:attachment":[{"href":"https:\/\/aromasentia.com\/de\/wp-json\/wp\/v2\/media?parent=230145"}],"wp:term":[{"taxonomy":"product_brand","embeddable":true,"href":"https:\/\/aromasentia.com\/de\/wp-json\/wp\/v2\/product_brand?post=230145"},{"taxonomy":"product_cat","embeddable":true,"href":"https:\/\/aromasentia.com\/de\/wp-json\/wp\/v2\/product_cat?post=230145"},{"taxonomy":"product_tag","embeddable":true,"href":"https:\/\/aromasentia.com\/de\/wp-json\/wp\/v2\/product_tag?post=230145"}],"curies":[{"name":"wp","href":"https:\/\/api.w.org\/{rel}","templated":true}]}}