{"id":230141,"date":"2025-03-22T16:04:38","date_gmt":"2025-03-22T16:04:38","guid":{"rendered":"https:\/\/aromasentia.com\/product\/square-folding-coffee-table-50x50cm\/"},"modified":"2025-12-30T20:02:41","modified_gmt":"2025-12-30T20:02:41","slug":"zusammenklappbarer-tisch-recycling-holzmoebel-eckig-50x50cm","status":"publish","type":"product","link":"https:\/\/aromasentia.com\/de\/zusammenklappbarer-tisch-recycling-holzmoebel-eckig-50x50cm\/","title":{"rendered":"Zusammenklappbarer Tisch &#8211; Recycling Holzm\u00f6bel &#8211; Eckig 50x50cm"},"content":{"rendered":"<p><span style=\"color: rgb(75, 80, 88);\">Dieser <strong>quadratische, klappbare Couchtisch<\/strong> wurde auf Bali gr\u00f6\u00dftenteils aus recyceltem Teakholz von ausgemusterten Fischerbooten handgefertigt. Das abgelagerte Holz beh\u00e4lt einige der urspr\u00fcnglichen Farben und die rustikale Oberfl\u00e4che und ist ein perfekter Hintergrund f\u00fcr die Pr\u00e4sentation Ihrer Produkte oder eine sch\u00f6ne Erg\u00e4nzung f\u00fcr jede Inneneinrichtung.<\/span><\/p>\n<p><span style=\"color: rgb(75, 80, 88);\">Die nat\u00fcrliche Oberfl\u00e4che hebt die reichen Details und die Sch\u00f6nheit des Holzes hervor.<\/span><\/p>\n<p><span style=\"color: rgb(75, 80, 88);\"><strong>Da die M\u00f6bel handgefertigt sind, ist jedes St\u00fcck einzigartig und leicht anders.<\/strong> Es gibt auch einige Einschr\u00e4nkungen im Angebot, da die Kunsthandwerker, die diese M\u00f6bel herstellen, nur eine begrenzte Anzahl herstellen k\u00f6nnen.<\/span><\/p>\n<p><span style=\"color: rgb(75, 80, 88);\"><strong>Gr\u00f6\u00dfe: H 50 cm, B 50 cm, L 50 cm<\/strong><\/span><\/p>\n","protected":false},"excerpt":{"rendered":"<p>Dieser quadratische, klappbare Couchtisch wurde auf Bali gr\u00f6\u00dftenteils aus recyceltem Teakholz von ausgemusterten Fischerbooten handgefertigt. Das abgelagerte Holz beh\u00e4lt einige der urspr\u00fcnglichen Farben und die rustikale Oberfl\u00e4che und ist ein perfekter Hintergrund f\u00fcr die Pr\u00e4sentation Ihrer Produkte oder eine sch\u00f6ne Erg\u00e4nzung f\u00fcr jede Inneneinrichtung. Die nat\u00fcrliche Oberfl\u00e4che hebt die reichen Details und die Sch\u00f6nheit des [&hellip;]<\/p>\n","protected":false},"featured_media":357247,"comment_status":"closed","ping_status":"open","template":"","meta":{"_angie_page":false},"product_brand":[27086],"product_cat":[14451,16883],"product_tag":[],"class_list":{"0":"post-230141","1":"product","2":"type-product","3":"status-publish","4":"has-post-thumbnail","6":"product_brand-agnes-and-cat","7":"product_cat-haus-und-gartendeko","8":"product_cat-mobel","9":"pa_collection-recycled-home-furniture-from-bali-de","10":"pa_made-in-indonesien","12":"first","13":"instock","14":"purchasable","15":"product-type-simple"},"supplier_id":null,"supplier_sku":"ACSHOP-10","barcode":null,"atum_controlled":true,"out_stock_date":null,"out_stock_threshold":null,"inheritable":false,"inbound_stock":null,"stock_on_hold":0,"sold_today":0,"sales_last_days":0,"reserved_stock":null,"customer_returns":null,"warehouse_damage":null,"lost_in_post":null,"other_logs":null,"out_stock_days":0,"lost_sales":0,"has_location":null,"update_date":"2026-04-27T06:50:12","atum_locations":[],"atum_stock_status":"instock","restock_status":false,"low_stock_amount":"","sales_update_date":"2026-01-30T01:25:47","calc_backorders":null,"_links":{"self":[{"href":"https:\/\/aromasentia.com\/de\/wp-json\/wp\/v2\/product\/230141","targetHints":{"allow":["GET"]}}],"collection":[{"href":"https:\/\/aromasentia.com\/de\/wp-json\/wp\/v2\/product"}],"about":[{"href":"https:\/\/aromasentia.com\/de\/wp-json\/wp\/v2\/types\/product"}],"replies":[{"embeddable":true,"href":"https:\/\/aromasentia.com\/de\/wp-json\/wp\/v2\/comments?post=230141"}],"version-history":[{"count":0,"href":"https:\/\/aromasentia.com\/de\/wp-json\/wp\/v2\/product\/230141\/revisions"}],"wp:featuredmedia":[{"embeddable":true,"href":"https:\/\/aromasentia.com\/de\/wp-json\/wp\/v2\/media\/357247"}],"wp:attachment":[{"href":"https:\/\/aromasentia.com\/de\/wp-json\/wp\/v2\/media?parent=230141"}],"wp:term":[{"taxonomy":"product_brand","embeddable":true,"href":"https:\/\/aromasentia.com\/de\/wp-json\/wp\/v2\/product_brand?post=230141"},{"taxonomy":"product_cat","embeddable":true,"href":"https:\/\/aromasentia.com\/de\/wp-json\/wp\/v2\/product_cat?post=230141"},{"taxonomy":"product_tag","embeddable":true,"href":"https:\/\/aromasentia.com\/de\/wp-json\/wp\/v2\/product_tag?post=230141"}],"curies":[{"name":"wp","href":"https:\/\/api.w.org\/{rel}","templated":true}]}}