{"id":230133,"date":"2025-03-22T16:04:38","date_gmt":"2025-03-22T16:04:38","guid":{"rendered":"https:\/\/aromasentia.com\/product\/spare-oil-burner-dish-classic-11-5cm\/"},"modified":"2025-12-30T20:02:41","modified_gmt":"2025-12-30T20:02:41","slug":"ersatz-oelbrenner-schale-classic-11-5cm","status":"publish","type":"product","link":"https:\/\/aromasentia.com\/de\/ersatz-oelbrenner-schale-classic-11-5cm\/","title":{"rendered":"Ersatz-\u00d6lbrenner-Schale &#8211; Classic 11.5cm"},"content":{"rendered":"<p>Halten Sie Ihren \u00d6lbrenner funktionsf\u00e4hig mit dieser Ersatz-\u00d6lbrennerschale &#8211; Classic 11,5 cm. Diese Ersatzschale aus Glas oder Keramik mit klassischem Design und einem Durchmesser von 11,5 cm ist f\u00fcr die meisten Standard-\u00d6lbrenner geeignet. Sie eignet sich perfekt f\u00fcr den Fall, dass Ihre Originalschale zerbricht oder zu stark verschmutzt ist, und erm\u00f6glicht es Ihnen, Ihre bevorzugten \u00e4therischen \u00d6le oder Wachsschmelzen weiterhin zu genie\u00dfen. Ein praktisches und unentbehrliches Accessoire, um sicherzustellen, dass Ihre Aromatherapiesitzungen nicht unterbrochen werden und eine saubere und effektive Verbrennung gew\u00e4hrleistet ist.<\/p>\n","protected":false},"excerpt":{"rendered":"<p>Halten Sie Ihren \u00d6lbrenner funktionsf\u00e4hig mit dieser Ersatz-\u00d6lbrennerschale &#8211; Classic 11,5 cm. Diese Ersatzschale aus Glas oder Keramik mit klassischem Design und einem Durchmesser von 11,5 cm ist f\u00fcr die meisten Standard-\u00d6lbrenner geeignet. Sie eignet sich perfekt f\u00fcr den Fall, dass Ihre Originalschale zerbricht oder zu stark verschmutzt ist, und erm\u00f6glicht es Ihnen, Ihre bevorzugten [&hellip;]<\/p>\n","protected":false},"featured_media":357165,"comment_status":"closed","ping_status":"open","template":"","meta":{"_angie_page":false},"product_brand":[],"product_cat":[14451,14194,16979,14060],"product_tag":[],"class_list":{"0":"post-230133","1":"product","2":"type-product","3":"status-publish","4":"has-post-thumbnail","6":"product_cat-haus-und-gartendeko","7":"product_cat-sammlerfiguren","8":"product_cat-statuen-und-figuren","9":"product_cat-vintage-geschenke-und-souvenirs","10":"pa_collection-antique-buddha-collectables-de","11":"pa_made-in-china","13":"first","14":"instock","15":"purchasable","16":"product-type-simple"},"supplier_id":null,"supplier_sku":"OBDish-04","barcode":null,"atum_controlled":true,"out_stock_date":null,"out_stock_threshold":null,"inheritable":false,"inbound_stock":null,"stock_on_hold":0,"sold_today":0,"sales_last_days":0,"reserved_stock":null,"customer_returns":null,"warehouse_damage":null,"lost_in_post":null,"other_logs":null,"out_stock_days":0,"lost_sales":0,"has_location":null,"update_date":"2026-05-08T05:15:40","atum_locations":[],"atum_stock_status":"instock","restock_status":false,"low_stock_amount":"","sales_update_date":"2026-01-30T01:25:31","calc_backorders":null,"_links":{"self":[{"href":"https:\/\/aromasentia.com\/de\/wp-json\/wp\/v2\/product\/230133","targetHints":{"allow":["GET"]}}],"collection":[{"href":"https:\/\/aromasentia.com\/de\/wp-json\/wp\/v2\/product"}],"about":[{"href":"https:\/\/aromasentia.com\/de\/wp-json\/wp\/v2\/types\/product"}],"replies":[{"embeddable":true,"href":"https:\/\/aromasentia.com\/de\/wp-json\/wp\/v2\/comments?post=230133"}],"version-history":[{"count":0,"href":"https:\/\/aromasentia.com\/de\/wp-json\/wp\/v2\/product\/230133\/revisions"}],"wp:featuredmedia":[{"embeddable":true,"href":"https:\/\/aromasentia.com\/de\/wp-json\/wp\/v2\/media\/357165"}],"wp:attachment":[{"href":"https:\/\/aromasentia.com\/de\/wp-json\/wp\/v2\/media?parent=230133"}],"wp:term":[{"taxonomy":"product_brand","embeddable":true,"href":"https:\/\/aromasentia.com\/de\/wp-json\/wp\/v2\/product_brand?post=230133"},{"taxonomy":"product_cat","embeddable":true,"href":"https:\/\/aromasentia.com\/de\/wp-json\/wp\/v2\/product_cat?post=230133"},{"taxonomy":"product_tag","embeddable":true,"href":"https:\/\/aromasentia.com\/de\/wp-json\/wp\/v2\/product_tag?post=230133"}],"curies":[{"name":"wp","href":"https:\/\/api.w.org\/{rel}","templated":true}]}}