{"id":230129,"date":"2025-03-22T16:04:38","date_gmt":"2025-03-22T16:04:38","guid":{"rendered":"https:\/\/aromasentia.com\/product\/med-spare-glass-bowl-12cm-diameter\/"},"modified":"2025-12-30T20:02:41","modified_gmt":"2025-12-30T20:02:41","slug":"med-spare-glass-bowl-12cm-diameter","status":"publish","type":"product","link":"https:\/\/aromasentia.com\/de\/med-spare-glass-bowl-12cm-diameter\/","title":{"rendered":"Med Spare Glass Bowl &#8211; 12cm Diameter"},"content":{"rendered":"<p>Ersatzglasschalen f\u00fcr \u00d6lbrenner von Aroma Sentia-ping werden in der Gr\u00f6\u00dfe 12 cm x 12 cm x 2,5 cm verkauft.<\/p>\n<p>Dies sind Standardgr\u00f6\u00dfen f\u00fcr die meisten \u00d6lbrenner, die \u00fcber eine separate Glasschale verf\u00fcgen.<\/p>\n<p>Nur zur Verwendung mit \u00d6len geeignet. Die Glasschale sollte nicht mit Schmelzen und Granulaten verwendet werden.<\/p>\n<p>Es ist immer am besten, eine Ersatzschale zu haben.<\/p>\n","protected":false},"excerpt":{"rendered":"<p>Ersatzglasschalen f\u00fcr \u00d6lbrenner von Aroma Sentia-ping werden in der Gr\u00f6\u00dfe 12 cm x 12 cm x 2,5 cm verkauft. Dies sind Standardgr\u00f6\u00dfen f\u00fcr die meisten \u00d6lbrenner, die \u00fcber eine separate Glasschale verf\u00fcgen. Nur zur Verwendung mit \u00d6len geeignet. Die Glasschale sollte nicht mit Schmelzen und Granulaten verwendet werden. Es ist immer am besten, eine Ersatzschale [&hellip;]<\/p>\n","protected":false},"featured_media":357148,"comment_status":"closed","ping_status":"open","template":"","meta":{"_angie_page":false},"product_brand":[],"product_cat":[14451,14194,16979,14060],"product_tag":[],"class_list":{"0":"post-230129","1":"product","2":"type-product","3":"status-publish","4":"has-post-thumbnail","6":"product_cat-haus-und-gartendeko","7":"product_cat-sammlerfiguren","8":"product_cat-statuen-und-figuren","9":"product_cat-vintage-geschenke-und-souvenirs","10":"pa_collection-antique-buddha-collectables-de","11":"pa_made-in-china","13":"first","14":"instock","15":"purchasable","16":"product-type-simple"},"supplier_id":null,"supplier_sku":"OBDISH-03","barcode":null,"atum_controlled":true,"out_stock_date":null,"out_stock_threshold":null,"inheritable":false,"inbound_stock":null,"stock_on_hold":0,"sold_today":0,"sales_last_days":0,"reserved_stock":null,"customer_returns":null,"warehouse_damage":null,"lost_in_post":null,"other_logs":null,"out_stock_days":0,"lost_sales":0,"has_location":null,"update_date":"2026-04-27T07:16:19","atum_locations":[],"atum_stock_status":"instock","restock_status":false,"low_stock_amount":"","sales_update_date":"2026-01-30T01:25:31","calc_backorders":null,"_links":{"self":[{"href":"https:\/\/aromasentia.com\/de\/wp-json\/wp\/v2\/product\/230129","targetHints":{"allow":["GET"]}}],"collection":[{"href":"https:\/\/aromasentia.com\/de\/wp-json\/wp\/v2\/product"}],"about":[{"href":"https:\/\/aromasentia.com\/de\/wp-json\/wp\/v2\/types\/product"}],"replies":[{"embeddable":true,"href":"https:\/\/aromasentia.com\/de\/wp-json\/wp\/v2\/comments?post=230129"}],"version-history":[{"count":0,"href":"https:\/\/aromasentia.com\/de\/wp-json\/wp\/v2\/product\/230129\/revisions"}],"wp:featuredmedia":[{"embeddable":true,"href":"https:\/\/aromasentia.com\/de\/wp-json\/wp\/v2\/media\/357148"}],"wp:attachment":[{"href":"https:\/\/aromasentia.com\/de\/wp-json\/wp\/v2\/media?parent=230129"}],"wp:term":[{"taxonomy":"product_brand","embeddable":true,"href":"https:\/\/aromasentia.com\/de\/wp-json\/wp\/v2\/product_brand?post=230129"},{"taxonomy":"product_cat","embeddable":true,"href":"https:\/\/aromasentia.com\/de\/wp-json\/wp\/v2\/product_cat?post=230129"},{"taxonomy":"product_tag","embeddable":true,"href":"https:\/\/aromasentia.com\/de\/wp-json\/wp\/v2\/product_tag?post=230129"}],"curies":[{"name":"wp","href":"https:\/\/api.w.org\/{rel}","templated":true}]}}