{"id":230121,"date":"2025-03-22T16:04:38","date_gmt":"2025-03-22T16:04:38","guid":{"rendered":"https:\/\/aromasentia.com\/product\/antique-buddha-offering-hands-oil-burner\/"},"modified":"2025-12-30T20:02:41","modified_gmt":"2025-12-30T20:02:41","slug":"antike-buddha-duftlampe-haendeangebot","status":"publish","type":"product","link":"https:\/\/aromasentia.com\/de\/antike-buddha-duftlampe-haendeangebot\/","title":{"rendered":"Antike Buddha Duftlampe &#8211; H\u00e4ndeangebot"},"content":{"rendered":"<p>Antiker Buddha \u2013 \u00d6lbrenner mit darbietenden H\u00e4nden<\/p>\n<p>Antike Buddha-Sammlerst\u00fccke eignen sich perfekt f\u00fcr jedes Zuhause, Restaurant, Teestube, Yoga-Zentrum oder Meditationsraum.&nbsp;<\/p>\n<p>Verleihen Sie Ihrem Zuhause und dem Ihrer Kunden mehr Zen-Atmosph\u00e4re mit diesen weisen antiken Buddha-Sammlerst\u00fccken von Aroma Sentia \u2013 ping und sehen Sie zu, wie sie in Ihrem Zimmer hervorstechen.<\/p>\n<p>Entspannen Sie sich \u262f und legen Sie uns in Ihren Einkaufswagen.<\/p>\n","protected":false},"excerpt":{"rendered":"<p>Antiker Buddha \u2013 \u00d6lbrenner mit darbietenden H\u00e4nden Antike Buddha-Sammlerst\u00fccke eignen sich perfekt f\u00fcr jedes Zuhause, Restaurant, Teestube, Yoga-Zentrum oder Meditationsraum.&nbsp; Verleihen Sie Ihrem Zuhause und dem Ihrer Kunden mehr Zen-Atmosph\u00e4re mit diesen weisen antiken Buddha-Sammlerst\u00fccken von Aroma Sentia \u2013 ping und sehen Sie zu, wie sie in Ihrem Zimmer hervorstechen. Entspannen Sie sich \u262f und [&hellip;]<\/p>\n","protected":false},"featured_media":357042,"comment_status":"closed","ping_status":"open","template":"","meta":{"_angie_page":false},"product_brand":[],"product_cat":[16519,18408],"product_tag":[],"class_list":{"0":"post-230121","1":"product","2":"type-product","3":"status-publish","4":"has-post-thumbnail","6":"product_cat-aroma-diffuser-duftstabchen-und-olbrenner","7":"product_cat-duftlampen","8":"pa_collection-antique-buddha-collectables-de","9":"pa_made-in-china","11":"first","12":"instock","13":"purchasable","14":"product-type-simple"},"supplier_id":null,"supplier_sku":"ABC-01","barcode":null,"atum_controlled":true,"out_stock_date":null,"out_stock_threshold":null,"inheritable":false,"inbound_stock":null,"stock_on_hold":0,"sold_today":0,"sales_last_days":0,"reserved_stock":null,"customer_returns":null,"warehouse_damage":null,"lost_in_post":null,"other_logs":null,"out_stock_days":0,"lost_sales":0,"has_location":null,"update_date":"2026-04-27T06:48:47","atum_locations":[],"atum_stock_status":"instock","restock_status":false,"low_stock_amount":"","sales_update_date":"2026-01-30T01:24:53","calc_backorders":null,"_links":{"self":[{"href":"https:\/\/aromasentia.com\/de\/wp-json\/wp\/v2\/product\/230121","targetHints":{"allow":["GET"]}}],"collection":[{"href":"https:\/\/aromasentia.com\/de\/wp-json\/wp\/v2\/product"}],"about":[{"href":"https:\/\/aromasentia.com\/de\/wp-json\/wp\/v2\/types\/product"}],"replies":[{"embeddable":true,"href":"https:\/\/aromasentia.com\/de\/wp-json\/wp\/v2\/comments?post=230121"}],"version-history":[{"count":0,"href":"https:\/\/aromasentia.com\/de\/wp-json\/wp\/v2\/product\/230121\/revisions"}],"wp:featuredmedia":[{"embeddable":true,"href":"https:\/\/aromasentia.com\/de\/wp-json\/wp\/v2\/media\/357042"}],"wp:attachment":[{"href":"https:\/\/aromasentia.com\/de\/wp-json\/wp\/v2\/media?parent=230121"}],"wp:term":[{"taxonomy":"product_brand","embeddable":true,"href":"https:\/\/aromasentia.com\/de\/wp-json\/wp\/v2\/product_brand?post=230121"},{"taxonomy":"product_cat","embeddable":true,"href":"https:\/\/aromasentia.com\/de\/wp-json\/wp\/v2\/product_cat?post=230121"},{"taxonomy":"product_tag","embeddable":true,"href":"https:\/\/aromasentia.com\/de\/wp-json\/wp\/v2\/product_tag?post=230121"}],"curies":[{"name":"wp","href":"https:\/\/api.w.org\/{rel}","templated":true}]}}