{"id":230053,"date":"2025-03-22T16:04:38","date_gmt":"2025-03-22T16:04:38","guid":{"rendered":"https:\/\/aromasentia.com\/product\/driftwood-bee-insect-wide-house-box\/"},"modified":"2025-12-30T20:02:25","modified_gmt":"2025-12-30T20:02:25","slug":"driftwood-bienen-und-insektenkasten-grossraumkasten","status":"publish","type":"product","link":"https:\/\/aromasentia.com\/de\/driftwood-bienen-und-insektenkasten-grossraumkasten\/","title":{"rendered":"Driftwood Bienen- und Insektenkasten &#8211; Gro\u00dfraumkasten"},"content":{"rendered":"<p>Bieten Sie einen gro\u00dfartigen Unterschlupf mit diesem Treibholzkasten f\u00fcr Bienen und Insekten. Dieses gro\u00dfz\u00fcgig bemessene &#8222;gro\u00dfe Haus&#8220; ist aus nat\u00fcrlichem Treibholz gefertigt und bietet einen umfangreichen und vielf\u00e4ltigen Lebensraum f\u00fcr n\u00fctzliche Garteninsekten. Die gro\u00dfe Struktur und die vielen F\u00e4cher sind so konzipiert, dass sie eine Vielzahl von Best\u00e4ubern und Sch\u00e4dlingsbek\u00e4mpfern anziehen und beherbergen. Es ist eine wichtige und sch\u00f6ne Erg\u00e4nzung f\u00fcr jeden umweltbewussten Garten und f\u00f6rdert die Artenvielfalt, w\u00e4hrend es gleichzeitig ein markantes Element rustikaler, nat\u00fcrlicher Kunstfertigkeit darstellt.<\/p>\n","protected":false},"excerpt":{"rendered":"<p>Bieten Sie einen gro\u00dfartigen Unterschlupf mit diesem Treibholzkasten f\u00fcr Bienen und Insekten. Dieses gro\u00dfz\u00fcgig bemessene &#8222;gro\u00dfe Haus&#8220; ist aus nat\u00fcrlichem Treibholz gefertigt und bietet einen umfangreichen und vielf\u00e4ltigen Lebensraum f\u00fcr n\u00fctzliche Garteninsekten. Die gro\u00dfe Struktur und die vielen F\u00e4cher sind so konzipiert, dass sie eine Vielzahl von Best\u00e4ubern und Sch\u00e4dlingsbek\u00e4mpfern anziehen und beherbergen. Es ist [&hellip;]<\/p>\n","protected":false},"featured_media":358649,"comment_status":"closed","ping_status":"open","template":"","meta":{"_angie_page":false},"product_brand":[],"product_cat":[16895,14451],"product_tag":[],"class_list":{"0":"post-230053","1":"product","2":"type-product","3":"status-publish","4":"has-post-thumbnail","6":"product_cat-dekoration","7":"product_cat-haus-und-gartendeko","8":"pa_made-in-indonesien","10":"first","11":"instock","12":"purchasable","13":"product-type-simple"},"supplier_id":null,"supplier_sku":"BBBox-09DS","barcode":null,"atum_controlled":true,"out_stock_date":null,"out_stock_threshold":null,"inheritable":false,"inbound_stock":null,"stock_on_hold":0,"sold_today":0,"sales_last_days":0,"reserved_stock":null,"customer_returns":null,"warehouse_damage":null,"lost_in_post":null,"other_logs":null,"out_stock_days":0,"lost_sales":0,"has_location":null,"update_date":"2026-04-27T06:54:19","atum_locations":[],"atum_stock_status":"instock","restock_status":false,"low_stock_amount":"","sales_update_date":"2026-01-30T01:25:50","calc_backorders":null,"_links":{"self":[{"href":"https:\/\/aromasentia.com\/de\/wp-json\/wp\/v2\/product\/230053","targetHints":{"allow":["GET"]}}],"collection":[{"href":"https:\/\/aromasentia.com\/de\/wp-json\/wp\/v2\/product"}],"about":[{"href":"https:\/\/aromasentia.com\/de\/wp-json\/wp\/v2\/types\/product"}],"replies":[{"embeddable":true,"href":"https:\/\/aromasentia.com\/de\/wp-json\/wp\/v2\/comments?post=230053"}],"version-history":[{"count":0,"href":"https:\/\/aromasentia.com\/de\/wp-json\/wp\/v2\/product\/230053\/revisions"}],"wp:featuredmedia":[{"embeddable":true,"href":"https:\/\/aromasentia.com\/de\/wp-json\/wp\/v2\/media\/358649"}],"wp:attachment":[{"href":"https:\/\/aromasentia.com\/de\/wp-json\/wp\/v2\/media?parent=230053"}],"wp:term":[{"taxonomy":"product_brand","embeddable":true,"href":"https:\/\/aromasentia.com\/de\/wp-json\/wp\/v2\/product_brand?post=230053"},{"taxonomy":"product_cat","embeddable":true,"href":"https:\/\/aromasentia.com\/de\/wp-json\/wp\/v2\/product_cat?post=230053"},{"taxonomy":"product_tag","embeddable":true,"href":"https:\/\/aromasentia.com\/de\/wp-json\/wp\/v2\/product_tag?post=230053"}],"curies":[{"name":"wp","href":"https:\/\/api.w.org\/{rel}","templated":true}]}}