{"id":230049,"date":"2025-03-22T16:04:38","date_gmt":"2025-03-22T16:04:38","guid":{"rendered":"https:\/\/aromasentia.com\/product\/driftwood-bee-insect-double-box\/"},"modified":"2025-12-30T20:02:25","modified_gmt":"2025-12-30T20:02:25","slug":"bienen-und-insektenkasten-aus-treibholz-doppelter-kasten","status":"publish","type":"product","link":"https:\/\/aromasentia.com\/de\/bienen-und-insektenkasten-aus-treibholz-doppelter-kasten\/","title":{"rendered":"Bienen- und Insektenkasten aus Treibholz &#8211; Doppelter Kasten"},"content":{"rendered":"<p>Schaffen Sie sich einen gr\u00f6\u00dferen Zufluchtsort mit dieser Bienen- und Insekten-Doppelbox aus Treibholz. Dieser erweiterte Lebensraum aus nat\u00fcrlichem Treibholz bietet noch mehr Nischen und Verstecke f\u00fcr n\u00fctzliche Insekten wie Solit\u00e4rbienen und Florfliegen. Das &#8222;Doppelkasten&#8220;-Design bietet verschiedene F\u00e4chergr\u00f6\u00dfen und Materialien, um eine gr\u00f6\u00dfere Anzahl n\u00fctzlicher Garteng\u00e4ste anzulocken. Eine sch\u00f6ne, rustikale und umweltfreundliche Art und Weise, das \u00d6kosystem Ihres Gartens zu f\u00f6rdern und die Natur aus n\u00e4chster N\u00e4he zu beobachten, was ihm einen organischen Charme verleiht.<\/p>\n","protected":false},"excerpt":{"rendered":"<p>Schaffen Sie sich einen gr\u00f6\u00dferen Zufluchtsort mit dieser Bienen- und Insekten-Doppelbox aus Treibholz. Dieser erweiterte Lebensraum aus nat\u00fcrlichem Treibholz bietet noch mehr Nischen und Verstecke f\u00fcr n\u00fctzliche Insekten wie Solit\u00e4rbienen und Florfliegen. Das &#8222;Doppelkasten&#8220;-Design bietet verschiedene F\u00e4chergr\u00f6\u00dfen und Materialien, um eine gr\u00f6\u00dfere Anzahl n\u00fctzlicher Garteng\u00e4ste anzulocken. Eine sch\u00f6ne, rustikale und umweltfreundliche Art und Weise, das [&hellip;]<\/p>\n","protected":false},"featured_media":358624,"comment_status":"closed","ping_status":"open","template":"","meta":{"_angie_page":false},"product_brand":[],"product_cat":[16895,14451],"product_tag":[],"class_list":{"0":"post-230049","1":"product","2":"type-product","3":"status-publish","4":"has-post-thumbnail","6":"product_cat-dekoration","7":"product_cat-haus-und-gartendeko","8":"pa_made-in-indonesien","10":"first","11":"instock","12":"purchasable","13":"product-type-simple"},"supplier_id":null,"supplier_sku":"BBBox-08DS","barcode":null,"atum_controlled":true,"out_stock_date":null,"out_stock_threshold":null,"inheritable":false,"inbound_stock":null,"stock_on_hold":0,"sold_today":0,"sales_last_days":0,"reserved_stock":null,"customer_returns":null,"warehouse_damage":null,"lost_in_post":null,"other_logs":null,"out_stock_days":0,"lost_sales":0,"has_location":null,"update_date":"2026-04-27T06:54:19","atum_locations":[],"atum_stock_status":"instock","restock_status":false,"low_stock_amount":"","sales_update_date":"2026-01-30T01:25:22","calc_backorders":null,"_links":{"self":[{"href":"https:\/\/aromasentia.com\/de\/wp-json\/wp\/v2\/product\/230049","targetHints":{"allow":["GET"]}}],"collection":[{"href":"https:\/\/aromasentia.com\/de\/wp-json\/wp\/v2\/product"}],"about":[{"href":"https:\/\/aromasentia.com\/de\/wp-json\/wp\/v2\/types\/product"}],"replies":[{"embeddable":true,"href":"https:\/\/aromasentia.com\/de\/wp-json\/wp\/v2\/comments?post=230049"}],"version-history":[{"count":0,"href":"https:\/\/aromasentia.com\/de\/wp-json\/wp\/v2\/product\/230049\/revisions"}],"wp:featuredmedia":[{"embeddable":true,"href":"https:\/\/aromasentia.com\/de\/wp-json\/wp\/v2\/media\/358624"}],"wp:attachment":[{"href":"https:\/\/aromasentia.com\/de\/wp-json\/wp\/v2\/media?parent=230049"}],"wp:term":[{"taxonomy":"product_brand","embeddable":true,"href":"https:\/\/aromasentia.com\/de\/wp-json\/wp\/v2\/product_brand?post=230049"},{"taxonomy":"product_cat","embeddable":true,"href":"https:\/\/aromasentia.com\/de\/wp-json\/wp\/v2\/product_cat?post=230049"},{"taxonomy":"product_tag","embeddable":true,"href":"https:\/\/aromasentia.com\/de\/wp-json\/wp\/v2\/product_tag?post=230049"}],"curies":[{"name":"wp","href":"https:\/\/api.w.org\/{rel}","templated":true}]}}