{"id":230045,"date":"2025-03-22T16:04:38","date_gmt":"2025-03-22T16:04:38","guid":{"rendered":"https:\/\/aromasentia.com\/product\/driftwood-birdbox-on-stand\/"},"modified":"2025-12-30T20:02:25","modified_gmt":"2025-12-30T20:02:25","slug":"vogelbauer-aus-treibholz-auf-staender","status":"publish","type":"product","link":"https:\/\/aromasentia.com\/de\/vogelbauer-aus-treibholz-auf-staender\/","title":{"rendered":"Vogelbauer aus Treibholz &#8211; auf St\u00e4nder"},"content":{"rendered":"<p>Erh\u00f6hen Sie den Charme Ihres Gartens mit diesem Vogelh\u00e4uschen aus Treibholz &#8211; auf St\u00e4nder. Dieses entz\u00fcckende Vogelhaus aus nat\u00fcrlichem Treibholz wird mit einem eigenen St\u00e4nder geliefert, der eine vielseitige Platzierung in Ihrem Garten, auf der Terrasse oder dem Balkon erm\u00f6glicht. Es bietet einen einzigartigen, rustikalen Nistplatz f\u00fcr kleine V\u00f6gel, wobei jedes St\u00fcck die organische Sch\u00f6nheit von verwittertem Holz zur Geltung bringt. Ein h\u00fcbsches, freistehendes Dekorationselement, das die Tierwelt unterst\u00fctzt und einen Hauch von handgefertigter, nat\u00fcrlicher Kunstfertigkeit in Ihren Au\u00dfenbereich bringt.<\/p>\n","protected":false},"excerpt":{"rendered":"<p>Erh\u00f6hen Sie den Charme Ihres Gartens mit diesem Vogelh\u00e4uschen aus Treibholz &#8211; auf St\u00e4nder. Dieses entz\u00fcckende Vogelhaus aus nat\u00fcrlichem Treibholz wird mit einem eigenen St\u00e4nder geliefert, der eine vielseitige Platzierung in Ihrem Garten, auf der Terrasse oder dem Balkon erm\u00f6glicht. Es bietet einen einzigartigen, rustikalen Nistplatz f\u00fcr kleine V\u00f6gel, wobei jedes St\u00fcck die organische Sch\u00f6nheit [&hellip;]<\/p>\n","protected":false},"featured_media":358607,"comment_status":"closed","ping_status":"open","template":"","meta":{"_angie_page":false},"product_brand":[],"product_cat":[16895,14451],"product_tag":[],"class_list":{"0":"post-230045","1":"product","2":"type-product","3":"status-publish","4":"has-post-thumbnail","6":"product_cat-dekoration","7":"product_cat-haus-und-gartendeko","8":"pa_made-in-indonesien","10":"first","11":"instock","12":"purchasable","13":"product-type-simple"},"supplier_id":null,"supplier_sku":"BBBox-07DS","barcode":null,"atum_controlled":true,"out_stock_date":null,"out_stock_threshold":null,"inheritable":false,"inbound_stock":null,"stock_on_hold":0,"sold_today":0,"sales_last_days":0,"reserved_stock":null,"customer_returns":null,"warehouse_damage":null,"lost_in_post":null,"other_logs":null,"out_stock_days":0,"lost_sales":0,"has_location":null,"update_date":"2026-04-27T06:54:19","atum_locations":[],"atum_stock_status":"instock","restock_status":false,"low_stock_amount":"","sales_update_date":"2026-01-30T01:25:22","calc_backorders":null,"_links":{"self":[{"href":"https:\/\/aromasentia.com\/de\/wp-json\/wp\/v2\/product\/230045","targetHints":{"allow":["GET"]}}],"collection":[{"href":"https:\/\/aromasentia.com\/de\/wp-json\/wp\/v2\/product"}],"about":[{"href":"https:\/\/aromasentia.com\/de\/wp-json\/wp\/v2\/types\/product"}],"replies":[{"embeddable":true,"href":"https:\/\/aromasentia.com\/de\/wp-json\/wp\/v2\/comments?post=230045"}],"version-history":[{"count":0,"href":"https:\/\/aromasentia.com\/de\/wp-json\/wp\/v2\/product\/230045\/revisions"}],"wp:featuredmedia":[{"embeddable":true,"href":"https:\/\/aromasentia.com\/de\/wp-json\/wp\/v2\/media\/358607"}],"wp:attachment":[{"href":"https:\/\/aromasentia.com\/de\/wp-json\/wp\/v2\/media?parent=230045"}],"wp:term":[{"taxonomy":"product_brand","embeddable":true,"href":"https:\/\/aromasentia.com\/de\/wp-json\/wp\/v2\/product_brand?post=230045"},{"taxonomy":"product_cat","embeddable":true,"href":"https:\/\/aromasentia.com\/de\/wp-json\/wp\/v2\/product_cat?post=230045"},{"taxonomy":"product_tag","embeddable":true,"href":"https:\/\/aromasentia.com\/de\/wp-json\/wp\/v2\/product_tag?post=230045"}],"curies":[{"name":"wp","href":"https:\/\/api.w.org\/{rel}","templated":true}]}}