{"id":230041,"date":"2025-03-22T16:04:38","date_gmt":"2025-03-22T16:04:38","guid":{"rendered":"https:\/\/aromasentia.com\/product\/driftwood-birdbox-wallhanging\/"},"modified":"2025-12-30T20:02:25","modified_gmt":"2025-12-30T20:02:25","slug":"vogelhaeuschen-aus-treibholz-wandbehang","status":"publish","type":"product","link":"https:\/\/aromasentia.com\/de\/vogelhaeuschen-aus-treibholz-wandbehang\/","title":{"rendered":"Vogelh\u00e4uschen aus Treibholz &#8211; Wandbehang"},"content":{"rendered":"<p>Montieren Sie einen nat\u00fcrlichen Zufluchtsort mit diesem Vogelkasten aus Treibholz &#8211; zum Aufh\u00e4ngen. Dieser charmante Vogelkasten, der sich leicht an einer Wand, einem Zaun oder einem Baum befestigen l\u00e4sst, ist aus einzigartigen Treibholzst\u00fccken gefertigt und bietet einen rustikalen und einladenden Unterschlupf f\u00fcr V\u00f6gel. Seine unverwechselbare, nat\u00fcrliche \u00c4sthetik wertet jeden Garten oder jede Wand im Freien auf und bietet einen gem\u00fctlichen Nistplatz, der gleichzeitig einen Hauch von K\u00fcsten- oder Waldkunst vermittelt. Eine umweltfreundliche Art und Weise, lokale Vogelpopulationen zu unterst\u00fctzen und Ihre vertikalen R\u00e4ume zu versch\u00f6nern.<\/p>\n","protected":false},"excerpt":{"rendered":"<p>Montieren Sie einen nat\u00fcrlichen Zufluchtsort mit diesem Vogelkasten aus Treibholz &#8211; zum Aufh\u00e4ngen. Dieser charmante Vogelkasten, der sich leicht an einer Wand, einem Zaun oder einem Baum befestigen l\u00e4sst, ist aus einzigartigen Treibholzst\u00fccken gefertigt und bietet einen rustikalen und einladenden Unterschlupf f\u00fcr V\u00f6gel. Seine unverwechselbare, nat\u00fcrliche \u00c4sthetik wertet jeden Garten oder jede Wand im Freien [&hellip;]<\/p>\n","protected":false},"featured_media":358582,"comment_status":"closed","ping_status":"open","template":"","meta":{"_angie_page":false},"product_brand":[],"product_cat":[16895,14451],"product_tag":[],"class_list":{"0":"post-230041","1":"product","2":"type-product","3":"status-publish","4":"has-post-thumbnail","6":"product_cat-dekoration","7":"product_cat-haus-und-gartendeko","8":"pa_made-in-indonesien","10":"first","11":"instock","12":"purchasable","13":"product-type-simple"},"supplier_id":null,"supplier_sku":"BBBox-06DS","barcode":null,"atum_controlled":true,"out_stock_date":null,"out_stock_threshold":null,"inheritable":false,"inbound_stock":null,"stock_on_hold":0,"sold_today":0,"sales_last_days":0,"reserved_stock":null,"customer_returns":null,"warehouse_damage":null,"lost_in_post":null,"other_logs":null,"out_stock_days":0,"lost_sales":0,"has_location":null,"update_date":"2026-05-04T00:02:50","atum_locations":[],"atum_stock_status":"instock","restock_status":false,"low_stock_amount":"","sales_update_date":"2026-01-30T01:24:56","calc_backorders":null,"_links":{"self":[{"href":"https:\/\/aromasentia.com\/de\/wp-json\/wp\/v2\/product\/230041","targetHints":{"allow":["GET"]}}],"collection":[{"href":"https:\/\/aromasentia.com\/de\/wp-json\/wp\/v2\/product"}],"about":[{"href":"https:\/\/aromasentia.com\/de\/wp-json\/wp\/v2\/types\/product"}],"replies":[{"embeddable":true,"href":"https:\/\/aromasentia.com\/de\/wp-json\/wp\/v2\/comments?post=230041"}],"version-history":[{"count":0,"href":"https:\/\/aromasentia.com\/de\/wp-json\/wp\/v2\/product\/230041\/revisions"}],"wp:featuredmedia":[{"embeddable":true,"href":"https:\/\/aromasentia.com\/de\/wp-json\/wp\/v2\/media\/358582"}],"wp:attachment":[{"href":"https:\/\/aromasentia.com\/de\/wp-json\/wp\/v2\/media?parent=230041"}],"wp:term":[{"taxonomy":"product_brand","embeddable":true,"href":"https:\/\/aromasentia.com\/de\/wp-json\/wp\/v2\/product_brand?post=230041"},{"taxonomy":"product_cat","embeddable":true,"href":"https:\/\/aromasentia.com\/de\/wp-json\/wp\/v2\/product_cat?post=230041"},{"taxonomy":"product_tag","embeddable":true,"href":"https:\/\/aromasentia.com\/de\/wp-json\/wp\/v2\/product_tag?post=230041"}],"curies":[{"name":"wp","href":"https:\/\/api.w.org\/{rel}","templated":true}]}}