{"id":230037,"date":"2025-03-22T16:04:38","date_gmt":"2025-03-22T16:04:38","guid":{"rendered":"https:\/\/aromasentia.com\/product\/driftwood-bee-insect-box\/"},"modified":"2025-12-30T20:02:25","modified_gmt":"2025-12-30T20:02:25","slug":"bienen-und-insektenkasten-aus-treibholz","status":"publish","type":"product","link":"https:\/\/aromasentia.com\/de\/bienen-und-insektenkasten-aus-treibholz\/","title":{"rendered":"Bienen- und Insektenkasten aus Treibholz"},"content":{"rendered":"<p>Locken Sie n\u00fctzliche Insekten in Ihren Garten mit diesem Bienen- und Insektenkasten aus Treibholz. Dieser sorgf\u00e4ltig aus nat\u00fcrlichem Treibholz gefertigte Kasten bietet einen wichtigen Lebensraum f\u00fcr Solit\u00e4rbienen, Marienk\u00e4fer und andere n\u00fctzliche Insekten. Seine verschiedenen F\u00e4cher und nat\u00fcrlichen Materialien schaffen sichere Nist- und \u00dcberwinterungspl\u00e4tze. Er ist eine sch\u00f6ne und umweltbewusste Erg\u00e4nzung f\u00fcr jeden Garten und unterst\u00fctzt die lokale Artenvielfalt, w\u00e4hrend er gleichzeitig einen Hauch von rustikalem, organischem Charme verspr\u00fcht und faszinierende nat\u00fcrliche Aktivit\u00e4ten zum Beobachten bietet.<\/p>\n","protected":false},"excerpt":{"rendered":"<p>Locken Sie n\u00fctzliche Insekten in Ihren Garten mit diesem Bienen- und Insektenkasten aus Treibholz. Dieser sorgf\u00e4ltig aus nat\u00fcrlichem Treibholz gefertigte Kasten bietet einen wichtigen Lebensraum f\u00fcr Solit\u00e4rbienen, Marienk\u00e4fer und andere n\u00fctzliche Insekten. Seine verschiedenen F\u00e4cher und nat\u00fcrlichen Materialien schaffen sichere Nist- und \u00dcberwinterungspl\u00e4tze. Er ist eine sch\u00f6ne und umweltbewusste Erg\u00e4nzung f\u00fcr jeden Garten und unterst\u00fctzt [&hellip;]<\/p>\n","protected":false},"featured_media":358557,"comment_status":"closed","ping_status":"open","template":"","meta":{"_angie_page":false},"product_brand":[],"product_cat":[16895,14451],"product_tag":[],"class_list":{"0":"post-230037","1":"product","2":"type-product","3":"status-publish","4":"has-post-thumbnail","6":"product_cat-dekoration","7":"product_cat-haus-und-gartendeko","8":"pa_made-in-indonesien","10":"first","11":"instock","12":"purchasable","13":"product-type-simple"},"supplier_id":null,"supplier_sku":"BBBox-05DS","barcode":null,"atum_controlled":true,"out_stock_date":null,"out_stock_threshold":null,"inheritable":false,"inbound_stock":null,"stock_on_hold":0,"sold_today":0,"sales_last_days":0,"reserved_stock":null,"customer_returns":null,"warehouse_damage":null,"lost_in_post":null,"other_logs":null,"out_stock_days":0,"lost_sales":0,"has_location":null,"update_date":"2026-04-27T06:54:19","atum_locations":[],"atum_stock_status":"instock","restock_status":false,"low_stock_amount":"","sales_update_date":"2026-01-30T01:25:37","calc_backorders":null,"_links":{"self":[{"href":"https:\/\/aromasentia.com\/de\/wp-json\/wp\/v2\/product\/230037","targetHints":{"allow":["GET"]}}],"collection":[{"href":"https:\/\/aromasentia.com\/de\/wp-json\/wp\/v2\/product"}],"about":[{"href":"https:\/\/aromasentia.com\/de\/wp-json\/wp\/v2\/types\/product"}],"replies":[{"embeddable":true,"href":"https:\/\/aromasentia.com\/de\/wp-json\/wp\/v2\/comments?post=230037"}],"version-history":[{"count":0,"href":"https:\/\/aromasentia.com\/de\/wp-json\/wp\/v2\/product\/230037\/revisions"}],"wp:featuredmedia":[{"embeddable":true,"href":"https:\/\/aromasentia.com\/de\/wp-json\/wp\/v2\/media\/358557"}],"wp:attachment":[{"href":"https:\/\/aromasentia.com\/de\/wp-json\/wp\/v2\/media?parent=230037"}],"wp:term":[{"taxonomy":"product_brand","embeddable":true,"href":"https:\/\/aromasentia.com\/de\/wp-json\/wp\/v2\/product_brand?post=230037"},{"taxonomy":"product_cat","embeddable":true,"href":"https:\/\/aromasentia.com\/de\/wp-json\/wp\/v2\/product_cat?post=230037"},{"taxonomy":"product_tag","embeddable":true,"href":"https:\/\/aromasentia.com\/de\/wp-json\/wp\/v2\/product_tag?post=230037"}],"curies":[{"name":"wp","href":"https:\/\/api.w.org\/{rel}","templated":true}]}}