{"id":230029,"date":"2025-03-22T16:04:38","date_gmt":"2025-03-22T16:04:38","guid":{"rendered":"https:\/\/aromasentia.com\/product\/driftwood-birdbox-double\/"},"modified":"2025-12-30T20:02:17","modified_gmt":"2025-12-30T20:02:17","slug":"vogelhaeuschen-aus-treibholz-double","status":"publish","type":"product","link":"https:\/\/aromasentia.com\/de\/vogelhaeuschen-aus-treibholz-double\/","title":{"rendered":"Vogelh\u00e4uschen aus Treibholz &#8211; Double"},"content":{"rendered":"<p>Bieten Sie mehr gefiederten Freunden Unterschlupf mit diesem Vogelh\u00e4uschen aus Treibholz &#8211; Double. Dieses unverwechselbare Vogelhaus ist aus nat\u00fcrlichem Treibholz gefertigt und verf\u00fcgt \u00fcber ein &#8222;doppeltes&#8220; Design, vielleicht mit zwei Nistf\u00e4chern oder einer gr\u00f6\u00dferen Gesamtstruktur. Es bietet einen einzigartigen, rustikalen Zufluchtsort f\u00fcr Gartenv\u00f6gel, wobei jedes St\u00fcck seinen eigenen organischen Charme hat. Eine wunderbare M\u00f6glichkeit, die Attraktivit\u00e4t Ihres Gartens f\u00fcr Wildtiere zu erh\u00f6hen und gleichzeitig ein sch\u00f6nes, handgefertigtes Element der K\u00fcsten- oder Waldkunst hinzuzuf\u00fcgen.<\/p>\n","protected":false},"excerpt":{"rendered":"<p>Bieten Sie mehr gefiederten Freunden Unterschlupf mit diesem Vogelh\u00e4uschen aus Treibholz &#8211; Double. Dieses unverwechselbare Vogelhaus ist aus nat\u00fcrlichem Treibholz gefertigt und verf\u00fcgt \u00fcber ein &#8222;doppeltes&#8220; Design, vielleicht mit zwei Nistf\u00e4chern oder einer gr\u00f6\u00dferen Gesamtstruktur. Es bietet einen einzigartigen, rustikalen Zufluchtsort f\u00fcr Gartenv\u00f6gel, wobei jedes St\u00fcck seinen eigenen organischen Charme hat. Eine wunderbare M\u00f6glichkeit, die [&hellip;]<\/p>\n","protected":false},"featured_media":358507,"comment_status":"closed","ping_status":"open","template":"","meta":{"_angie_page":false},"product_brand":[],"product_cat":[16895,14451],"product_tag":[],"class_list":{"0":"post-230029","1":"product","2":"type-product","3":"status-publish","4":"has-post-thumbnail","6":"product_cat-dekoration","7":"product_cat-haus-und-gartendeko","8":"pa_made-in-indonesien","10":"first","11":"instock","12":"purchasable","13":"product-type-simple"},"supplier_id":null,"supplier_sku":"BBBox-03DS","barcode":null,"atum_controlled":true,"out_stock_date":null,"out_stock_threshold":null,"inheritable":false,"inbound_stock":null,"stock_on_hold":0,"sold_today":0,"sales_last_days":0,"reserved_stock":null,"customer_returns":null,"warehouse_damage":null,"lost_in_post":null,"other_logs":null,"out_stock_days":0,"lost_sales":0,"has_location":null,"update_date":"2026-04-27T06:54:19","atum_locations":[],"atum_stock_status":"instock","restock_status":false,"low_stock_amount":"","sales_update_date":"2026-01-30T01:26:34","calc_backorders":null,"_links":{"self":[{"href":"https:\/\/aromasentia.com\/de\/wp-json\/wp\/v2\/product\/230029","targetHints":{"allow":["GET"]}}],"collection":[{"href":"https:\/\/aromasentia.com\/de\/wp-json\/wp\/v2\/product"}],"about":[{"href":"https:\/\/aromasentia.com\/de\/wp-json\/wp\/v2\/types\/product"}],"replies":[{"embeddable":true,"href":"https:\/\/aromasentia.com\/de\/wp-json\/wp\/v2\/comments?post=230029"}],"version-history":[{"count":0,"href":"https:\/\/aromasentia.com\/de\/wp-json\/wp\/v2\/product\/230029\/revisions"}],"wp:featuredmedia":[{"embeddable":true,"href":"https:\/\/aromasentia.com\/de\/wp-json\/wp\/v2\/media\/358507"}],"wp:attachment":[{"href":"https:\/\/aromasentia.com\/de\/wp-json\/wp\/v2\/media?parent=230029"}],"wp:term":[{"taxonomy":"product_brand","embeddable":true,"href":"https:\/\/aromasentia.com\/de\/wp-json\/wp\/v2\/product_brand?post=230029"},{"taxonomy":"product_cat","embeddable":true,"href":"https:\/\/aromasentia.com\/de\/wp-json\/wp\/v2\/product_cat?post=230029"},{"taxonomy":"product_tag","embeddable":true,"href":"https:\/\/aromasentia.com\/de\/wp-json\/wp\/v2\/product_tag?post=230029"}],"curies":[{"name":"wp","href":"https:\/\/api.w.org\/{rel}","templated":true}]}}