{"id":230025,"date":"2025-03-22T16:04:38","date_gmt":"2025-03-22T16:04:38","guid":{"rendered":"https:\/\/aromasentia.com\/product\/driftwood-birdbox-small\/"},"modified":"2025-12-30T20:02:17","modified_gmt":"2025-12-30T20:02:17","slug":"driftwood-birdbox-small","status":"publish","type":"product","link":"https:\/\/aromasentia.com\/de\/driftwood-birdbox-small\/","title":{"rendered":"Driftwood Birdbox &#8211; Small"},"content":{"rendered":"<p>Schaffen Sie einen gem\u00fctlichen Zufluchtsort mit diesem Vogelkasten aus Treibholz &#8211; klein. Gefertigt aus einzigartigen St\u00fccken nat\u00fcrlichen Treibholzes, bietet dieser charmante kleine Vogelkasten einen rustikalen und einladenden Unterschlupf f\u00fcr Gartenv\u00f6gel. Durch die organischen Formen des Treibholzes hat jeder Vogelkasten seinen eigenen, individuellen Charakter. Eine sch\u00f6ne und umweltfreundliche Erg\u00e4nzung f\u00fcr Ihren Garten, die nicht nur die heimische Tierwelt unterst\u00fctzt, sondern auch einen Hauch von skurriler, von der K\u00fcste inspirierter Kunstfertigkeit und nat\u00fcrlichem Charme in Ihren Au\u00dfenbereich bringt.<\/p>\n","protected":false},"excerpt":{"rendered":"<p>Schaffen Sie einen gem\u00fctlichen Zufluchtsort mit diesem Vogelkasten aus Treibholz &#8211; klein. Gefertigt aus einzigartigen St\u00fccken nat\u00fcrlichen Treibholzes, bietet dieser charmante kleine Vogelkasten einen rustikalen und einladenden Unterschlupf f\u00fcr Gartenv\u00f6gel. Durch die organischen Formen des Treibholzes hat jeder Vogelkasten seinen eigenen, individuellen Charakter. Eine sch\u00f6ne und umweltfreundliche Erg\u00e4nzung f\u00fcr Ihren Garten, die nicht nur die [&hellip;]<\/p>\n","protected":false},"featured_media":358482,"comment_status":"closed","ping_status":"open","template":"","meta":{"_angie_page":false},"product_brand":[],"product_cat":[16895,14451],"product_tag":[],"class_list":{"0":"post-230025","1":"product","2":"type-product","3":"status-publish","4":"has-post-thumbnail","6":"product_cat-dekoration","7":"product_cat-haus-und-gartendeko","8":"pa_made-in-indonesien","10":"first","11":"instock","12":"purchasable","13":"product-type-simple"},"supplier_id":null,"supplier_sku":"BBBox-02DS","barcode":null,"atum_controlled":true,"out_stock_date":null,"out_stock_threshold":null,"inheritable":false,"inbound_stock":null,"stock_on_hold":0,"sold_today":0,"sales_last_days":0,"reserved_stock":null,"customer_returns":null,"warehouse_damage":null,"lost_in_post":null,"other_logs":null,"out_stock_days":0,"lost_sales":0,"has_location":null,"update_date":"2026-04-30T13:08:37","atum_locations":[],"atum_stock_status":"instock","restock_status":false,"low_stock_amount":"","sales_update_date":"2025-10-09T03:25:53","calc_backorders":null,"_links":{"self":[{"href":"https:\/\/aromasentia.com\/de\/wp-json\/wp\/v2\/product\/230025","targetHints":{"allow":["GET"]}}],"collection":[{"href":"https:\/\/aromasentia.com\/de\/wp-json\/wp\/v2\/product"}],"about":[{"href":"https:\/\/aromasentia.com\/de\/wp-json\/wp\/v2\/types\/product"}],"replies":[{"embeddable":true,"href":"https:\/\/aromasentia.com\/de\/wp-json\/wp\/v2\/comments?post=230025"}],"version-history":[{"count":0,"href":"https:\/\/aromasentia.com\/de\/wp-json\/wp\/v2\/product\/230025\/revisions"}],"wp:featuredmedia":[{"embeddable":true,"href":"https:\/\/aromasentia.com\/de\/wp-json\/wp\/v2\/media\/358482"}],"wp:attachment":[{"href":"https:\/\/aromasentia.com\/de\/wp-json\/wp\/v2\/media?parent=230025"}],"wp:term":[{"taxonomy":"product_brand","embeddable":true,"href":"https:\/\/aromasentia.com\/de\/wp-json\/wp\/v2\/product_brand?post=230025"},{"taxonomy":"product_cat","embeddable":true,"href":"https:\/\/aromasentia.com\/de\/wp-json\/wp\/v2\/product_cat?post=230025"},{"taxonomy":"product_tag","embeddable":true,"href":"https:\/\/aromasentia.com\/de\/wp-json\/wp\/v2\/product_tag?post=230025"}],"curies":[{"name":"wp","href":"https:\/\/api.w.org\/{rel}","templated":true}]}}