{"id":230013,"date":"2025-03-22T16:04:38","date_gmt":"2025-03-22T16:04:38","guid":{"rendered":"https:\/\/aromasentia.com\/product\/bamboo-windchime-natural-finish-6-large-tubes\/"},"modified":"2025-12-30T20:02:17","modified_gmt":"2025-12-30T20:02:17","slug":"babmuswindpsiel-6-lange-roehren","status":"publish","type":"product","link":"https:\/\/aromasentia.com\/de\/babmuswindpsiel-6-lange-roehren\/","title":{"rendered":"Babmuswindpsiel &#8211; 6 lange R\u00f6hren"},"content":{"rendered":"<p>Erf\u00fcllen Sie Ihren Garten mit den reichen Melodien dieses Bambus-Windspiels &#8211; nat\u00fcrliche Ausf\u00fchrung &#8211; 6 gro\u00dfe R\u00f6hren. Mit seinen sechs gro\u00dfen Bambusrohren erzeugt dieses Windspiel eine vollere, tiefere und komplexere Palette an harmonischen T\u00f6nen. Die nat\u00fcrliche Oberfl\u00e4che bewahrt die organische Sch\u00f6nheit des Bambus und macht es zu einer eindrucksvollen und beruhigenden Erg\u00e4nzung f\u00fcr jeden Au\u00dfenbereich. Es eignet sich perfekt f\u00fcr die Schaffung einer ruhigen und eindringlichen Klanglandschaft und bringt die beruhigenden Kl\u00e4nge der Natur mit beeindruckender Resonanz direkt zu Ihnen nach Hause.<\/p>\n","protected":false},"excerpt":{"rendered":"<p>Erf\u00fcllen Sie Ihren Garten mit den reichen Melodien dieses Bambus-Windspiels &#8211; nat\u00fcrliche Ausf\u00fchrung &#8211; 6 gro\u00dfe R\u00f6hren. Mit seinen sechs gro\u00dfen Bambusrohren erzeugt dieses Windspiel eine vollere, tiefere und komplexere Palette an harmonischen T\u00f6nen. Die nat\u00fcrliche Oberfl\u00e4che bewahrt die organische Sch\u00f6nheit des Bambus und macht es zu einer eindrucksvollen und beruhigenden Erg\u00e4nzung f\u00fcr jeden Au\u00dfenbereich. [&hellip;]<\/p>\n","protected":false},"featured_media":358439,"comment_status":"closed","ping_status":"open","template":"","meta":{"_angie_page":false},"product_brand":[],"product_cat":[14451,17981],"product_tag":[],"class_list":{"0":"post-230013","1":"product","2":"type-product","3":"status-publish","4":"has-post-thumbnail","6":"product_cat-haus-und-gartendeko","7":"product_cat-windspiele","8":"pa_collection-bamboo-mountain-wind-chimes-de","9":"pa_made-in-indonesien","11":"first","12":"instock","13":"purchasable","14":"product-type-simple"},"supplier_id":null,"supplier_sku":"BBamC-09","barcode":null,"atum_controlled":true,"out_stock_date":null,"out_stock_threshold":null,"inheritable":false,"inbound_stock":null,"stock_on_hold":0,"sold_today":0,"sales_last_days":0,"reserved_stock":null,"customer_returns":null,"warehouse_damage":null,"lost_in_post":null,"other_logs":null,"out_stock_days":0,"lost_sales":0,"has_location":null,"update_date":"2026-04-27T19:08:26","atum_locations":[],"atum_stock_status":"instock","restock_status":false,"low_stock_amount":"","sales_update_date":"2026-02-06T00:02:45","calc_backorders":null,"_links":{"self":[{"href":"https:\/\/aromasentia.com\/de\/wp-json\/wp\/v2\/product\/230013","targetHints":{"allow":["GET"]}}],"collection":[{"href":"https:\/\/aromasentia.com\/de\/wp-json\/wp\/v2\/product"}],"about":[{"href":"https:\/\/aromasentia.com\/de\/wp-json\/wp\/v2\/types\/product"}],"replies":[{"embeddable":true,"href":"https:\/\/aromasentia.com\/de\/wp-json\/wp\/v2\/comments?post=230013"}],"version-history":[{"count":0,"href":"https:\/\/aromasentia.com\/de\/wp-json\/wp\/v2\/product\/230013\/revisions"}],"wp:featuredmedia":[{"embeddable":true,"href":"https:\/\/aromasentia.com\/de\/wp-json\/wp\/v2\/media\/358439"}],"wp:attachment":[{"href":"https:\/\/aromasentia.com\/de\/wp-json\/wp\/v2\/media?parent=230013"}],"wp:term":[{"taxonomy":"product_brand","embeddable":true,"href":"https:\/\/aromasentia.com\/de\/wp-json\/wp\/v2\/product_brand?post=230013"},{"taxonomy":"product_cat","embeddable":true,"href":"https:\/\/aromasentia.com\/de\/wp-json\/wp\/v2\/product_cat?post=230013"},{"taxonomy":"product_tag","embeddable":true,"href":"https:\/\/aromasentia.com\/de\/wp-json\/wp\/v2\/product_tag?post=230013"}],"curies":[{"name":"wp","href":"https:\/\/api.w.org\/{rel}","templated":true}]}}