{"id":229997,"date":"2025-03-22T16:04:50","date_gmt":"2025-03-22T16:04:50","guid":{"rendered":"https:\/\/aromasentia.com\/product\/double-cotton-bedspread-wall-hanging-winter-tree\/"},"modified":"2025-12-30T20:02:17","modified_gmt":"2025-12-30T20:02:17","slug":"doppelte-tagesdecke-aus-baumwolle-wandbehang-winter-tree","status":"publish","type":"product","link":"https:\/\/aromasentia.com\/de\/doppelte-tagesdecke-aus-baumwolle-wandbehang-winter-tree\/","title":{"rendered":"Doppelte Tagesdecke aus Baumwolle \/ Wandbehang- Winter Tree"},"content":{"rendered":"<p>Die Aroma Sentia-ping Baumwoll-Perlendecken\/Wandbeh\u00e4nge sind wirklich erstaunlich. Diese in Indien handgefertigten Wandbeh\u00e4nge sind ideal f\u00fcr Innenarchitekten \u2013 die satten Farben bieten gro\u00dfartige Inspiration f\u00fcr neue Wohnkonzepte. Sie k\u00f6nnen als Tagesdecke oder einfach als Wanddekoration verwendet werden.<\/p>\n<p>Komplett mit AW-Artisan-Etikett als Zeichen f\u00fcr fairen Handel.<\/p>\n<p>Gr\u00f6\u00dfe der Baumwoll-Tagesdecke f\u00fcr Doppelbett: 230 cm x 200 cm, Gr\u00f6\u00dfe der Baumwoll-Tagesdecke f\u00fcr Einzelbett: 130 cm x 200 cm.<\/p>\n","protected":false},"excerpt":{"rendered":"<p>Die Aroma Sentia-ping Baumwoll-Perlendecken\/Wandbeh\u00e4nge sind wirklich erstaunlich. Diese in Indien handgefertigten Wandbeh\u00e4nge sind ideal f\u00fcr Innenarchitekten \u2013 die satten Farben bieten gro\u00dfartige Inspiration f\u00fcr neue Wohnkonzepte. Sie k\u00f6nnen als Tagesdecke oder einfach als Wanddekoration verwendet werden. Komplett mit AW-Artisan-Etikett als Zeichen f\u00fcr fairen Handel. Gr\u00f6\u00dfe der Baumwoll-Tagesdecke f\u00fcr Doppelbett: 230 cm x 200 cm, Gr\u00f6\u00dfe [&hellip;]<\/p>\n","protected":false},"featured_media":361671,"comment_status":"closed","ping_status":"open","template":"","meta":{"_angie_page":false},"product_brand":[],"product_cat":[14451,16872,18111],"product_tag":[],"class_list":{"0":"post-229997","1":"product","2":"type-product","3":"status-publish","4":"has-post-thumbnail","6":"product_cat-haus-und-gartendeko","7":"product_cat-textilien","8":"product_cat-wandbehange","9":"pa_collection-cotton-bedspreads-wall-hangings-de","10":"pa_made-in-indien","12":"first","13":"instock","14":"purchasable","15":"product-type-simple"},"supplier_id":null,"supplier_sku":"CBWH-13","barcode":null,"atum_controlled":true,"out_stock_date":null,"out_stock_threshold":null,"inheritable":false,"inbound_stock":null,"stock_on_hold":0,"sold_today":0,"sales_last_days":0,"reserved_stock":null,"customer_returns":null,"warehouse_damage":null,"lost_in_post":null,"other_logs":null,"out_stock_days":0,"lost_sales":0,"has_location":null,"update_date":"2026-04-27T06:56:10","atum_locations":[],"atum_stock_status":"instock","restock_status":false,"low_stock_amount":"","sales_update_date":"2026-01-30T01:26:00","calc_backorders":null,"_links":{"self":[{"href":"https:\/\/aromasentia.com\/de\/wp-json\/wp\/v2\/product\/229997","targetHints":{"allow":["GET"]}}],"collection":[{"href":"https:\/\/aromasentia.com\/de\/wp-json\/wp\/v2\/product"}],"about":[{"href":"https:\/\/aromasentia.com\/de\/wp-json\/wp\/v2\/types\/product"}],"replies":[{"embeddable":true,"href":"https:\/\/aromasentia.com\/de\/wp-json\/wp\/v2\/comments?post=229997"}],"version-history":[{"count":0,"href":"https:\/\/aromasentia.com\/de\/wp-json\/wp\/v2\/product\/229997\/revisions"}],"wp:featuredmedia":[{"embeddable":true,"href":"https:\/\/aromasentia.com\/de\/wp-json\/wp\/v2\/media\/361671"}],"wp:attachment":[{"href":"https:\/\/aromasentia.com\/de\/wp-json\/wp\/v2\/media?parent=229997"}],"wp:term":[{"taxonomy":"product_brand","embeddable":true,"href":"https:\/\/aromasentia.com\/de\/wp-json\/wp\/v2\/product_brand?post=229997"},{"taxonomy":"product_cat","embeddable":true,"href":"https:\/\/aromasentia.com\/de\/wp-json\/wp\/v2\/product_cat?post=229997"},{"taxonomy":"product_tag","embeddable":true,"href":"https:\/\/aromasentia.com\/de\/wp-json\/wp\/v2\/product_tag?post=229997"}],"curies":[{"name":"wp","href":"https:\/\/api.w.org\/{rel}","templated":true}]}}