{"id":229973,"date":"2025-03-22T16:04:50","date_gmt":"2025-03-22T16:04:50","guid":{"rendered":"https:\/\/aromasentia.com\/product\/double-cotton-bedspread-wall-hanging-elephant-head-230cm-x-200cm\/"},"modified":"2025-12-30T20:02:09","modified_gmt":"2025-12-30T20:02:09","slug":"doppelte-tagesdecke-aus-baumwolle-wandbehang-elefantenkopf","status":"publish","type":"product","link":"https:\/\/aromasentia.com\/de\/doppelte-tagesdecke-aus-baumwolle-wandbehang-elefantenkopf\/","title":{"rendered":"Doppelte Tagesdecke aus Baumwolle \/ Wandbehang- Elefantenkopf"},"content":{"rendered":"<p>Tagesdecken\/Wandbeh\u00e4nge aus Baumwolle sind wirklich erstaunlich.<\/p>\n<p>Diese in Indien handgefertigten Wandbeh\u00e4nge sind ideal f\u00fcr Innenarchitekten \u2013 die satten Farben eignen sich hervorragend als Inspiration f\u00fcr neue Gestaltungskonzepte.<\/p>\n<p>Sie k\u00f6nnen als Tagesdecke oder Wanddekoration verwendet werden.<\/p>\n<p>Mit handgepr\u00e4gtem AW-Artisan-Etikett als Zeichen f\u00fcr den fairen Handel dieses Produkts.<\/p>\n","protected":false},"excerpt":{"rendered":"<p>Tagesdecken\/Wandbeh\u00e4nge aus Baumwolle sind wirklich erstaunlich. Diese in Indien handgefertigten Wandbeh\u00e4nge sind ideal f\u00fcr Innenarchitekten \u2013 die satten Farben eignen sich hervorragend als Inspiration f\u00fcr neue Gestaltungskonzepte. Sie k\u00f6nnen als Tagesdecke oder Wanddekoration verwendet werden. Mit handgepr\u00e4gtem AW-Artisan-Etikett als Zeichen f\u00fcr den fairen Handel dieses Produkts.<\/p>\n","protected":false},"featured_media":361473,"comment_status":"closed","ping_status":"open","template":"","meta":{"_angie_page":false},"product_brand":[],"product_cat":[14451,16872,18111],"product_tag":[],"class_list":{"0":"post-229973","1":"product","2":"type-product","3":"status-publish","4":"has-post-thumbnail","6":"product_cat-haus-und-gartendeko","7":"product_cat-textilien","8":"product_cat-wandbehange","9":"pa_collection-cotton-bedspreads-wall-hangings-de","10":"pa_made-in-indien","12":"first","13":"instock","14":"purchasable","15":"product-type-simple"},"supplier_id":null,"supplier_sku":"CBWH-05","barcode":null,"atum_controlled":true,"out_stock_date":null,"out_stock_threshold":null,"inheritable":false,"inbound_stock":null,"stock_on_hold":0,"sold_today":0,"sales_last_days":0,"reserved_stock":null,"customer_returns":null,"warehouse_damage":null,"lost_in_post":null,"other_logs":null,"out_stock_days":0,"lost_sales":0,"has_location":null,"update_date":"2026-04-27T06:56:04","atum_locations":[],"atum_stock_status":"instock","restock_status":false,"low_stock_amount":"","sales_update_date":"2026-02-06T00:02:10","calc_backorders":null,"_links":{"self":[{"href":"https:\/\/aromasentia.com\/de\/wp-json\/wp\/v2\/product\/229973","targetHints":{"allow":["GET"]}}],"collection":[{"href":"https:\/\/aromasentia.com\/de\/wp-json\/wp\/v2\/product"}],"about":[{"href":"https:\/\/aromasentia.com\/de\/wp-json\/wp\/v2\/types\/product"}],"replies":[{"embeddable":true,"href":"https:\/\/aromasentia.com\/de\/wp-json\/wp\/v2\/comments?post=229973"}],"version-history":[{"count":0,"href":"https:\/\/aromasentia.com\/de\/wp-json\/wp\/v2\/product\/229973\/revisions"}],"wp:featuredmedia":[{"embeddable":true,"href":"https:\/\/aromasentia.com\/de\/wp-json\/wp\/v2\/media\/361473"}],"wp:attachment":[{"href":"https:\/\/aromasentia.com\/de\/wp-json\/wp\/v2\/media?parent=229973"}],"wp:term":[{"taxonomy":"product_brand","embeddable":true,"href":"https:\/\/aromasentia.com\/de\/wp-json\/wp\/v2\/product_brand?post=229973"},{"taxonomy":"product_cat","embeddable":true,"href":"https:\/\/aromasentia.com\/de\/wp-json\/wp\/v2\/product_cat?post=229973"},{"taxonomy":"product_tag","embeddable":true,"href":"https:\/\/aromasentia.com\/de\/wp-json\/wp\/v2\/product_tag?post=229973"}],"curies":[{"name":"wp","href":"https:\/\/api.w.org\/{rel}","templated":true}]}}