{"id":229925,"date":"2025-03-22T16:04:50","date_gmt":"2025-03-22T16:04:50","guid":{"rendered":"https:\/\/aromasentia.com\/product\/simple-bamboo-bird-whistle\/"},"modified":"2025-12-30T20:02:01","modified_gmt":"2025-12-30T20:02:01","slug":"einfache-vogelpfeife-aus-bambus","status":"publish","type":"product","link":"https:\/\/aromasentia.com\/de\/einfache-vogelpfeife-aus-bambus\/","title":{"rendered":"Einfache Vogelpfeife aus Bambus"},"content":{"rendered":"<p>Genie\u00dfen Sie einfache, nat\u00fcrliche Kl\u00e4nge mit dieser einfachen Vogelpfeife aus Bambus. Diese leichte und umweltfreundliche Pfeife ist aus nachhaltigem Bambus gefertigt und erzeugt einen klaren, hohen Ton, der an einen Vogelruf erinnert. Ihr minimalistisches Design und das nat\u00fcrliche Material verleihen ihr einen erdigen, rustikalen Charme. Sie ist ein wunderbares kleines Geschenk, ein Mitbringsel f\u00fcr eine Party oder eine lustige M\u00f6glichkeit f\u00fcr Kinder, Kl\u00e4nge zu erforschen und sich mit der Natur zu verbinden.<\/p>\n","protected":false},"excerpt":{"rendered":"<p>Genie\u00dfen Sie einfache, nat\u00fcrliche Kl\u00e4nge mit dieser einfachen Vogelpfeife aus Bambus. Diese leichte und umweltfreundliche Pfeife ist aus nachhaltigem Bambus gefertigt und erzeugt einen klaren, hohen Ton, der an einen Vogelruf erinnert. Ihr minimalistisches Design und das nat\u00fcrliche Material verleihen ihr einen erdigen, rustikalen Charme. Sie ist ein wunderbares kleines Geschenk, ein Mitbringsel f\u00fcr eine [&hellip;]<\/p>\n","protected":false},"featured_media":361189,"comment_status":"closed","ping_status":"open","template":"","meta":{"_angie_page":false},"product_brand":[],"product_cat":[14238,14060],"product_tag":[],"class_list":{"0":"post-229925","1":"product","2":"type-product","3":"status-publish","4":"has-post-thumbnail","6":"product_cat-musikinstrumente","7":"product_cat-vintage-geschenke-und-souvenirs","8":"pa_collection-bird-whistles-de","9":"pa_made-in-indonesien","11":"first","12":"instock","13":"purchasable","14":"product-type-simple"},"supplier_id":null,"supplier_sku":"Bwis-03","barcode":null,"atum_controlled":true,"out_stock_date":null,"out_stock_threshold":null,"inheritable":false,"inbound_stock":null,"stock_on_hold":0,"sold_today":0,"sales_last_days":0,"reserved_stock":null,"customer_returns":null,"warehouse_damage":null,"lost_in_post":null,"other_logs":null,"out_stock_days":0,"lost_sales":0,"has_location":null,"update_date":"2026-04-27T06:55:59","atum_locations":[],"atum_stock_status":"instock","restock_status":false,"low_stock_amount":"","sales_update_date":"2026-02-06T00:02:02","calc_backorders":null,"_links":{"self":[{"href":"https:\/\/aromasentia.com\/de\/wp-json\/wp\/v2\/product\/229925","targetHints":{"allow":["GET"]}}],"collection":[{"href":"https:\/\/aromasentia.com\/de\/wp-json\/wp\/v2\/product"}],"about":[{"href":"https:\/\/aromasentia.com\/de\/wp-json\/wp\/v2\/types\/product"}],"replies":[{"embeddable":true,"href":"https:\/\/aromasentia.com\/de\/wp-json\/wp\/v2\/comments?post=229925"}],"version-history":[{"count":0,"href":"https:\/\/aromasentia.com\/de\/wp-json\/wp\/v2\/product\/229925\/revisions"}],"wp:featuredmedia":[{"embeddable":true,"href":"https:\/\/aromasentia.com\/de\/wp-json\/wp\/v2\/media\/361189"}],"wp:attachment":[{"href":"https:\/\/aromasentia.com\/de\/wp-json\/wp\/v2\/media?parent=229925"}],"wp:term":[{"taxonomy":"product_brand","embeddable":true,"href":"https:\/\/aromasentia.com\/de\/wp-json\/wp\/v2\/product_brand?post=229925"},{"taxonomy":"product_cat","embeddable":true,"href":"https:\/\/aromasentia.com\/de\/wp-json\/wp\/v2\/product_cat?post=229925"},{"taxonomy":"product_tag","embeddable":true,"href":"https:\/\/aromasentia.com\/de\/wp-json\/wp\/v2\/product_tag?post=229925"}],"curies":[{"name":"wp","href":"https:\/\/api.w.org\/{rel}","templated":true}]}}