{"id":229921,"date":"2025-03-22T16:04:50","date_gmt":"2025-03-22T16:04:50","guid":{"rendered":"https:\/\/aromasentia.com\/product\/wooden-bird-whistle\/"},"modified":"2025-12-30T20:02:01","modified_gmt":"2025-12-30T20:02:01","slug":"vogelpfeife-4-gemischt","status":"publish","type":"product","link":"https:\/\/aromasentia.com\/de\/vogelpfeife-4-gemischt\/","title":{"rendered":"Vogelpfeife &#8211; 4 gemischt"},"content":{"rendered":"<p>Erwecken Sie die Kl\u00e4nge der Natur zum Leben mit dieser Vogelpfeife aus Holz. Diese entz\u00fcckende, handgefertigte Holzpfeife imitiert verschiedene Vogelstimmen und bietet Kindern und Erwachsenen eine unterhaltsame M\u00f6glichkeit, sich mit der Vogelwelt zu verbinden. Die Konstruktion aus Naturholz und der einfache Mechanismus machen sie zu einem charmanten und fesselnden Spielzeug oder zu einem n\u00fctzlichen Werkzeug f\u00fcr Vogelbeobachter. Perfekt f\u00fcr das Spielen im Freien, f\u00fcr p\u00e4dagogische Zwecke oder einfach, um s\u00fc\u00dfe, vogel\u00e4hnliche Melodien mit einem Hauch von rustikalem Charme zu erzeugen.<\/p>\n","protected":false},"excerpt":{"rendered":"<p>Erwecken Sie die Kl\u00e4nge der Natur zum Leben mit dieser Vogelpfeife aus Holz. Diese entz\u00fcckende, handgefertigte Holzpfeife imitiert verschiedene Vogelstimmen und bietet Kindern und Erwachsenen eine unterhaltsame M\u00f6glichkeit, sich mit der Vogelwelt zu verbinden. Die Konstruktion aus Naturholz und der einfache Mechanismus machen sie zu einem charmanten und fesselnden Spielzeug oder zu einem n\u00fctzlichen Werkzeug [&hellip;]<\/p>\n","protected":false},"featured_media":361172,"comment_status":"closed","ping_status":"open","template":"","meta":[],"product_brand":[],"product_cat":[14238,14060],"product_tag":[],"class_list":{"0":"post-229921","1":"product","2":"type-product","3":"status-publish","4":"has-post-thumbnail","6":"product_cat-musikinstrumente","7":"product_cat-vintage-geschenke-und-souvenirs","8":"pa_collection-bird-whistles-de","9":"pa_made-in-indonesien","11":"first","12":"instock","13":"purchasable","14":"product-type-simple"},"supplier_id":null,"supplier_sku":"Bwis-02","barcode":null,"atum_controlled":true,"out_stock_date":null,"out_stock_threshold":null,"inheritable":false,"inbound_stock":null,"stock_on_hold":0,"sold_today":0,"sales_last_days":0,"reserved_stock":null,"customer_returns":null,"warehouse_damage":null,"lost_in_post":null,"other_logs":null,"out_stock_days":0,"lost_sales":0,"has_location":null,"update_date":"2026-02-11T16:45:38","atum_locations":[],"atum_stock_status":"instock","restock_status":false,"low_stock_amount":"","sales_update_date":"2025-10-09T03:27:09","calc_backorders":null,"_links":{"self":[{"href":"https:\/\/aromasentia.com\/de\/wp-json\/wp\/v2\/product\/229921","targetHints":{"allow":["GET"]}}],"collection":[{"href":"https:\/\/aromasentia.com\/de\/wp-json\/wp\/v2\/product"}],"about":[{"href":"https:\/\/aromasentia.com\/de\/wp-json\/wp\/v2\/types\/product"}],"replies":[{"embeddable":true,"href":"https:\/\/aromasentia.com\/de\/wp-json\/wp\/v2\/comments?post=229921"}],"version-history":[{"count":0,"href":"https:\/\/aromasentia.com\/de\/wp-json\/wp\/v2\/product\/229921\/revisions"}],"wp:featuredmedia":[{"embeddable":true,"href":"https:\/\/aromasentia.com\/de\/wp-json\/wp\/v2\/media\/361172"}],"wp:attachment":[{"href":"https:\/\/aromasentia.com\/de\/wp-json\/wp\/v2\/media?parent=229921"}],"wp:term":[{"taxonomy":"product_brand","embeddable":true,"href":"https:\/\/aromasentia.com\/de\/wp-json\/wp\/v2\/product_brand?post=229921"},{"taxonomy":"product_cat","embeddable":true,"href":"https:\/\/aromasentia.com\/de\/wp-json\/wp\/v2\/product_cat?post=229921"},{"taxonomy":"product_tag","embeddable":true,"href":"https:\/\/aromasentia.com\/de\/wp-json\/wp\/v2\/product_tag?post=229921"}],"curies":[{"name":"wp","href":"https:\/\/api.w.org\/{rel}","templated":true}]}}