{"id":229917,"date":"2025-03-22T16:04:50","date_gmt":"2025-03-22T16:04:50","guid":{"rendered":"https:\/\/aromasentia.com\/product\/wooden-duck-whistle\/"},"modified":"2025-12-30T20:02:01","modified_gmt":"2025-12-30T20:02:01","slug":"entenpfeife-4-gemischt","status":"publish","type":"product","link":"https:\/\/aromasentia.com\/de\/entenpfeife-4-gemischt\/","title":{"rendered":"Entenpfeife &#8211; 4 gemischt"},"content":{"rendered":"<p>Erzeugen Sie charmante Vogelstimmen mit dieser einfachen Entenpfeife aus Holz. Diese handgefertigte, traditionelle Pfeife aus Holz ahmt den Klang einer Ente nach. Sie ist ein lustiges und fesselndes Spielzeug f\u00fcr Kinder, ein ausgefallenes Sammlerst\u00fcck oder ein n\u00fctzliches Werkzeug f\u00fcr Naturliebhaber und J\u00e4ger (wo es angebracht ist). Das nat\u00fcrliche Material und das schlichte Design bieten einen Hauch von rustikalem Charme und eine spielerische Interaktion mit den Ger\u00e4uschen der Wildnis und sorgen f\u00fcr stundenlange Unterhaltung oder praktischen Nutzen.<\/p>\n","protected":false},"excerpt":{"rendered":"<p>Erzeugen Sie charmante Vogelstimmen mit dieser einfachen Entenpfeife aus Holz. Diese handgefertigte, traditionelle Pfeife aus Holz ahmt den Klang einer Ente nach. Sie ist ein lustiges und fesselndes Spielzeug f\u00fcr Kinder, ein ausgefallenes Sammlerst\u00fcck oder ein n\u00fctzliches Werkzeug f\u00fcr Naturliebhaber und J\u00e4ger (wo es angebracht ist). Das nat\u00fcrliche Material und das schlichte Design bieten einen [&hellip;]<\/p>\n","protected":false},"featured_media":361139,"comment_status":"closed","ping_status":"open","template":"","meta":[],"product_brand":[],"product_cat":[14238,14060],"product_tag":[],"class_list":{"0":"post-229917","1":"product","2":"type-product","3":"status-publish","4":"has-post-thumbnail","6":"product_cat-musikinstrumente","7":"product_cat-vintage-geschenke-und-souvenirs","8":"pa_collection-bird-whistles-de","9":"pa_made-in-indonesien","11":"first","12":"instock","13":"purchasable","14":"product-type-simple"},"supplier_id":null,"supplier_sku":"Bwis-01","barcode":null,"atum_controlled":true,"out_stock_date":null,"out_stock_threshold":null,"inheritable":false,"inbound_stock":null,"stock_on_hold":0,"sold_today":0,"sales_last_days":0,"reserved_stock":null,"customer_returns":null,"warehouse_damage":null,"lost_in_post":null,"other_logs":null,"out_stock_days":0,"lost_sales":0,"has_location":null,"update_date":"2026-02-06T14:20:02","atum_locations":[],"atum_stock_status":"instock","restock_status":false,"low_stock_amount":"","sales_update_date":"2025-10-09T03:27:09","calc_backorders":null,"_links":{"self":[{"href":"https:\/\/aromasentia.com\/de\/wp-json\/wp\/v2\/product\/229917","targetHints":{"allow":["GET"]}}],"collection":[{"href":"https:\/\/aromasentia.com\/de\/wp-json\/wp\/v2\/product"}],"about":[{"href":"https:\/\/aromasentia.com\/de\/wp-json\/wp\/v2\/types\/product"}],"replies":[{"embeddable":true,"href":"https:\/\/aromasentia.com\/de\/wp-json\/wp\/v2\/comments?post=229917"}],"version-history":[{"count":0,"href":"https:\/\/aromasentia.com\/de\/wp-json\/wp\/v2\/product\/229917\/revisions"}],"wp:featuredmedia":[{"embeddable":true,"href":"https:\/\/aromasentia.com\/de\/wp-json\/wp\/v2\/media\/361139"}],"wp:attachment":[{"href":"https:\/\/aromasentia.com\/de\/wp-json\/wp\/v2\/media?parent=229917"}],"wp:term":[{"taxonomy":"product_brand","embeddable":true,"href":"https:\/\/aromasentia.com\/de\/wp-json\/wp\/v2\/product_brand?post=229917"},{"taxonomy":"product_cat","embeddable":true,"href":"https:\/\/aromasentia.com\/de\/wp-json\/wp\/v2\/product_cat?post=229917"},{"taxonomy":"product_tag","embeddable":true,"href":"https:\/\/aromasentia.com\/de\/wp-json\/wp\/v2\/product_tag?post=229917"}],"curies":[{"name":"wp","href":"https:\/\/api.w.org\/{rel}","templated":true}]}}