{"id":229901,"date":"2025-03-22T16:04:50","date_gmt":"2025-03-22T16:04:50","guid":{"rendered":"https:\/\/aromasentia.com\/product\/balance-wine-holders-pig\/"},"modified":"2025-12-30T20:01:54","modified_gmt":"2025-12-30T20:01:54","slug":"holz-weinflaschenhalter-schwein","status":"publish","type":"product","link":"https:\/\/aromasentia.com\/de\/holz-weinflaschenhalter-schwein\/","title":{"rendered":"Holz Weinflaschenhalter &#8211; Schwein"},"content":{"rendered":"<p><span style=\"color: rgb(75, 80, 88);\"><strong>Weinhalter aus Suar-Holz \u2013 Schwein<\/strong>balanciert eine einzelne Weinflasche auf jeder flachen Oberfl\u00e4che. Mit seiner <strong>nat\u00fcrlichen Holzoptik<\/strong> ist es perfekt f\u00fcr Souvenirl\u00e4den auf dem Land oder Ihre tierlieben Kunden.<br style=\"color: rgb(114, 114, 114); font-style: normal; font-variant-ligatures: normal; font-variant-caps: normal; font-weight: 400; letter-spacing: normal; orphans: 2; text-align: start; text-indent: 0px; text-transform: none; white-space: normal; widows: 2; word-spacing: 0px; -webkit-text-stroke-width: 0px; text-decoration-thickness: initial; text-decoration-style: initial; text-decoration-color: initial; font-size: 16px; background-color: rgb(255, 255, 255);\"><br style=\"color: rgb(114, 114, 114); Schriftstil: normal; Schriftvarianten-Ligaturen: normal; Schriftvarianten-Gro\u00dfbuchstaben: normal; Schriftst\u00e4rke: 400; Buchstabenabstand: normal; Waisen: 2; Textausrichtung: Start; Texteinzug: 0px; Texttransformation: keine; Leerzeichen: normal; Hurenkinder: 2; Wortabstand: 0px; -WebKit-Textstrichbreite: 0px; Textdekorationsdicke: initial; Textdekorationsstil: initial; Textdekorationsfarbe: initial; Schriftgr\u00f6\u00dfe: 16px; background-color: rgb(255, 255, 255);\">Dieser sch\u00f6ne und ungew\u00f6hnliche Flaschenhalter aus Indonesien vereint moderne Linien und gro\u00dfartige Kunst. Ideal zum Aufbewahren von Flaschen guten Weins oder Oliven\u00f6ls.<br style=\"color: rgb(114, 114, 114); font-style: normal; font-variant-ligatures: normal; font-variant-caps: normal; font-weight: 400; letter-spacing: normal; orphans: 2; text-align: start; text-indent: 0px; text-transform: none; white-space: normal; widows: 2; word-spacing: 0px; -webkit-text-stroke-width: 0px; text-decoration-thickness: initial; text-decoration-style: initial; text-decoration-color: initial; font-size: 16px; Hintergrundfarbe: rgb(255, 255, 255);\"><br style=\"Farbe: rgb(114, 114, 114); Schriftstil: normal; Schriftvarianten-Ligaturen: normal; Schriftvarianten-Gro\u00dfbuchstaben: normal; Schriftst\u00e4rke: 400; Buchstabenabstand: normal; Waisen: 2; Textausrichtung: Start; Texteinzug: 0px; Texttransformation: keine; Leerzeichen: normal; Hurenkinder: 2; Wortabstand: 0px; -webkit-Textstrichbreite: 0px; Textdekorationsst\u00e4rke: initial; Textdekorationsstil: initial; Textdekorationsfarbe: initial; Schriftgr\u00f6\u00dfe: 16px; background-color: rgb(255, 255, 255);\">Jeder Halter sorgt f\u00fcr Gespr\u00e4chsstoff am Esstisch oder wo auch immer er ausgestellt wird. Handgefertigt aus nat\u00fcrlichem, hochwertigem Suar-Holz, betont er die einzigartigen Holzmuster.<br style=\"color: rgb(114, 114, 114); font-style: normal; font-variant-ligatures: normal; font-variant-caps: normal; font-weight: 400; letter-spacing: normal; orphans: 2; text-align: start; text-indent: 0px; text-transform: none; white-space: normal; widows: 2; word-spacing: 0px; -webkit-text-stroke-width: 0px; text-decoration-thickness: initial; text-decoration-style: initial; text-decoration-color: initial; font-size: 16px; Hintergrundfarbe: rgb(255, 255, 255);\"><br style=\"Farbe: rgb(114, 114, 114); Schriftstil: normal; Schriftvarianten-Ligaturen: normal; Schriftvarianten-Gro\u00dfbuchstaben: normal; Schriftst\u00e4rke: 400; Buchstabenabstand: normal; Waisen: 2; Textausrichtung: Start; Texteinzug: 0px; Texttransformation: keine; Leerzeichen: normal; Hurenkinder: 2; Wortabstand: 0px; -webkit-Textstrichbreite: 0px; Textdekorationsst\u00e4rke: initial; Textdekorationsstil: initial; Textdekorationsfarbe: initial; Schriftgr\u00f6\u00dfe: 16px; background-color: rgb(255, 255, 255);\"><strong>Hinweis:<\/strong> Dies ist ein sehr seltenes Produkt, von dem unsere Handwerker nur eine begrenzte Menge herstellen k\u00f6nnen. Daher k\u00f6nnen wir nicht garantieren, dass es immer auf Lager ist. Sie sind alle sorgf\u00e4ltig aus einem St\u00fcck Holz geschnitzt (mit Ausnahme der Schneckenaugen), was ein sch\u00f6nes Detail und einen Weinhalter der besseren Klasse ergibt.<br style=\"color: rgb(114, 114, 114); font-family: Raleway, sans-serif; font-size: 15px; font-style: normal; font-variant-ligatures: normal; font-variant-caps: normal; font-weight: 400; letter-spacing: normal; orphans: 2; text-align: start; text-indent: 0px; text-transform: none; white-space: normal; Hurenkinder: 2; Wortabstand: 0px; -webkit-Textstrichbreite: 0px; Hintergrundfarbe: rgb(255, 255, 255); Textdekorationsdicke: initial; Textdekorationsstil: initial; Textdekorationsfarbe: initial;\"><br style=\"Farbe: rgb(114, 114, 114); Schriftfamilie: Raleway, serifenlos; Schriftgr\u00f6\u00dfe: 15px; Schriftstil: normal; Schriftvariantenligaturen: normal; Schriftvariantengro\u00dfbuchstaben: normal; Schriftst\u00e4rke: 400; Buchstabenabstand: normal; Waisenkinder: 2; Textausrichtung: Start; Texteinzug: 0px; Texttransformation: keine; Leerzeichen: normal; Hurenkinder: 2; Wortabstand: 0px; -webkit-text-stroke-width: 0px; background-color: rgb(255, 255, 255); text-decoration-thickness: initial; text-decoration-style: initial; text-decoration-color: initial;\">Zur Pflege dieses Artikels wischen Sie ihn von Zeit zu Zeit mit einem feuchten Tuch ab und bestreichen Sie ihn gelegentlich mit ein paar Tropfen Oliven\u00f6l, um seine Geschmeidigkeit zu erhalten und ein Austrocknen des Holzes zu verhindern. Der richtige Lagerwinkel der Weinflasche wird erreicht, indem der Flaschenhals ganz oder teilweise in die \u00d6ffnung eingepasst wird. Der Weinhalter wird ohne Weinflasche geliefert&#8230;&nbsp;<\/span><\/p>\n<p><span style=\"color: rgb(141, 186, 216);\"><strong>Erg\u00e4nzen Sie Ihr Produktportfolio noch heute und geben Sie Ihrem E-Shop-Umsatz mindestens einen Schluck nach dem anderen =)&nbsp;<\/strong><\/span><\/p>\n","protected":false},"excerpt":{"rendered":"<p>Weinhalter aus Suar-Holz \u2013 Schweinbalanciert eine einzelne Weinflasche auf jeder flachen Oberfl\u00e4che. Mit seiner nat\u00fcrlichen Holzoptik ist es perfekt f\u00fcr Souvenirl\u00e4den auf dem Land oder Ihre tierlieben Kunden.Dieser sch\u00f6ne und ungew\u00f6hnliche Flaschenhalter aus Indonesien vereint moderne Linien und gro\u00dfartige Kunst. Ideal zum Aufbewahren von Flaschen guten Weins oder Oliven\u00f6ls.Jeder Halter sorgt f\u00fcr Gespr\u00e4chsstoff am Esstisch [&hellip;]<\/p>\n","protected":false},"featured_media":361103,"comment_status":"closed","ping_status":"open","template":"","meta":[],"product_brand":[],"product_cat":[14451,16991],"product_tag":[],"class_list":{"0":"post-229901","1":"product","2":"type-product","3":"status-publish","4":"has-post-thumbnail","6":"product_cat-haus-und-gartendeko","7":"product_cat-kuche-und-zubehor","8":"pa_collection-suar-wood-balance-wine-holders-de","9":"pa_made-in-indonesien","11":"first","12":"outofstock","13":"purchasable","14":"product-type-simple"},"supplier_id":null,"supplier_sku":"BWH-08","barcode":null,"atum_controlled":true,"out_stock_date":"2025-09-04 22:09:23","out_stock_threshold":null,"inheritable":false,"inbound_stock":null,"stock_on_hold":0,"sold_today":0,"sales_last_days":0,"reserved_stock":null,"customer_returns":null,"warehouse_damage":null,"lost_in_post":null,"other_logs":null,"out_stock_days":34,"lost_sales":0,"has_location":null,"update_date":"2026-02-12T05:47:04","atum_locations":[],"atum_stock_status":"outofstock","restock_status":false,"low_stock_amount":"","sales_update_date":"2025-10-09T03:27:08","calc_backorders":null,"_links":{"self":[{"href":"https:\/\/aromasentia.com\/de\/wp-json\/wp\/v2\/product\/229901","targetHints":{"allow":["GET"]}}],"collection":[{"href":"https:\/\/aromasentia.com\/de\/wp-json\/wp\/v2\/product"}],"about":[{"href":"https:\/\/aromasentia.com\/de\/wp-json\/wp\/v2\/types\/product"}],"replies":[{"embeddable":true,"href":"https:\/\/aromasentia.com\/de\/wp-json\/wp\/v2\/comments?post=229901"}],"version-history":[{"count":0,"href":"https:\/\/aromasentia.com\/de\/wp-json\/wp\/v2\/product\/229901\/revisions"}],"wp:featuredmedia":[{"embeddable":true,"href":"https:\/\/aromasentia.com\/de\/wp-json\/wp\/v2\/media\/361103"}],"wp:attachment":[{"href":"https:\/\/aromasentia.com\/de\/wp-json\/wp\/v2\/media?parent=229901"}],"wp:term":[{"taxonomy":"product_brand","embeddable":true,"href":"https:\/\/aromasentia.com\/de\/wp-json\/wp\/v2\/product_brand?post=229901"},{"taxonomy":"product_cat","embeddable":true,"href":"https:\/\/aromasentia.com\/de\/wp-json\/wp\/v2\/product_cat?post=229901"},{"taxonomy":"product_tag","embeddable":true,"href":"https:\/\/aromasentia.com\/de\/wp-json\/wp\/v2\/product_tag?post=229901"}],"curies":[{"name":"wp","href":"https:\/\/api.w.org\/{rel}","templated":true}]}}