{"id":229889,"date":"2025-03-22T16:04:50","date_gmt":"2025-03-22T16:04:50","guid":{"rendered":"https:\/\/aromasentia.com\/product\/balance-wine-holders-dolphin\/"},"modified":"2025-12-30T20:01:54","modified_gmt":"2025-12-30T20:01:54","slug":"balance-weinhalter-delphin","status":"publish","type":"product","link":"https:\/\/aromasentia.com\/de\/balance-weinhalter-delphin\/","title":{"rendered":"Balance Weinhalter &#8211; Delphin"},"content":{"rendered":"<p>Schauen Sie sich diesen perfekten, ausbalancierten <strong>Weinflaschenhalter \u2013 Delphin<\/strong> aus Holz an. Da die gesamte Produktreihe unterschiedliche Tiere zeigt, ist jeder Weinhalter ein zauberhaftes Geschenk f\u00fcr jeden Anlass.<br style=\"color: rgb(114, 114, 114); font-family: Ubuntu, sans-serif; font-size: 16px; font-style: normal; font-variant-ligatures: normal; font-variant-caps: normal; font-weight: 400; letter-spacing: normal; orphans: 2; text-align: start; text-indent: 0px; text-transform: none; white-space: normal; widows: 2; word-spacing: 0px; -webkit-text-stroke-width: 0px; text-decoration-style: initial; text-decoration-color: initial; background-color: rgb(255, 255, 255);\">Diese wundersch\u00f6nen und ungew\u00f6hnlichen Flaschenhalter aus Indonesien vereinen moderne Linien und gro\u00dfartige Kunst. Ideal zum Aufbewahren von Flaschen guten Weins oder Oliven\u00f6ls.<br style=\"color: rgb(114, 114, 114); font-family: Ubuntu, sans-serif; font-size: 16px; font-style: normal; font-variant-ligatures: normal; font-variant-caps: normal; font-weight: 400; letter-spacing: normal; orphans: 2; text-align: start; text-indent: 0px; text-transform: none; white-space: normal; widows: 2; word-spacing: 0px; -webkit-text-stroke-width: 0px; text-decoration-style: initial; text-decoration-color: initial; background-color: rgb(255, 255, 255);\">Jeder von ihnen wird beim Esstisch oder wo auch immer sie ausgestellt werden, f\u00fcr Gespr\u00e4chsstoff sorgen. Handgefertigt aus nat\u00fcrlichem, hochwertigem Suar-Holz, betont es die einzigartigen Holzmuster.<br style=\"color: rgb(114, 114, 114); font-family: Ubuntu, sans-serif; font-size: 16px; font-style: normal; font-variant-ligatures: normal; font-variant-caps: normal; font-weight: 400; letter-spacing: normal; orphans: 2; text-align: start; text-indent: 0px; text-transform: none; white-space: normal; widows: 2; word-spacing: 0px; -webkit-text-stroke-width: 0px; text-decoration-style: initial; text-decoration-color: initial; background-color: rgb(255, 255, 255);\"><br style=\"color: rgb(114, 114, 114); Schriftfamilie: Ubuntu, serifenlos; Schriftgr\u00f6\u00dfe: 16px; Schriftstil: normal; Schriftvarianten-Ligaturen: normal; Schriftvarianten-Gro\u00dfbuchstaben: normal; Schriftst\u00e4rke: 400; Buchstabenabstand: normal; Waisen: 2; Textausrichtung: Start; Texteinzug: 0px; Texttransformation: keine; Leerzeichen: normal; Hurenkinder: 2; Wortabstand: 0px; -webkit-Textstrichbreite: 0px; Textdekorationsstil: initial; Textdekorationsfarbe: initial; Hintergrundfarbe: rgb(255, 255, 255);\">Hinweis: Dies ist ein sehr seltenes Produkt, von dem unsere Handwerker nur eine begrenzte Menge herstellen k\u00f6nnen. Wir k\u00f6nnen daher nicht garantieren, dass es immer auf Lager ist. Sie sind alle sorgf\u00e4ltig aus einem St\u00fcck Holz geschnitzt (mit Ausnahme der Schneckenaugen), was ein sch\u00f6nes Detail und einen Weinhalter der besseren Klasse darstellt.&nbsp;<\/p>\n","protected":false},"excerpt":{"rendered":"<p>Schauen Sie sich diesen perfekten, ausbalancierten Weinflaschenhalter \u2013 Delphin aus Holz an. Da die gesamte Produktreihe unterschiedliche Tiere zeigt, ist jeder Weinhalter ein zauberhaftes Geschenk f\u00fcr jeden Anlass.Diese wundersch\u00f6nen und ungew\u00f6hnlichen Flaschenhalter aus Indonesien vereinen moderne Linien und gro\u00dfartige Kunst. Ideal zum Aufbewahren von Flaschen guten Weins oder Oliven\u00f6ls.Jeder von ihnen wird beim Esstisch oder [&hellip;]<\/p>\n","protected":false},"featured_media":361012,"comment_status":"closed","ping_status":"open","template":"","meta":{"_angie_page":false},"product_brand":[],"product_cat":[14451,16991],"product_tag":[],"class_list":{"0":"post-229889","1":"product","2":"type-product","3":"status-publish","4":"has-post-thumbnail","6":"product_cat-haus-und-gartendeko","7":"product_cat-kuche-und-zubehor","8":"pa_collection-suar-wood-balance-wine-holders-de","9":"pa_made-in-indonesien","11":"first","12":"instock","13":"purchasable","14":"product-type-simple"},"supplier_id":null,"supplier_sku":"BWH-03","barcode":null,"atum_controlled":true,"out_stock_date":null,"out_stock_threshold":null,"inheritable":false,"inbound_stock":null,"stock_on_hold":0,"sold_today":0,"sales_last_days":0,"reserved_stock":null,"customer_returns":null,"warehouse_damage":null,"lost_in_post":null,"other_logs":null,"out_stock_days":0,"lost_sales":0,"has_location":null,"update_date":"2026-05-08T05:06:07","atum_locations":[],"atum_stock_status":"instock","restock_status":false,"low_stock_amount":"","sales_update_date":"2026-01-30T01:24:58","calc_backorders":null,"_links":{"self":[{"href":"https:\/\/aromasentia.com\/de\/wp-json\/wp\/v2\/product\/229889","targetHints":{"allow":["GET"]}}],"collection":[{"href":"https:\/\/aromasentia.com\/de\/wp-json\/wp\/v2\/product"}],"about":[{"href":"https:\/\/aromasentia.com\/de\/wp-json\/wp\/v2\/types\/product"}],"replies":[{"embeddable":true,"href":"https:\/\/aromasentia.com\/de\/wp-json\/wp\/v2\/comments?post=229889"}],"version-history":[{"count":0,"href":"https:\/\/aromasentia.com\/de\/wp-json\/wp\/v2\/product\/229889\/revisions"}],"wp:featuredmedia":[{"embeddable":true,"href":"https:\/\/aromasentia.com\/de\/wp-json\/wp\/v2\/media\/361012"}],"wp:attachment":[{"href":"https:\/\/aromasentia.com\/de\/wp-json\/wp\/v2\/media?parent=229889"}],"wp:term":[{"taxonomy":"product_brand","embeddable":true,"href":"https:\/\/aromasentia.com\/de\/wp-json\/wp\/v2\/product_brand?post=229889"},{"taxonomy":"product_cat","embeddable":true,"href":"https:\/\/aromasentia.com\/de\/wp-json\/wp\/v2\/product_cat?post=229889"},{"taxonomy":"product_tag","embeddable":true,"href":"https:\/\/aromasentia.com\/de\/wp-json\/wp\/v2\/product_tag?post=229889"}],"curies":[{"name":"wp","href":"https:\/\/api.w.org\/{rel}","templated":true}]}}