{"id":229865,"date":"2025-03-22T16:04:50","date_gmt":"2025-03-22T16:04:50","guid":{"rendered":"https:\/\/aromasentia.com\/product\/bw-double-cotton-bedspread-wall-hanging-lotus-flower\/"},"modified":"2025-12-30T20:01:46","modified_gmt":"2025-12-30T20:01:46","slug":"bw-doppelte-tagesdecke-aus-baumwolle-wandbehang-lotus-flower","status":"publish","type":"product","link":"https:\/\/aromasentia.com\/de\/bw-doppelte-tagesdecke-aus-baumwolle-wandbehang-lotus-flower\/","title":{"rendered":"B&#038;W Doppelte Tagesdecke aus Baumwolle \/ Wandbehang &#8211; Lotus Flower"},"content":{"rendered":"<p>Diese Aroma Sentia-pping <strong>Schwarz-wei\u00dfe Doppel-Tagesdecke aus Baumwolle \u2013 Lotusblume<\/strong> ist ein wahres Kunstwerk. Das Design ist voller symbolischer Bedeutungen aus alten indischen Traditionen und wurde von Hand gedruckt, daher k\u00f6nnen kleine Unregelm\u00e4\u00dfigkeiten auftreten. Nicht zu verwechseln mit billiger, maschinengedruckter Massenware.<\/p>\n<p>Die Designs sind in Schwarz-Wei\u00df gehalten, von hoher Qualit\u00e4t und wundersch\u00f6n gestaltet.<\/p>\n<p>Da es sich um eine einzigartige und handgefertigte Tagesdecke handelt, k\u00f6nnen die Ma\u00dfe leicht abweichen.<\/p>\n<p><strong>Material<\/strong>: 100 % Baumwolle \u2013 Hergestellt in Indien<\/p>\n<p><strong>Gr\u00f6\u00dfe<\/strong>: H\u00f6he: 230 cm, L\u00e4nge: 200 cm<\/p>\n","protected":false},"excerpt":{"rendered":"<p>Diese Aroma Sentia-pping Schwarz-wei\u00dfe Doppel-Tagesdecke aus Baumwolle \u2013 Lotusblume ist ein wahres Kunstwerk. Das Design ist voller symbolischer Bedeutungen aus alten indischen Traditionen und wurde von Hand gedruckt, daher k\u00f6nnen kleine Unregelm\u00e4\u00dfigkeiten auftreten. Nicht zu verwechseln mit billiger, maschinengedruckter Massenware. Die Designs sind in Schwarz-Wei\u00df gehalten, von hoher Qualit\u00e4t und wundersch\u00f6n gestaltet. Da es sich [&hellip;]<\/p>\n","protected":false},"featured_media":360847,"comment_status":"closed","ping_status":"open","template":"","meta":{"_angie_page":false},"product_brand":[],"product_cat":[16872,18111],"product_tag":[],"class_list":{"0":"post-229865","1":"product","2":"type-product","3":"status-publish","4":"has-post-thumbnail","6":"product_cat-textilien","7":"product_cat-wandbehange","8":"pa_collection-black-and-white-double-cotton-bedspread-de","9":"pa_made-in-indien","11":"first","12":"instock","13":"purchasable","14":"product-type-simple"},"supplier_id":null,"supplier_sku":"BWCB-05","barcode":null,"atum_controlled":true,"out_stock_date":null,"out_stock_threshold":null,"inheritable":false,"inbound_stock":null,"stock_on_hold":0,"sold_today":0,"sales_last_days":0,"reserved_stock":null,"customer_returns":null,"warehouse_damage":null,"lost_in_post":null,"other_logs":null,"out_stock_days":0,"lost_sales":0,"has_location":null,"update_date":"2026-04-27T06:55:53","atum_locations":[],"atum_stock_status":"instock","restock_status":false,"low_stock_amount":"","sales_update_date":"2026-02-06T00:01:21","calc_backorders":null,"_links":{"self":[{"href":"https:\/\/aromasentia.com\/de\/wp-json\/wp\/v2\/product\/229865","targetHints":{"allow":["GET"]}}],"collection":[{"href":"https:\/\/aromasentia.com\/de\/wp-json\/wp\/v2\/product"}],"about":[{"href":"https:\/\/aromasentia.com\/de\/wp-json\/wp\/v2\/types\/product"}],"replies":[{"embeddable":true,"href":"https:\/\/aromasentia.com\/de\/wp-json\/wp\/v2\/comments?post=229865"}],"version-history":[{"count":0,"href":"https:\/\/aromasentia.com\/de\/wp-json\/wp\/v2\/product\/229865\/revisions"}],"wp:featuredmedia":[{"embeddable":true,"href":"https:\/\/aromasentia.com\/de\/wp-json\/wp\/v2\/media\/360847"}],"wp:attachment":[{"href":"https:\/\/aromasentia.com\/de\/wp-json\/wp\/v2\/media?parent=229865"}],"wp:term":[{"taxonomy":"product_brand","embeddable":true,"href":"https:\/\/aromasentia.com\/de\/wp-json\/wp\/v2\/product_brand?post=229865"},{"taxonomy":"product_cat","embeddable":true,"href":"https:\/\/aromasentia.com\/de\/wp-json\/wp\/v2\/product_cat?post=229865"},{"taxonomy":"product_tag","embeddable":true,"href":"https:\/\/aromasentia.com\/de\/wp-json\/wp\/v2\/product_tag?post=229865"}],"curies":[{"name":"wp","href":"https:\/\/api.w.org\/{rel}","templated":true}]}}